{"id":36977,"date":"2024-10-21T08:42:52","date_gmt":"2024-10-21T06:42:52","guid":{"rendered":"https:\/\/fllux.shop\/voorwaarden-condities\/"},"modified":"2026-03-28T14:51:57","modified_gmt":"2026-03-28T13:51:57","slug":"voorwaarden-condities","status":"publish","type":"page","link":"https:\/\/fllux.shop\/nl\/voorwaarden-condities\/","title":{"rendered":"Voorwaarden &#038; Condities"},"content":{"rendered":"\t\t<div data-elementor-type=\"wp-page\" data-elementor-id=\"36977\" class=\"elementor elementor-36977 elementor-27800\" data-elementor-post-type=\"page\">\n\t\t\t\t<div class=\"elementor-element elementor-element-89ad6d0 e-flex e-con-boxed e-con e-parent\" data-id=\"89ad6d0\" data-element_type=\"container\" data-e-type=\"container\">\n\t\t\t\t\t<div class=\"e-con-inner\">\n\t\t\t\t<div class=\"elementor-element elementor-element-248d3d4 elementor-widget elementor-widget-text-editor\" data-id=\"248d3d4\" data-element_type=\"widget\" data-e-type=\"widget\" data-widget_type=\"text-editor.default\">\n\t\t\t\t\t\t\t\t\t<h1>Algemene voorwaarden van fllux.shop<\/h1><br><br><p><strong>Contractspartij is Absaugrohre GmbH, Kirchstrasse 30, 87789 Woringen, ingeschreven in het handelsregister van het Amtsgericht Memmingen onder HRB 21749.<\/strong><\/p><br><br><p>Deze algemene voorwaarden zijn van toepassing op:<\/p><br><ul>\r\n  <li>het gebruik van de dienst en de toegang tot deze website; en<\/li>\r\n  <li>elke andere daarmee samenhangende overeenkomst of rechtsverhouding met de Aanbieder.<\/li>\r\n<\/ul><br><br><p>Deze algemene voorwaarden zijn juridisch bindend. Gedefinieerde termen zijn opgenomen in de relevante onderdelen van dit document.<\/p><br><p>Gebruikers wordt aangeraden dit document zorgvuldig te lezen.<\/p><br><br><p>Deze website wordt ge\u00ebxploiteerd door:<\/p><br><p>\r\n  <strong>Absaugrohre GmbH<\/strong><br>\r\n  Kirchstrasse 30<br>\r\n  87789 Woringen<br>\r\n  Duitsland<br>\r\n  Handelsregister: Amtsgericht Memmingen<br>\r\n  HRB 21749<br>\r\n  Directeur: Jeroen Zweegers<br>\r\n  Btw-nummer: DE455554933<br>\r\n  Telefoon: +49 (0) 7354 \/ 9367767<br>\r\n  E-mail: <a href=\"mailto:shop@absaugrohre.com\">shop@absaugrohre.com<\/a><br>\r\n  Website: <a href=\"https:\/\/www.absaugrohre.com\" target=\"_blank\" rel=\"noopener noreferrer\">www.absaugrohre.com<\/a>\r\n<\/p><br><br><p>In deze algemene voorwaarden wordt Absaugrohre GmbH aangeduid als de \u201cAanbieder\u201d.<\/p><br><br><h2>Belangrijke informatie<\/h2><br><p>Sommige bepalingen van deze algemene voorwaarden kunnen uitsluitend van toepassing zijn op bepaalde categorie\u00ebn gebruikers, zoals consumenten of zakelijke klanten. Iedere dergelijke beperking wordt uitdrukkelijk vermeld in de betreffende bepaling. Als een dergelijke verwijzing ontbreekt, is de bepaling van toepassing op alle gebruikers.<\/p><br><p>Het wettelijke herroepingsrecht geldt uitsluitend voor consumenten die daarop op grond van het toepasselijke recht aanspraak kunnen maken.<\/p><br><br><h2>Gebruiksvoorwaarden<\/h2><br><p>Tenzij anders vermeld, zijn de voorwaarden in deze sectie van toepassing op de toegang tot deze website.<\/p><br><p>Specifieke of aanvullende voorwaarden kunnen in bepaalde gevallen van toepassing zijn en worden in dit document uitdrukkelijk vermeld.<\/p><br><p>Door gebruik te maken van de dienst bevestigen gebruikers dat zij aan de volgende voorwaarden voldoen:<\/p><br><ul>\r\n  <li>gebruikers kunnen consumenten of zakelijke klanten zijn; en<\/li>\r\n  <li>gebruikers kunnen een account aanmaken wanneer deze functionaliteit beschikbaar is.<\/li>\r\n<\/ul><br><br><p>Gebruikers kunnen zich registreren of een account aanmaken om van de dienst gebruik te maken door alle vereiste gegevens volledig en naar waarheid te verstrekken.<\/p><br><p>De dienst kan mogelijk ook zonder registratie worden gebruikt, hoewel bepaalde functies dan beperkt kunnen zijn.<\/p><br><p>Gebruikers zijn verantwoordelijk voor het veilig en vertrouwelijk bewaren van hun inloggegevens. Gebruikers moeten daarom een wachtwoord kiezen dat voldoet aan de hoogste beveiligingsnormen die op deze website beschikbaar zijn.<\/p><br><p>Door zich te registreren aanvaarden gebruikers de verantwoordelijkheid voor alle handelingen die met hun gebruikersnaam en wachtwoord worden verricht.<\/p><br><p>Gebruikers moeten de Aanbieder onmiddellijk informeren wanneer zij vermoeden dat hun persoonsgegevens, gebruikersaccount of inloggegevens zijn geschonden, openbaar gemaakt of gestolen.<\/p><br><br><h2>Be\u00ebindiging van gebruikersaccounts<\/h2><br><p>Gebruikersaccounts kunnen op elk moment worden verwijderd door contact op te nemen met de Aanbieder via de contactgegevens die in deze algemene voorwaarden zijn vermeld.<\/p><br><br><h2>Opschorting en verwijdering van gebruikersaccounts<\/h2><br><p>De Aanbieder behoudt zich het recht voor om gebruikersaccounts naar eigen goeddunken op te schorten of te verwijderen indien deze als ongepast, beledigend of in strijd met deze algemene voorwaarden worden beschouwd.<\/p><br><p>De opschorting of verwijdering van een gebruikersaccount geeft geen recht op schadevergoeding, compensatie of terugbetaling.<\/p><br><p>Opschorting of verwijdering van een account wegens een overtreding door de gebruiker ontslaat de gebruiker niet van eventuele betalingsverplichtingen tegenover de Aanbieder.<\/p><br><br><h2>Inhoud beschikbaar op deze website<\/h2><br><p>Tenzij anders vermeld of duidelijk herkenbaar, is alle op deze website beschikbare inhoud eigendom van de Aanbieder of onder licentie in gebruik bij de Aanbieder.<\/p><br><p>De Aanbieder doet redelijke inspanningen om ervoor te zorgen dat de inhoud op deze website geen inbreuk maakt op toepasselijke wetgeving of rechten van derden. Een dergelijk resultaat kan echter niet altijd worden gegarandeerd.<\/p><br><p>In dergelijke gevallen worden gebruikers verzocht klachten te melden via de contactgegevens in dit document.<\/p><br><br><h2>Rechten op de inhoud van deze website<\/h2><br><p>Alle rechten op de inhoud blijven voorbehouden aan de Aanbieder.<\/p><br><p>Gebruikers mogen de inhoud uitsluitend gebruiken voor zover dat noodzakelijk is voor het correcte gebruik van de dienst of anderszins uitdrukkelijk is toegestaan.<\/p><br><p>Het is gebruikers niet toegestaan inhoud te reproduceren, downloaden, verspreiden, wijzigen, vertalen of publiceren buiten de grenzen die in deze algemene voorwaarden of bij wet uitdrukkelijk zijn toegestaan.<\/p><br><p>Wanneer dit op deze website uitdrukkelijk is aangegeven, mogen gebruikers geselecteerde inhoud downloaden, reproduceren of delen voor persoonlijk en niet-commercieel gebruik, mits alle auteursrechtelijke en andere eigendomsvermeldingen behouden blijven.<\/p><br><p>Wettelijke beperkingen en uitzonderingen blijven onverlet.<\/p><br><br><h2>Toegang tot externe bronnen<\/h2><br><p>Gebruikers kunnen via deze website toegang krijgen tot externe bronnen die door derden worden aangeboden. Gebruikers erkennen en aanvaarden dat de Aanbieder geen controle heeft over dergelijke bronnen en niet verantwoordelijk is voor de inhoud of beschikbaarheid daarvan.<\/p><br><p>De voorwaarden waaronder dergelijke bronnen van derden beschikbaar worden gesteld, inclusief eventuele gebruiksrechten, worden bepaald door de betreffende derde of door het toepasselijke recht.<\/p><br><br><h2>Toegestaan gebruik<\/h2><br><p>Deze website en de dienst mogen uitsluitend worden gebruikt in overeenstemming met deze algemene voorwaarden en het toepasselijke recht.<\/p><br><p>Gebruikers zijn er zelf verantwoordelijk voor dat hun toegang tot en gebruik van de dienst geen wetten, voorschriften of rechten van derden schendt.<\/p><br><p>De Aanbieder behoudt zich het recht voor om alle passende maatregelen te nemen ter bescherming van zijn gerechtvaardigde belangen, waaronder het weigeren van toegang tot de dienst of het be\u00ebindigen van overeenkomsten indien gebruikers de wet, rechten van derden of deze algemene voorwaarden schenden.<\/p><br><br><h2>Verkoopvoorwaarden<\/h2><br><br><h3>Verstrekking van persoonsgegevens<\/h3><br><p>Om toegang te krijgen tot of gebruik te maken van bepaalde via deze website aangeboden producten of diensten, kan van gebruikers worden verlangd dat zij persoonsgegevens verstrekken overeenkomstig de vereisten van deze website.<\/p><br><br><h3>Betaalde producten<\/h3><br><p>Sommige producten die via deze website beschikbaar zijn, worden tegen betaling aangeboden.<\/p><br><p>Prijzen, betalingsvoorwaarden en andere toepasselijke voorwaarden worden op deze website beschreven.<\/p><br><br><h3>Productbeschrijving<\/h3><br><p>Prijzen, beschrijvingen en beschikbaarheid van producten worden weergegeven in de relevante secties van deze website en kunnen van tijd tot tijd wijzigen.<\/p><br><p>Hoewel producten met de grootst mogelijke technische nauwkeurigheid worden weergegeven, zijn voorstellingen op deze website, waaronder afbeeldingen, kleuren, geluiden of grafische elementen, uitsluitend bedoeld ter illustratie en vormen zij geen garantie met betrekking tot de kenmerken van het gekochte product.<\/p><br><p>De kenmerken van het geselecteerde product worden tijdens het aankoopproces beschreven.<\/p><br><br><h3>Aankoopproces<\/h3><br><p>Het aankoopproces omvat de volgende stappen:<\/p><br><ul>\r\n  <li>de gebruiker selecteert het gewenste product en controleert het besteloverzicht; en<\/li>\r\n  <li>na controle van de bestelgegevens dient de gebruiker de bestelling in via de bindende bestelknop.<\/li>\r\n<\/ul><br><br><h3>Plaatsen van een bestelling<\/h3><br><p>Wanneer een gebruiker een bestelling plaatst, geldt het volgende:<\/p><br><ul>\r\n  <li>het plaatsen van een bestelling vormt een aanbod tot het sluiten van een overeenkomst voor de geselecteerde producten of diensten;<\/li>\r\n  <li>wanneer de bestelling wordt geplaatst via een knop of vergelijkbare functie, moet die knop duidelijk aangeven dat de bestelling een betalingsverplichting inhoudt;<\/li>\r\n  <li>indien de bestelling wordt aanvaard, is de gebruiker verplicht de vermelde koopprijs, eventuele belastingen en alle aanvullende kosten te betalen die v\u00f3\u00f3r het indienen van de bestelling zijn weergegeven.<\/li>\r\n<\/ul><br><br><h3>Prijzen<\/h3><br><p>Gebruikers worden tijdens het aankoopproces en v\u00f3\u00f3r het plaatsen van de bestelling ge\u00efnformeerd over alle kosten, belastingen, verzendkosten en andere kosten die in rekening kunnen worden gebracht.<\/p><br><br><h3>Betaalmethoden<\/h3><br><p>Informatie over de geaccepteerde betaalmethoden wordt tijdens het aankoopproces verstrekt.<\/p><br><p>Betalingen worden verwerkt door externe betalingsdienstaanbieders. Deze website slaat daarom zelf geen betaalgegevens op, zoals volledige creditcardinformatie.<\/p><br><br><h3>Eigendomsvoorbehoud<\/h3><br><p>De Aanbieder behoudt zich de eigendom van de geleverde goederen voor totdat volledige betaling is ontvangen.<\/p><br><br><h3>Levering<\/h3><br><p>Leveringen worden uitgevoerd naar het adres dat de gebruiker tijdens het bestelproces heeft opgegeven.<\/p><br><br><h3>Mislukte levering<\/h3><br><p>De Aanbieder is niet verantwoordelijk voor leveringsfouten die zijn veroorzaakt door onjuiste of onvolledige informatie die door de gebruiker is verstrekt.<\/p><br><p>Zodra de goederen aan de vervoerder zijn overgedragen, gaat het risico over overeenkomstig de toepasselijke wettelijke bepalingen.<\/p><br><br><h2>Rechten van gebruikers<\/h2><br><br><h3>Herroepingsrecht<\/h3><br><p>Indien de gebruiker consument is, kan hij of zij op grond van het toepasselijke recht beschikken over een wettelijk herroepingsrecht voor overeenkomsten op afstand.<\/p><br><p>Voor zover het wettelijke herroepingsrecht van toepassing is, bedraagt de herroepingstermijn 14 dagen vanaf het wettelijk bepaalde tijdstip en kan de gebruiker zonder opgave van redenen herroepen.<\/p><br><p>Nadere informatie over het herroepingsrecht, waaronder voorwaarden, termijnen en wijze van uitoefening, moet worden opgenomen in het afzonderlijke herroepingsbeleid.<\/p><br><br><h3>Vrijwillig retourbeleid<\/h3><br><p>Indien de Aanbieder een vrijwillig retourbeleid aanbiedt dat verder gaat dan het wettelijke herroepingsrecht, geldt dit aanvullend op de wettelijke rechten van consumenten en beperkt het deze niet.<\/p><br><p>Indien aangeboden, kunnen gebruikers goederen binnen 30 dagen na ontvangst retourneren. De Aanbieder draagt de kosten van retourzending, en terugbetalingen worden uitgevoerd met hetzelfde betaalmiddel dat voor de oorspronkelijke transactie is gebruikt, tenzij anders is overeengekomen.<\/p><br><p>Er worden geen herbevoorradingskosten in rekening gebracht voor retourzendingen die in overeenstemming met het toepasselijke retourbeleid plaatsvinden.<\/p><br><br><h2>Aansprakelijkheid en vrijwaring<\/h2><br><p>De Aanbieder is uitsluitend aansprakelijk overeenkomstig de toepasselijke wettelijke bepalingen.<\/p><br><p>Niets in deze algemene voorwaarden sluit aansprakelijkheid uit of beperkt deze voor zover een dergelijke uitsluiting of beperking wettelijk niet is toegestaan, waaronder aansprakelijkheid voor opzet, grove nalatigheid, letsel aan leven, lichaam of gezondheid, of aansprakelijkheid op grond van dwingend productaansprakelijkheidsrecht.<\/p><br><p>Gebruikers verbinden zich ertoe de Aanbieder te vrijwaren en schadeloos te stellen tegen alle aanspraken van derden die voortvloeien uit onrechtmatig gebruik van de dienst door de gebruiker, schending van rechten van derden of overtreding van deze algemene voorwaarden, voor zover de gebruiker daarvoor verantwoordelijk is.<\/p><br><br><h2>Wijzigingen van deze algemene voorwaarden<\/h2><br><p>De Aanbieder behoudt zich het recht voor deze algemene voorwaarden op elk moment te wijzigen.<\/p><br><p>Gebruikers worden op passende wijze ge\u00efnformeerd over wezenlijke wijzigingen. Voortgezet gebruik van de dienst nadat de wijzigingen van kracht zijn geworden, geldt als aanvaarding van de gewijzigde algemene voorwaarden, tenzij dwingend recht anders bepaalt.<\/p><br><br><h2>Toepasselijk recht<\/h2><br><p>Op deze algemene voorwaarden is het recht van de Bondsrepubliek Duitsland van toepassing, met uitsluiting van het Weens Koopverdrag (CISG).<\/p><br><p>Indien de gebruiker consument is, blijven dwingende consumentenbeschermingsbepalingen van het land waar de consument zijn of haar gewone verblijfplaats heeft, onverlet.<\/p><br><br><h2>Consumentengeschillenbeslechting<\/h2><br><p>De Aanbieder is niet verplicht en niet bereid deel te nemen aan geschillenbeslechtingsprocedures voor een consumentengeschillencommissie.<\/p><br><p>Informatie over buitengerechtelijke beslechting van consumentengeschillen in de Europese Unie is beschikbaar op de <a href=\"https:\/\/commission.europa.eu\/topics\/consumers\/consumer-rights-and-complaints\/resolve-your-consumer-complaint\/alternative-dispute-resolution-consumers_en\" target=\"_blank\" rel=\"noopener noreferrer\">informatiepagina van de Europese Commissie over consumentengeschillenbeslechting<\/a>.<\/p><br>\t\t\t\t\t\t\t\t<\/div>\n\t\t\t\t\t<\/div>\n\t\t\t\t<\/div>\n\t\t\t\t<\/div>\n\t\t<div style='text-align:left' class='yasr-auto-insert-visitor'><\/div>","protected":false},"excerpt":{"rendered":"<p>Algemene voorwaarden van fllux.shop Contractspartij is Absaugrohre GmbH, Kirchstrasse 30, 87789 Woringen, ingeschreven in het handelsregister van het Amtsgericht Memmingen onder HRB 21749. Deze algemene voorwaarden zijn van toepassing op: het gebruik van de dienst en de toegang tot deze website; en elke andere daarmee samenhangende overeenkomst of rechtsverhouding met de Aanbieder. Deze algemene voorwaarden [&hellip;]<\/p>\n","protected":false},"author":1,"featured_media":0,"parent":0,"menu_order":0,"comment_status":"closed","ping_status":"closed","template":"elementor_header_footer","meta":{"yasr_overall_rating":0,"yasr_post_is_review":"","yasr_auto_insert_disabled":"","yasr_review_type":"","footnotes":""},"class_list":["post-36977","page","type-page","status-publish","hentry"],"yoast_head":"<!-- This site is optimized with the Yoast SEO plugin v27.2 - https:\/\/yoast.com\/product\/yoast-seo-wordpress\/ -->\n<title>Voorwaarden &amp; Condities - Fllux Shop<\/title>\n<meta name=\"description\" content=\"Raadpleeg onze algemene voorwaarden voor volledige service-overeenkomsten. Essenti\u00eble juridische informatie voor veilig gebruik.\" \/>\n<meta name=\"robots\" content=\"index, follow, max-snippet:-1, max-image-preview:large, max-video-preview:-1\" \/>\n<link rel=\"canonical\" href=\"https:\/\/fllux.shop\/nl\/voorwaarden-condities\/\" \/>\n<meta property=\"og:locale\" content=\"nl_NL\" \/>\n<meta property=\"og:type\" content=\"article\" \/>\n<meta property=\"og:title\" content=\"Voorwaarden &amp; Condities - Fllux Shop\" \/>\n<meta property=\"og:description\" content=\"Raadpleeg onze algemene voorwaarden voor volledige service-overeenkomsten. Essenti\u00eble juridische informatie voor veilig gebruik.\" \/>\n<meta property=\"og:url\" content=\"https:\/\/fllux.shop\/nl\/voorwaarden-condities\/\" \/>\n<meta property=\"og:site_name\" content=\"Fllux Shop\" \/>\n<meta property=\"article:publisher\" content=\"https:\/\/facebook.com\/fllux.shop\" \/>\n<meta property=\"article:modified_time\" content=\"2026-03-28T13:51:57+00:00\" \/>\n<meta property=\"og:image\" content=\"https:\/\/flluxcdn.b-cdn.net\/wp-content\/uploads\/2024\/11\/fllux-cover-1.jpg\" \/>\n\t<meta property=\"og:image:width\" content=\"1200\" \/>\n\t<meta property=\"og:image:height\" content=\"675\" \/>\n\t<meta property=\"og:image:type\" content=\"image\/jpeg\" \/>\n<meta name=\"twitter:card\" content=\"summary_large_image\" \/>\n<meta name=\"twitter:label1\" content=\"Geschatte leestijd\" \/>\n\t<meta name=\"twitter:data1\" content=\"7 minuten\" \/>\n<script type=\"application\/ld+json\" class=\"yoast-schema-graph\">{\"@context\":\"https:\/\/schema.org\",\"@graph\":[{\"@type\":\"WebPage\",\"@id\":\"https:\/\/fllux.shop\/nl\/voorwaarden-condities\/\",\"url\":\"https:\/\/fllux.shop\/nl\/voorwaarden-condities\/\",\"name\":\"Voorwaarden & Condities - Fllux Shop\",\"isPartOf\":{\"@id\":\"https:\/\/fllux.shop\/nl\/#website\"},\"datePublished\":\"2024-10-21T06:42:52+00:00\",\"dateModified\":\"2026-03-28T13:51:57+00:00\",\"description\":\"Raadpleeg onze algemene voorwaarden voor volledige service-overeenkomsten. Essenti\u00eble juridische informatie voor veilig gebruik.\",\"breadcrumb\":{\"@id\":\"https:\/\/fllux.shop\/nl\/voorwaarden-condities\/#breadcrumb\"},\"inLanguage\":\"nl-NL\",\"potentialAction\":[{\"@type\":\"ReadAction\",\"target\":[\"https:\/\/fllux.shop\/nl\/voorwaarden-condities\/\"]}]},{\"@type\":\"BreadcrumbList\",\"@id\":\"https:\/\/fllux.shop\/nl\/voorwaarden-condities\/#breadcrumb\",\"itemListElement\":[{\"@type\":\"ListItem\",\"position\":1,\"name\":\"Home\",\"item\":\"https:\/\/fllux.shop\/nl\/\"},{\"@type\":\"ListItem\",\"position\":2,\"name\":\"Voorwaarden &#038; Condities\"}]},{\"@type\":\"WebSite\",\"@id\":\"https:\/\/fllux.shop\/nl\/#website\",\"url\":\"https:\/\/fllux.shop\/nl\/\",\"name\":\"Fllux Shop\",\"description\":\"Your Complete Industrial Piping Partner\",\"publisher\":{\"@id\":\"https:\/\/fllux.shop\/nl\/#organization\"},\"potentialAction\":[{\"@type\":\"SearchAction\",\"target\":{\"@type\":\"EntryPoint\",\"urlTemplate\":\"https:\/\/fllux.shop\/nl\/?s={search_term_string}\"},\"query-input\":{\"@type\":\"PropertyValueSpecification\",\"valueRequired\":true,\"valueName\":\"search_term_string\"}}],\"inLanguage\":\"nl-NL\"},{\"@type\":\"Organization\",\"@id\":\"https:\/\/fllux.shop\/nl\/#organization\",\"name\":\"Fllux Shop\",\"url\":\"https:\/\/fllux.shop\/nl\/\",\"logo\":{\"@type\":\"ImageObject\",\"inLanguage\":\"nl-NL\",\"@id\":\"https:\/\/fllux.shop\/nl\/#\/schema\/logo\/image\/\",\"url\":\"https:\/\/flluxcdn.b-cdn.net\/wp-content\/uploads\/2023\/11\/cropped-dark-fllux.png\",\"contentUrl\":\"https:\/\/flluxcdn.b-cdn.net\/wp-content\/uploads\/2023\/11\/cropped-dark-fllux.png\",\"width\":400,\"height\":136,\"caption\":\"Fllux Shop\"},\"image\":{\"@id\":\"https:\/\/fllux.shop\/nl\/#\/schema\/logo\/image\/\"},\"sameAs\":[\"https:\/\/facebook.com\/fllux.shop\"],\"hasMerchantReturnPolicy\":{\"@type\":\"MerchantReturnPolicy\",\"merchantReturnLink\":\"https:\/\/fllux.shop\/return-policy\/\"}},false]}<\/script>\n<!-- \/ Yoast SEO plugin. -->","yoast_head_json":{"title":"Voorwaarden & Condities - Fllux Shop","description":"Raadpleeg onze algemene voorwaarden voor volledige service-overeenkomsten. Essenti\u00eble juridische informatie voor veilig gebruik.","robots":{"index":"index","follow":"follow","max-snippet":"max-snippet:-1","max-image-preview":"max-image-preview:large","max-video-preview":"max-video-preview:-1"},"canonical":"https:\/\/fllux.shop\/nl\/voorwaarden-condities\/","og_locale":"nl_NL","og_type":"article","og_title":"Voorwaarden & Condities - Fllux Shop","og_description":"Raadpleeg onze algemene voorwaarden voor volledige service-overeenkomsten. Essenti\u00eble juridische informatie voor veilig gebruik.","og_url":"https:\/\/fllux.shop\/nl\/voorwaarden-condities\/","og_site_name":"Fllux Shop","article_publisher":"https:\/\/facebook.com\/fllux.shop","article_modified_time":"2026-03-28T13:51:57+00:00","og_image":[{"width":1200,"height":675,"url":"https:\/\/flluxcdn.b-cdn.net\/wp-content\/uploads\/2024\/11\/fllux-cover-1.jpg","type":"image\/jpeg"}],"twitter_card":"summary_large_image","twitter_misc":{"Geschatte leestijd":"7 minuten"},"schema":{"@context":"https:\/\/schema.org","@graph":[{"@type":"WebPage","@id":"https:\/\/fllux.shop\/nl\/voorwaarden-condities\/","url":"https:\/\/fllux.shop\/nl\/voorwaarden-condities\/","name":"Voorwaarden & Condities - Fllux Shop","isPartOf":{"@id":"https:\/\/fllux.shop\/nl\/#website"},"datePublished":"2024-10-21T06:42:52+00:00","dateModified":"2026-03-28T13:51:57+00:00","description":"Raadpleeg onze algemene voorwaarden voor volledige service-overeenkomsten. Essenti\u00eble juridische informatie voor veilig gebruik.","breadcrumb":{"@id":"https:\/\/fllux.shop\/nl\/voorwaarden-condities\/#breadcrumb"},"inLanguage":"nl-NL","potentialAction":[{"@type":"ReadAction","target":["https:\/\/fllux.shop\/nl\/voorwaarden-condities\/"]}]},{"@type":"BreadcrumbList","@id":"https:\/\/fllux.shop\/nl\/voorwaarden-condities\/#breadcrumb","itemListElement":[{"@type":"ListItem","position":1,"name":"Home","item":"https:\/\/fllux.shop\/nl\/"},{"@type":"ListItem","position":2,"name":"Voorwaarden &#038; Condities"}]},{"@type":"WebSite","@id":"https:\/\/fllux.shop\/nl\/#website","url":"https:\/\/fllux.shop\/nl\/","name":"Fllux Shop","description":"Your Complete Industrial Piping Partner","publisher":{"@id":"https:\/\/fllux.shop\/nl\/#organization"},"potentialAction":[{"@type":"SearchAction","target":{"@type":"EntryPoint","urlTemplate":"https:\/\/fllux.shop\/nl\/?s={search_term_string}"},"query-input":{"@type":"PropertyValueSpecification","valueRequired":true,"valueName":"search_term_string"}}],"inLanguage":"nl-NL"},{"@type":"Organization","@id":"https:\/\/fllux.shop\/nl\/#organization","name":"Fllux Shop","url":"https:\/\/fllux.shop\/nl\/","logo":{"@type":"ImageObject","inLanguage":"nl-NL","@id":"https:\/\/fllux.shop\/nl\/#\/schema\/logo\/image\/","url":"https:\/\/flluxcdn.b-cdn.net\/wp-content\/uploads\/2023\/11\/cropped-dark-fllux.png","contentUrl":"https:\/\/flluxcdn.b-cdn.net\/wp-content\/uploads\/2023\/11\/cropped-dark-fllux.png","width":400,"height":136,"caption":"Fllux Shop"},"image":{"@id":"https:\/\/fllux.shop\/nl\/#\/schema\/logo\/image\/"},"sameAs":["https:\/\/facebook.com\/fllux.shop"],"hasMerchantReturnPolicy":{"@type":"MerchantReturnPolicy","merchantReturnLink":"https:\/\/fllux.shop\/return-policy\/"}},false]}},"yasr_visitor_votes":{"stars_attributes":{"read_only":false,"span_bottom":false},"number_of_votes":0,"sum_votes":0},"_links":{"self":[{"href":"https:\/\/fllux.shop\/nl\/wp-json\/wp\/v2\/pages\/36977","targetHints":{"allow":["GET"]}}],"collection":[{"href":"https:\/\/fllux.shop\/nl\/wp-json\/wp\/v2\/pages"}],"about":[{"href":"https:\/\/fllux.shop\/nl\/wp-json\/wp\/v2\/types\/page"}],"author":[{"embeddable":true,"href":"https:\/\/fllux.shop\/nl\/wp-json\/wp\/v2\/users\/1"}],"replies":[{"embeddable":true,"href":"https:\/\/fllux.shop\/nl\/wp-json\/wp\/v2\/comments?post=36977"}],"version-history":[{"count":2,"href":"https:\/\/fllux.shop\/nl\/wp-json\/wp\/v2\/pages\/36977\/revisions"}],"predecessor-version":[{"id":39678,"href":"https:\/\/fllux.shop\/nl\/wp-json\/wp\/v2\/pages\/36977\/revisions\/39678"}],"wp:attachment":[{"href":"https:\/\/fllux.shop\/nl\/wp-json\/wp\/v2\/media?parent=36977"}],"curies":[{"name":"wp","href":"https:\/\/api.w.org\/{rel}","templated":true}]}}