{"id":29696,"date":"2024-10-21T08:42:52","date_gmt":"2024-10-21T06:42:52","guid":{"rendered":"https:\/\/fllux.shop\/?page_id=29696"},"modified":"2026-03-28T14:50:35","modified_gmt":"2026-03-28T13:50:35","slug":"termini-e-condizioni","status":"publish","type":"page","link":"https:\/\/fllux.shop\/it\/termini-e-condizioni\/","title":{"rendered":"Termini e Condizioni"},"content":{"rendered":"\t\t<div data-elementor-type=\"wp-page\" data-elementor-id=\"29696\" class=\"elementor elementor-29696 elementor-27800\" data-elementor-post-type=\"page\">\n\t\t\t\t<div class=\"elementor-element elementor-element-89ad6d0 e-flex e-con-boxed e-con e-parent\" data-id=\"89ad6d0\" data-element_type=\"container\" data-e-type=\"container\">\n\t\t\t\t\t<div class=\"e-con-inner\">\n\t\t\t\t<div class=\"elementor-element elementor-element-248d3d4 elementor-widget elementor-widget-text-editor\" data-id=\"248d3d4\" data-element_type=\"widget\" data-e-type=\"widget\" data-widget_type=\"text-editor.default\">\n\t\t\t\t\t\t\t\t\t<h1>Termini e condizioni generali di fllux.shop<\/h1><br><br><p><strong>La controparte contrattuale \u00e8 Absaugrohre GmbH, Kirchstrasse 30, 87789 Woringen, iscritta nel registro delle imprese presso l\u2019Amtsgericht Memmingen con il numero HRB 21749.<\/strong><\/p><br><br><p>I presenti Termini e Condizioni Generali (T&#038;C) si applicano a:<\/p><br><ul>\r\n  <li>l\u2019utilizzo del servizio e l\u2019accesso a questo sito web; nonch\u00e9<\/li>\r\n  <li>qualsiasi altro accordo o rapporto giuridico connesso con il Fornitore.<\/li>\r\n<\/ul><br><br><p>I presenti T&#038;C sono giuridicamente vincolanti. I termini definiti sono indicati nelle sezioni pertinenti del presente documento.<\/p><br><p>Si invitano gli utenti a leggere attentamente questo documento.<\/p><br><br><p>Questo sito web \u00e8 gestito da:<\/p><br><p>\r\n  <strong>Absaugrohre GmbH<\/strong><br>\r\n  Kirchstrasse 30<br>\r\n  87789 Woringen<br>\r\n  Germania<br>\r\n  Registro delle imprese: Amtsgericht Memmingen<br>\r\n  HRB 21749<br>\r\n  Amministratore delegato: Jeroen Zweegers<br>\r\n  Partita IVA intracomunitaria: DE455554933<br>\r\n  Telefono: +49 (0) 7354 \/ 9367767<br>\r\n  E-mail: <a href=\"mailto:shop@absaugrohre.com\">shop@absaugrohre.com<\/a><br>\r\n  Sito web: <a href=\"https:\/\/www.absaugrohre.com\" target=\"_blank\" rel=\"noopener noreferrer\">www.absaugrohre.com<\/a>\r\n<\/p><br><br><p>Nei presenti T&#038;C, Absaugrohre GmbH \u00e8 indicata come il \u201cFornitore\u201d.<\/p><br><br><h2>Informazioni importanti<\/h2><br><p>Alcune disposizioni dei presenti T&#038;C possono applicarsi solo a determinate categorie di utenti, come i consumatori o i professionisti. Qualsiasi limitazione di questo tipo sar\u00e0 espressamente indicata nella clausola pertinente. In assenza di tale indicazione, la clausola si applica a tutti gli utenti.<\/p><br><p>Il diritto legale di recesso \u00e8 riconosciuto solo ai consumatori che ne hanno diritto ai sensi della legge applicabile.<\/p><br><br><h2>Condizioni d\u2019uso<\/h2><br><p>Salvo diversa indicazione, le condizioni riportate in questa sezione si applicano all\u2019accesso a questo sito web.<\/p><br><p>Condizioni specifiche o aggiuntive possono applicarsi in determinate circostanze e saranno espressamente indicate nel presente documento.<\/p><br><p>Utilizzando il servizio, gli utenti confermano di soddisfare le seguenti condizioni:<\/p><br><ul>\r\n  <li>gli utenti possono essere consumatori o professionisti; e<\/li>\r\n  <li>gli utenti possono creare un account laddove questa funzionalit\u00e0 sia disponibile.<\/li>\r\n<\/ul><br><br><p>Gli utenti possono registrarsi o creare un account per utilizzare il servizio fornendo tutte le informazioni richieste in modo veritiero e completo.<\/p><br><p>Il servizio pu\u00f2 essere utilizzato anche senza registrazione, sebbene in tal caso alcune funzionalit\u00e0 possano essere limitate.<\/p><br><p>Gli utenti sono responsabili della sicurezza e della riservatezza delle proprie credenziali di accesso. Pertanto, gli utenti devono scegliere una password che soddisfi i pi\u00f9 elevati requisiti di sicurezza disponibili su questo sito web.<\/p><br><p>Con la registrazione, gli utenti accettano di essere responsabili di tutte le attivit\u00e0 svolte con il proprio nome utente e la propria password.<\/p><br><p>Gli utenti devono informare immediatamente il Fornitore qualora sospettino che i propri dati personali, il proprio account utente o le proprie credenziali di accesso siano stati violati, divulgati o sottratti.<\/p><br><br><h2>Cessazione degli account utente<\/h2><br><p>Gli account utente possono essere eliminati in qualsiasi momento contattando il Fornitore ai recapiti indicati nei presenti T&#038;C.<\/p><br><br><h2>Sospensione ed eliminazione degli account utente<\/h2><br><p>Il Fornitore si riserva il diritto di sospendere o eliminare gli account utente a propria discrezione qualora siano ritenuti inappropriati, offensivi o in violazione dei presenti T&#038;C.<\/p><br><p>La sospensione o l\u2019eliminazione di un account utente non d\u00e0 diritto ad alcun risarcimento, indennizzo o rimborso.<\/p><br><p>La sospensione o l\u2019eliminazione di un account a causa di una violazione da parte dell\u2019utente non libera quest\u2019ultimo dagli obblighi di pagamento dovuti al Fornitore.<\/p><br><br><h2>Contenuti disponibili su questo sito web<\/h2><br><p>Salvo diversa indicazione o salvo che sia chiaramente riconoscibile, tutti i contenuti disponibili su questo sito web sono di propriet\u00e0 del Fornitore o concessi in licenza al Fornitore.<\/p><br><p>Il Fornitore compie ogni ragionevole sforzo per garantire che i contenuti presenti su questo sito web non violino la legge applicabile o i diritti di terzi. Tuttavia, tale risultato non pu\u00f2 essere sempre garantito.<\/p><br><p>In tali casi, gli utenti sono invitati a segnalare eventuali reclami utilizzando i recapiti indicati nel presente documento.<\/p><br><br><h2>Diritti sui contenuti di questo sito web<\/h2><br><p>Tutti i diritti sui contenuti sono riservati al Fornitore.<\/p><br><p>Gli utenti possono utilizzare i contenuti solo nella misura necessaria per il corretto utilizzo del servizio o come altrimenti espressamente consentito.<\/p><br><p>Gli utenti non sono autorizzati a riprodurre, scaricare, distribuire, modificare, tradurre o pubblicare contenuti oltre i limiti espressamente consentiti dai presenti T&#038;C o dalla legge.<\/p><br><p>Se espressamente indicato su questo sito web, gli utenti possono scaricare, riprodurre o condividere determinati contenuti per fini personali e non commerciali, a condizione che siano mantenute tutte le indicazioni di copyright e di propriet\u00e0.<\/p><br><p>Restano impregiudicate eventuali limitazioni o eccezioni previste dalla legge.<\/p><br><br><h2>Accesso a risorse esterne<\/h2><br><p>Gli utenti possono accedere, tramite questo sito web, a risorse esterne fornite da terzi. Gli utenti riconoscono e accettano che il Fornitore non ha alcun controllo su tali risorse e non \u00e8 responsabile del loro contenuto o della loro disponibilit\u00e0.<\/p><br><p>Le condizioni applicabili a tali risorse di terzi, compresi eventuali diritti d\u2019uso concessi, sono determinate dal relativo terzo o dalla legge applicabile.<\/p><br><br><h2>Uso consentito<\/h2><br><p>Questo sito web e il servizio possono essere utilizzati solo in conformit\u00e0 ai presenti T&#038;C e alla legge applicabile.<\/p><br><p>Gli utenti sono gli unici responsabili di garantire che il proprio accesso al servizio e il relativo utilizzo non violino leggi, regolamenti o diritti di terzi.<\/p><br><p>Il Fornitore si riserva il diritto di adottare qualsiasi misura appropriata per tutelare i propri legittimi interessi, compreso il rifiuto di accesso al servizio o la risoluzione di contratti qualora gli utenti violino la legge, i diritti di terzi o i presenti T&#038;C.<\/p><br><br><h2>Condizioni di vendita<\/h2><br><br><h3>Fornitura di dati personali<\/h3><br><p>Per accedere o ottenere determinati prodotti o servizi offerti tramite questo sito web, agli utenti pu\u00f2 essere richiesto di fornire dati personali in conformit\u00e0 ai requisiti del sito web.<\/p><br><br><h3>Prodotti a pagamento<\/h3><br><p>Alcuni prodotti disponibili su questo sito web sono offerti a pagamento.<\/p><br><p>I prezzi, le condizioni di pagamento e le altre condizioni applicabili sono descritti su questo sito web.<\/p><br><br><h3>Descrizione dei prodotti<\/h3><br><p>I prezzi, le descrizioni e la disponibilit\u00e0 dei prodotti sono indicati nelle relative sezioni di questo sito web e possono cambiare nel tempo.<\/p><br><p>Sebbene i prodotti siano presentati con la massima accuratezza tecnica possibile, le rappresentazioni presenti su questo sito web, comprese immagini, colori, suoni o elementi grafici, hanno solo scopo illustrativo e non implicano alcuna garanzia in merito alle caratteristiche del prodotto acquistato.<\/p><br><p>Le caratteristiche del prodotto selezionato saranno descritte durante il processo di acquisto.<\/p><br><br><h3>Procedura di acquisto<\/h3><br><p>La procedura di acquisto comprende le seguenti fasi:<\/p><br><ul>\r\n  <li>l\u2019utente seleziona il prodotto desiderato e verifica il riepilogo dell\u2019ordine; e<\/li>\r\n  <li>dopo aver controllato i dati dell\u2019ordine, l\u2019utente invia l\u2019ordine tramite il pulsante di ordine vincolante.<\/li>\r\n<\/ul><br><br><h3>Invio di un ordine<\/h3><br><p>Quando l\u2019utente invia un ordine, si applicano le seguenti regole:<\/p><br><ul>\r\n  <li>l\u2019invio dell\u2019ordine costituisce un\u2019offerta di concludere un contratto relativo ai prodotti o servizi selezionati;<\/li>\r\n  <li>se l\u2019ordine viene inviato tramite un pulsante o una funzione analoga, tale pulsante deve indicare chiaramente che l\u2019ordine comporta un obbligo di pagamento;<\/li>\r\n  <li>se l\u2019ordine viene accettato, l\u2019utente \u00e8 tenuto a pagare il prezzo di acquisto indicato, eventuali imposte e tutti i costi aggiuntivi mostrati prima dell\u2019invio dell\u2019ordine.<\/li>\r\n<\/ul><br><br><h3>Prezzi<\/h3><br><p>Gli utenti sono informati, durante la procedura di acquisto e prima di inviare l\u2019ordine, di tutte le commissioni, imposte, spese di spedizione e di qualsiasi altro costo che possa essere addebitato.<\/p><br><br><h3>Metodi di pagamento<\/h3><br><p>Le informazioni sui metodi di pagamento accettati sono fornite durante la procedura di acquisto.<\/p><br><p>I pagamenti sono elaborati da prestatori di servizi di pagamento esterni. Pertanto, questo sito web non memorizza direttamente dati di pagamento come le informazioni complete della carta di credito.<\/p><br><br><h3>Riserva di propriet\u00e0<\/h3><br><p>Il Fornitore mantiene la propriet\u00e0 dei beni consegnati fino al ricevimento del pagamento integrale.<\/p><br><br><h3>Consegna<\/h3><br><p>Le consegne vengono effettuate all\u2019indirizzo indicato dall\u2019utente durante il processo di ordine.<\/p><br><br><h3>Mancata consegna<\/h3><br><p>Il Fornitore non \u00e8 responsabile per errori di consegna causati da informazioni inesatte o incomplete fornite dall\u2019utente.<\/p><br><p>Una volta che la merce \u00e8 stata consegnata al vettore, il rischio si trasferisce conformemente alle disposizioni di legge applicabili.<\/p><br><br><h2>Diritti degli utenti<\/h2><br><br><h3>Diritto di recesso<\/h3><br><p>Se l\u2019utente \u00e8 un consumatore, pu\u00f2 beneficiare di un diritto legale di recesso per i contratti a distanza ai sensi della legge applicabile.<\/p><br><p>Laddove il diritto legale di recesso si applichi, il periodo di recesso \u00e8 di 14 giorni a decorrere dalla data prevista dalla legge e l\u2019utente pu\u00f2 recedere senza dover fornire alcuna motivazione.<\/p><br><p>Ulteriori dettagli sul diritto di recesso, comprese condizioni, termini e modalit\u00e0 di esercizio, devono essere forniti nella separata Informativa sul recesso.<\/p><br><br><h3>Politica di reso volontaria<\/h3><br><p>Se il Fornitore offre una politica di reso volontaria che va oltre il diritto legale di recesso, essa si applica in aggiunta ai diritti legali dei consumatori e non li limita.<\/p><br><p>Laddove prevista, gli utenti possono restituire i beni entro 30 giorni dal ricevimento. Il Fornitore sostiene i costi di restituzione e i rimborsi sono effettuati utilizzando lo stesso metodo di pagamento usato per la transazione originaria, salvo diverso accordo.<\/p><br><p>Non vengono addebitate spese di riassortimento per i resi effettuati conformemente alla politica di reso applicabile.<\/p><br><br><h2>Responsabilit\u00e0 e manleva<\/h2><br><p>Il Fornitore risponde solo nei limiti previsti dalle disposizioni di legge applicabili.<\/p><br><p>Nessuna disposizione dei presenti T&#038;C esclude o limita la responsabilit\u00e0 nei casi in cui tale esclusione o limitazione non sia consentita dalla legge, inclusi i casi di dolo, colpa grave, lesioni alla vita, all\u2019integrit\u00e0 fisica o alla salute, o responsabilit\u00e0 prevista da norme imperative in materia di responsabilit\u00e0 da prodotto.<\/p><br><p>Gli utenti si impegnano a manlevare e tenere indenne il Fornitore da qualsiasi pretesa avanzata da terzi derivante dall\u2019uso illecito del servizio da parte dell\u2019utente, dalla violazione di diritti di terzi o dalla violazione dei presenti T&#038;C, nella misura in cui l\u2019utente ne sia responsabile.<\/p><br><br><h2>Modifiche ai presenti T&#038;C<\/h2><br><p>Il Fornitore si riserva il diritto di modificare i presenti T&#038;C in qualsiasi momento.<\/p><br><p>Gli utenti saranno informati in modo appropriato delle modifiche rilevanti. L\u2019uso continuato del servizio dopo l\u2019entrata in vigore delle modifiche costituisce accettazione dei T&#038;C modificati, salvo diversa previsione di norme imperative.<\/p><br><br><h2>Legge applicabile<\/h2><br><p>I presenti T&#038;C sono disciplinati dal diritto della Repubblica Federale di Germania, con esclusione della Convenzione delle Nazioni Unite sui contratti di compravendita internazionale di merci (CISG).<\/p><br><p>Se l\u2019utente \u00e8 un consumatore, restano impregiudicate le disposizioni imperative a tutela dei consumatori del paese in cui il consumatore ha la propria residenza abituale.<\/p><br><br><h2>Risoluzione delle controversie dei consumatori<\/h2><br><p>Il Fornitore non \u00e8 n\u00e9 obbligato n\u00e9 disposto a partecipare a procedure di risoluzione delle controversie dinanzi a un organismo di conciliazione per i consumatori.<\/p><br><p>Informazioni sulla risoluzione extragiudiziale delle controversie dei consumatori nell\u2019Unione europea sono disponibili sulla <a href=\"https:\/\/commission.europa.eu\/topics\/consumers\/consumer-rights-and-complaints\/resolve-your-consumer-complaint\/alternative-dispute-resolution-consumers_en\" target=\"_blank\" rel=\"noopener noreferrer\">pagina informativa della Commissione europea sulla risoluzione delle controversie dei consumatori<\/a>.<\/p><br>\t\t\t\t\t\t\t\t<\/div>\n\t\t\t\t\t<\/div>\n\t\t\t\t<\/div>\n\t\t\t\t<\/div>\n\t\t<div style='text-align:left' class='yasr-auto-insert-visitor'><\/div>","protected":false},"excerpt":{"rendered":"<p>Termini e condizioni generali di fllux.shop La controparte contrattuale \u00e8 Absaugrohre GmbH, Kirchstrasse 30, 87789 Woringen, iscritta nel registro delle imprese presso l\u2019Amtsgericht Memmingen con il numero HRB 21749. I presenti Termini e Condizioni Generali (T&#038;C) si applicano a: l\u2019utilizzo del servizio e l\u2019accesso a questo sito web; nonch\u00e9 qualsiasi altro accordo o rapporto giuridico [&hellip;]<\/p>\n","protected":false},"author":1,"featured_media":0,"parent":0,"menu_order":0,"comment_status":"closed","ping_status":"closed","template":"elementor_header_footer","meta":{"yasr_overall_rating":0,"yasr_post_is_review":"","yasr_auto_insert_disabled":"","yasr_review_type":"","footnotes":""},"class_list":["post-29696","page","type-page","status-publish","hentry"],"yoast_head":"<!-- This site is optimized with the Yoast SEO plugin v27.2 - https:\/\/yoast.com\/product\/yoast-seo-wordpress\/ -->\n<title>Termini e Condizioni - Fllux Shop<\/title>\n<meta name=\"description\" content=\"Consulta i nostri termini e condizioni per accordi di servizio completi. Informazioni legali essenziali per utilizzare i nostri servizi.\" \/>\n<meta name=\"robots\" content=\"index, follow, max-snippet:-1, max-image-preview:large, max-video-preview:-1\" \/>\n<link rel=\"canonical\" href=\"https:\/\/fllux.shop\/it\/termini-e-condizioni\/\" \/>\n<meta property=\"og:locale\" content=\"it_IT\" \/>\n<meta property=\"og:type\" content=\"article\" \/>\n<meta property=\"og:title\" content=\"Termini e Condizioni - Fllux Shop\" \/>\n<meta property=\"og:description\" content=\"Consulta i nostri termini e condizioni per accordi di servizio completi. Informazioni legali essenziali per utilizzare i nostri servizi.\" \/>\n<meta property=\"og:url\" content=\"https:\/\/fllux.shop\/it\/termini-e-condizioni\/\" \/>\n<meta property=\"og:site_name\" content=\"Fllux Shop\" \/>\n<meta property=\"article:publisher\" content=\"https:\/\/facebook.com\/fllux.shop\" \/>\n<meta property=\"article:modified_time\" content=\"2026-03-28T13:50:35+00:00\" \/>\n<meta property=\"og:image\" content=\"https:\/\/flluxcdn.b-cdn.net\/wp-content\/uploads\/2024\/11\/fllux-cover-1.jpg\" \/>\n\t<meta property=\"og:image:width\" content=\"1200\" \/>\n\t<meta property=\"og:image:height\" content=\"675\" \/>\n\t<meta property=\"og:image:type\" content=\"image\/jpeg\" \/>\n<meta name=\"twitter:card\" content=\"summary_large_image\" \/>\n<meta name=\"twitter:label1\" content=\"Tempo di lettura stimato\" \/>\n\t<meta name=\"twitter:data1\" content=\"7 minuti\" \/>\n<script type=\"application\/ld+json\" class=\"yoast-schema-graph\">{\"@context\":\"https:\/\/schema.org\",\"@graph\":[{\"@type\":\"WebPage\",\"@id\":\"https:\/\/fllux.shop\/it\/termini-e-condizioni\/\",\"url\":\"https:\/\/fllux.shop\/it\/termini-e-condizioni\/\",\"name\":\"Termini e Condizioni - Fllux Shop\",\"isPartOf\":{\"@id\":\"https:\/\/fllux.shop\/it\/#website\"},\"datePublished\":\"2024-10-21T06:42:52+00:00\",\"dateModified\":\"2026-03-28T13:50:35+00:00\",\"description\":\"Consulta i nostri termini e condizioni per accordi di servizio completi. Informazioni legali essenziali per utilizzare i nostri servizi.\",\"breadcrumb\":{\"@id\":\"https:\/\/fllux.shop\/it\/termini-e-condizioni\/#breadcrumb\"},\"inLanguage\":\"it-IT\",\"potentialAction\":[{\"@type\":\"ReadAction\",\"target\":[\"https:\/\/fllux.shop\/it\/termini-e-condizioni\/\"]}]},{\"@type\":\"BreadcrumbList\",\"@id\":\"https:\/\/fllux.shop\/it\/termini-e-condizioni\/#breadcrumb\",\"itemListElement\":[{\"@type\":\"ListItem\",\"position\":1,\"name\":\"Home\",\"item\":\"https:\/\/fllux.shop\/it\/\"},{\"@type\":\"ListItem\",\"position\":2,\"name\":\"Termini e Condizioni\"}]},{\"@type\":\"WebSite\",\"@id\":\"https:\/\/fllux.shop\/it\/#website\",\"url\":\"https:\/\/fllux.shop\/it\/\",\"name\":\"Fllux Shop\",\"description\":\"Your Complete Industrial Piping Partner\",\"publisher\":{\"@id\":\"https:\/\/fllux.shop\/it\/#organization\"},\"potentialAction\":[{\"@type\":\"SearchAction\",\"target\":{\"@type\":\"EntryPoint\",\"urlTemplate\":\"https:\/\/fllux.shop\/it\/?s={search_term_string}\"},\"query-input\":{\"@type\":\"PropertyValueSpecification\",\"valueRequired\":true,\"valueName\":\"search_term_string\"}}],\"inLanguage\":\"it-IT\"},{\"@type\":\"Organization\",\"@id\":\"https:\/\/fllux.shop\/it\/#organization\",\"name\":\"Fllux Shop\",\"url\":\"https:\/\/fllux.shop\/it\/\",\"logo\":{\"@type\":\"ImageObject\",\"inLanguage\":\"it-IT\",\"@id\":\"https:\/\/fllux.shop\/it\/#\/schema\/logo\/image\/\",\"url\":\"https:\/\/flluxcdn.b-cdn.net\/wp-content\/uploads\/2023\/11\/cropped-dark-fllux.png\",\"contentUrl\":\"https:\/\/flluxcdn.b-cdn.net\/wp-content\/uploads\/2023\/11\/cropped-dark-fllux.png\",\"width\":400,\"height\":136,\"caption\":\"Fllux Shop\"},\"image\":{\"@id\":\"https:\/\/fllux.shop\/it\/#\/schema\/logo\/image\/\"},\"sameAs\":[\"https:\/\/facebook.com\/fllux.shop\"],\"hasMerchantReturnPolicy\":{\"@type\":\"MerchantReturnPolicy\",\"merchantReturnLink\":\"https:\/\/fllux.shop\/return-policy\/\"}},false]}<\/script>\n<!-- \/ Yoast SEO plugin. -->","yoast_head_json":{"title":"Termini e Condizioni - Fllux Shop","description":"Consulta i nostri termini e condizioni per accordi di servizio completi. Informazioni legali essenziali per utilizzare i nostri servizi.","robots":{"index":"index","follow":"follow","max-snippet":"max-snippet:-1","max-image-preview":"max-image-preview:large","max-video-preview":"max-video-preview:-1"},"canonical":"https:\/\/fllux.shop\/it\/termini-e-condizioni\/","og_locale":"it_IT","og_type":"article","og_title":"Termini e Condizioni - Fllux Shop","og_description":"Consulta i nostri termini e condizioni per accordi di servizio completi. Informazioni legali essenziali per utilizzare i nostri servizi.","og_url":"https:\/\/fllux.shop\/it\/termini-e-condizioni\/","og_site_name":"Fllux Shop","article_publisher":"https:\/\/facebook.com\/fllux.shop","article_modified_time":"2026-03-28T13:50:35+00:00","og_image":[{"width":1200,"height":675,"url":"https:\/\/flluxcdn.b-cdn.net\/wp-content\/uploads\/2024\/11\/fllux-cover-1.jpg","type":"image\/jpeg"}],"twitter_card":"summary_large_image","twitter_misc":{"Tempo di lettura stimato":"7 minuti"},"schema":{"@context":"https:\/\/schema.org","@graph":[{"@type":"WebPage","@id":"https:\/\/fllux.shop\/it\/termini-e-condizioni\/","url":"https:\/\/fllux.shop\/it\/termini-e-condizioni\/","name":"Termini e Condizioni - Fllux Shop","isPartOf":{"@id":"https:\/\/fllux.shop\/it\/#website"},"datePublished":"2024-10-21T06:42:52+00:00","dateModified":"2026-03-28T13:50:35+00:00","description":"Consulta i nostri termini e condizioni per accordi di servizio completi. Informazioni legali essenziali per utilizzare i nostri servizi.","breadcrumb":{"@id":"https:\/\/fllux.shop\/it\/termini-e-condizioni\/#breadcrumb"},"inLanguage":"it-IT","potentialAction":[{"@type":"ReadAction","target":["https:\/\/fllux.shop\/it\/termini-e-condizioni\/"]}]},{"@type":"BreadcrumbList","@id":"https:\/\/fllux.shop\/it\/termini-e-condizioni\/#breadcrumb","itemListElement":[{"@type":"ListItem","position":1,"name":"Home","item":"https:\/\/fllux.shop\/it\/"},{"@type":"ListItem","position":2,"name":"Termini e Condizioni"}]},{"@type":"WebSite","@id":"https:\/\/fllux.shop\/it\/#website","url":"https:\/\/fllux.shop\/it\/","name":"Fllux Shop","description":"Your Complete Industrial Piping Partner","publisher":{"@id":"https:\/\/fllux.shop\/it\/#organization"},"potentialAction":[{"@type":"SearchAction","target":{"@type":"EntryPoint","urlTemplate":"https:\/\/fllux.shop\/it\/?s={search_term_string}"},"query-input":{"@type":"PropertyValueSpecification","valueRequired":true,"valueName":"search_term_string"}}],"inLanguage":"it-IT"},{"@type":"Organization","@id":"https:\/\/fllux.shop\/it\/#organization","name":"Fllux Shop","url":"https:\/\/fllux.shop\/it\/","logo":{"@type":"ImageObject","inLanguage":"it-IT","@id":"https:\/\/fllux.shop\/it\/#\/schema\/logo\/image\/","url":"https:\/\/flluxcdn.b-cdn.net\/wp-content\/uploads\/2023\/11\/cropped-dark-fllux.png","contentUrl":"https:\/\/flluxcdn.b-cdn.net\/wp-content\/uploads\/2023\/11\/cropped-dark-fllux.png","width":400,"height":136,"caption":"Fllux Shop"},"image":{"@id":"https:\/\/fllux.shop\/it\/#\/schema\/logo\/image\/"},"sameAs":["https:\/\/facebook.com\/fllux.shop"],"hasMerchantReturnPolicy":{"@type":"MerchantReturnPolicy","merchantReturnLink":"https:\/\/fllux.shop\/return-policy\/"}},false]}},"yasr_visitor_votes":{"stars_attributes":{"read_only":false,"span_bottom":false},"number_of_votes":0,"sum_votes":0},"_links":{"self":[{"href":"https:\/\/fllux.shop\/it\/wp-json\/wp\/v2\/pages\/29696","targetHints":{"allow":["GET"]}}],"collection":[{"href":"https:\/\/fllux.shop\/it\/wp-json\/wp\/v2\/pages"}],"about":[{"href":"https:\/\/fllux.shop\/it\/wp-json\/wp\/v2\/types\/page"}],"author":[{"embeddable":true,"href":"https:\/\/fllux.shop\/it\/wp-json\/wp\/v2\/users\/1"}],"replies":[{"embeddable":true,"href":"https:\/\/fllux.shop\/it\/wp-json\/wp\/v2\/comments?post=29696"}],"version-history":[{"count":2,"href":"https:\/\/fllux.shop\/it\/wp-json\/wp\/v2\/pages\/29696\/revisions"}],"predecessor-version":[{"id":39676,"href":"https:\/\/fllux.shop\/it\/wp-json\/wp\/v2\/pages\/29696\/revisions\/39676"}],"wp:attachment":[{"href":"https:\/\/fllux.shop\/it\/wp-json\/wp\/v2\/media?parent=29696"}],"curies":[{"name":"wp","href":"https:\/\/api.w.org\/{rel}","templated":true}]}}