{"id":37713,"date":"2025-08-27T16:03:13","date_gmt":"2025-08-27T14:03:13","guid":{"rendered":"https:\/\/fllux.shop\/product\/transport-de-palettes-allemagne-2\/"},"modified":"2025-08-27T16:03:13","modified_gmt":"2025-08-27T13:03:13","slug":"transport-de-palettes-allemagne-2","status":"publish","type":"product","link":"https:\/\/fllux.shop\/fr\/produit\/transport-de-palettes-allemagne-2\/","title":{"rendered":"Transport de Palettes Allemagne"},"content":{"rendered":"<p>Service professionnel de transport de palettes sp\u00e9cialement pour l&rsquo;Allemagne. Notre r\u00e9seau logistique fiable assure une livraison s\u00fbre et ponctuelle de vos palettes en Allemagne. Solution de transport compl\u00e8te avec suivi et gestion professionnelle pour toutes les destinations allemandes.<\/p>\n<div style='text-align:left' class='yasr-auto-insert-visitor'><\/div>","protected":false},"excerpt":{"rendered":"<p>Service professionnel de transport de palettes sp\u00e9cialement pour l&rsquo;Allemagne. Notre r\u00e9seau logistique fiable assure une livraison s\u00fbre et ponctuelle de vos palettes en Allemagne. Solution de transport compl\u00e8te avec suivi et gestion professionnelle pour toutes les destinations allemandes.<\/p>\n","protected":false},"featured_media":37673,"template":"","meta":{"yasr_overall_rating":0,"yasr_post_is_review":"","yasr_auto_insert_disabled":"","yasr_review_type":""},"product_brand":[],"product_cat":[428],"product_tag":[],"class_list":{"0":"post-37713","1":"product","2":"type-product","3":"status-publish","4":"has-post-thumbnail","6":"product_cat-services-de-transport","8":"first","9":"outofstock","10":"virtual","11":"taxable","12":"purchasable","13":"product-type-simple"},"exclude_global_add_ons":[],"addons":[],"yoast_head":"<!-- This site is optimized with the Yoast SEO plugin v27.2 - https:\/\/yoast.com\/product\/yoast-seo-wordpress\/ -->\n<title>Transport de Palettes Allemagne - Fllux Shop<\/title>\n<meta name=\"description\" content=\"Transport de Palettes Allemagne - Service professionnel de transport de palettes en Allemagne. Livraison s\u00fbre et ponctuelle avec suivi garanti.\" \/>\n<meta name=\"robots\" content=\"index, follow, max-snippet:-1, max-image-preview:large, max-video-preview:-1\" \/>\n<link rel=\"canonical\" href=\"https:\/\/fllux.shop\/fr\/produit\/transport-de-palettes-allemagne-2\/\" \/>\n<meta property=\"og:locale\" content=\"fr_FR\" \/>\n<meta property=\"og:type\" content=\"article\" \/>\n<meta property=\"og:title\" content=\"Transport de Palettes Allemagne - Fllux Shop\" \/>\n<meta property=\"og:description\" content=\"Transport de Palettes Allemagne - Service professionnel de transport de palettes en Allemagne. Livraison s\u00fbre et ponctuelle avec suivi garanti.\" \/>\n<meta property=\"og:url\" content=\"https:\/\/fllux.shop\/fr\/produit\/transport-de-palettes-allemagne-2\/\" \/>\n<meta property=\"og:site_name\" content=\"Fllux Shop\" \/>\n<meta property=\"article:publisher\" content=\"https:\/\/facebook.com\/fllux.shop\" \/>\n<meta property=\"og:image\" content=\"https:\/\/fllux.shop\/wp-content\/uploads\/2025\/08\/pallet-transportation.jpg\" \/>\n\t<meta property=\"og:image:width\" content=\"1536\" \/>\n\t<meta property=\"og:image:height\" content=\"1024\" \/>\n\t<meta property=\"og:image:type\" content=\"image\/jpeg\" \/>\n<meta name=\"twitter:card\" content=\"summary_large_image\" \/>\n<meta name=\"twitter:label1\" content=\"Prix\" \/>\n\t<meta name=\"twitter:data1\" content=\"100,00&nbsp;&euro; TTC\" \/>\n\t<meta name=\"twitter:label2\" content=\"Disponibilit\u00e9\" \/>\n\t<meta name=\"twitter:data2\" content=\"Rupture de stock\" \/>\n<script type=\"application\/ld+json\" class=\"yoast-schema-graph\">{\"@context\":\"https:\/\/schema.org\",\"@graph\":[{\"@type\":\"WebPage\",\"@id\":\"https:\/\/fllux.shop\/fr\/produit\/transport-de-palettes-allemagne-2\/\",\"url\":\"https:\/\/fllux.shop\/fr\/produit\/transport-de-palettes-allemagne-2\/\",\"name\":\"Transport de Palettes Allemagne - Fllux Shop\",\"isPartOf\":{\"@id\":\"https:\/\/fllux.shop\/fr\/#website\"},\"primaryImageOfPage\":{\"@id\":\"https:\/\/fllux.shop\/fr\/produit\/transport-de-palettes-allemagne-2\/#primaryimage\"},\"image\":{\"@id\":\"https:\/\/fllux.shop\/fr\/produit\/transport-de-palettes-allemagne-2\/#primaryimage\"},\"thumbnailUrl\":\"https:\/\/flluxcdn.b-cdn.net\/wp-content\/uploads\/2025\/08\/pallet-transportation.jpg\",\"datePublished\":\"2025-08-27T14:03:13+00:00\",\"description\":\"Transport de Palettes Allemagne - Service professionnel de transport de palettes en Allemagne. Livraison s\u00fbre et ponctuelle avec suivi garanti.\",\"breadcrumb\":{\"@id\":\"https:\/\/fllux.shop\/fr\/produit\/transport-de-palettes-allemagne-2\/#breadcrumb\"},\"inLanguage\":\"fr-FR\",\"potentialAction\":[{\"@type\":\"ReadAction\",\"target\":[\"https:\/\/fllux.shop\/fr\/produit\/transport-de-palettes-allemagne-2\/\"]}]},{\"@type\":\"ImageObject\",\"inLanguage\":\"fr-FR\",\"@id\":\"https:\/\/fllux.shop\/fr\/produit\/transport-de-palettes-allemagne-2\/#primaryimage\",\"url\":\"https:\/\/flluxcdn.b-cdn.net\/wp-content\/uploads\/2025\/08\/pallet-transportation.jpg\",\"contentUrl\":\"https:\/\/flluxcdn.b-cdn.net\/wp-content\/uploads\/2025\/08\/pallet-transportation.jpg\",\"width\":1536,\"height\":1024,\"caption\":\"Transport de Palettes\"},{\"@type\":\"BreadcrumbList\",\"@id\":\"https:\/\/fllux.shop\/fr\/produit\/transport-de-palettes-allemagne-2\/#breadcrumb\",\"itemListElement\":[{\"@type\":\"ListItem\",\"position\":1,\"name\":\"Home\",\"item\":\"https:\/\/fllux.shop\/fr\/\"},{\"@type\":\"ListItem\",\"position\":2,\"name\":\"Boutique\",\"item\":\"https:\/\/fllux.shop\/fr\/boutique\/\"},{\"@type\":\"ListItem\",\"position\":3,\"name\":\"Services de Transport\",\"item\":\"https:\/\/fllux.shop\/fr\/categorie-produit\/services-de-transport\/\"},{\"@type\":\"ListItem\",\"position\":4,\"name\":\"Transport de Palettes Allemagne\"}]},{\"@type\":\"WebSite\",\"@id\":\"https:\/\/fllux.shop\/fr\/#website\",\"url\":\"https:\/\/fllux.shop\/fr\/\",\"name\":\"Fllux Shop\",\"description\":\"Your Complete Industrial Piping Partner\",\"publisher\":{\"@id\":\"https:\/\/fllux.shop\/fr\/#organization\"},\"potentialAction\":[{\"@type\":\"SearchAction\",\"target\":{\"@type\":\"EntryPoint\",\"urlTemplate\":\"https:\/\/fllux.shop\/fr\/?s={search_term_string}\"},\"query-input\":{\"@type\":\"PropertyValueSpecification\",\"valueRequired\":true,\"valueName\":\"search_term_string\"}}],\"inLanguage\":\"fr-FR\"},{\"@type\":\"Organization\",\"@id\":\"https:\/\/fllux.shop\/fr\/#organization\",\"name\":\"Fllux Shop\",\"url\":\"https:\/\/fllux.shop\/fr\/\",\"logo\":{\"@type\":\"ImageObject\",\"inLanguage\":\"fr-FR\",\"@id\":\"https:\/\/fllux.shop\/fr\/#\/schema\/logo\/image\/\",\"url\":\"https:\/\/flluxcdn.b-cdn.net\/wp-content\/uploads\/2023\/11\/cropped-dark-fllux.png\",\"contentUrl\":\"https:\/\/flluxcdn.b-cdn.net\/wp-content\/uploads\/2023\/11\/cropped-dark-fllux.png\",\"width\":400,\"height\":136,\"caption\":\"Fllux Shop\"},\"image\":{\"@id\":\"https:\/\/fllux.shop\/fr\/#\/schema\/logo\/image\/\"},\"sameAs\":[\"https:\/\/facebook.com\/fllux.shop\"],\"hasMerchantReturnPolicy\":{\"@type\":\"MerchantReturnPolicy\",\"merchantReturnLink\":\"https:\/\/fllux.shop\/return-policy\/\"}},false]}<\/script>\n<meta property=\"product:price:amount\" content=\"100.00\" \/>\n<meta property=\"product:price:currency\" content=\"EUR\" \/>\n<meta property=\"og:availability\" content=\"out of stock\" \/>\n<meta property=\"product:availability\" content=\"out of stock\" \/>\n<meta property=\"product:condition\" content=\"new\" \/>\n<!-- \/ Yoast SEO plugin. -->","yoast_head_json":{"title":"Transport de Palettes Allemagne - Fllux Shop","description":"Transport de Palettes Allemagne - Service professionnel de transport de palettes en Allemagne. Livraison s\u00fbre et ponctuelle avec suivi garanti.","robots":{"index":"index","follow":"follow","max-snippet":"max-snippet:-1","max-image-preview":"max-image-preview:large","max-video-preview":"max-video-preview:-1"},"canonical":"https:\/\/fllux.shop\/fr\/produit\/transport-de-palettes-allemagne-2\/","og_locale":"fr_FR","og_type":"article","og_title":"Transport de Palettes Allemagne - Fllux Shop","og_description":"Transport de Palettes Allemagne - Service professionnel de transport de palettes en Allemagne. Livraison s\u00fbre et ponctuelle avec suivi garanti.","og_url":"https:\/\/fllux.shop\/fr\/produit\/transport-de-palettes-allemagne-2\/","og_site_name":"Fllux Shop","article_publisher":"https:\/\/facebook.com\/fllux.shop","og_image":[{"width":1536,"height":1024,"url":"https:\/\/fllux.shop\/wp-content\/uploads\/2025\/08\/pallet-transportation.jpg","type":"image\/jpeg"}],"twitter_card":"summary_large_image","twitter_misc":{"Prix":"100,00&nbsp;&euro; TTC","Disponibilit\u00e9":"Rupture de stock"},"schema":{"@context":"https:\/\/schema.org","@graph":[{"@type":"WebPage","@id":"https:\/\/fllux.shop\/fr\/produit\/transport-de-palettes-allemagne-2\/","url":"https:\/\/fllux.shop\/fr\/produit\/transport-de-palettes-allemagne-2\/","name":"Transport de Palettes Allemagne - Fllux Shop","isPartOf":{"@id":"https:\/\/fllux.shop\/fr\/#website"},"primaryImageOfPage":{"@id":"https:\/\/fllux.shop\/fr\/produit\/transport-de-palettes-allemagne-2\/#primaryimage"},"image":{"@id":"https:\/\/fllux.shop\/fr\/produit\/transport-de-palettes-allemagne-2\/#primaryimage"},"thumbnailUrl":"https:\/\/flluxcdn.b-cdn.net\/wp-content\/uploads\/2025\/08\/pallet-transportation.jpg","datePublished":"2025-08-27T14:03:13+00:00","description":"Transport de Palettes Allemagne - Service professionnel de transport de palettes en Allemagne. Livraison s\u00fbre et ponctuelle avec suivi garanti.","breadcrumb":{"@id":"https:\/\/fllux.shop\/fr\/produit\/transport-de-palettes-allemagne-2\/#breadcrumb"},"inLanguage":"fr-FR","potentialAction":[{"@type":"ReadAction","target":["https:\/\/fllux.shop\/fr\/produit\/transport-de-palettes-allemagne-2\/"]}]},{"@type":"ImageObject","inLanguage":"fr-FR","@id":"https:\/\/fllux.shop\/fr\/produit\/transport-de-palettes-allemagne-2\/#primaryimage","url":"https:\/\/flluxcdn.b-cdn.net\/wp-content\/uploads\/2025\/08\/pallet-transportation.jpg","contentUrl":"https:\/\/flluxcdn.b-cdn.net\/wp-content\/uploads\/2025\/08\/pallet-transportation.jpg","width":1536,"height":1024,"caption":"Transport de Palettes"},{"@type":"BreadcrumbList","@id":"https:\/\/fllux.shop\/fr\/produit\/transport-de-palettes-allemagne-2\/#breadcrumb","itemListElement":[{"@type":"ListItem","position":1,"name":"Home","item":"https:\/\/fllux.shop\/fr\/"},{"@type":"ListItem","position":2,"name":"Boutique","item":"https:\/\/fllux.shop\/fr\/boutique\/"},{"@type":"ListItem","position":3,"name":"Services de Transport","item":"https:\/\/fllux.shop\/fr\/categorie-produit\/services-de-transport\/"},{"@type":"ListItem","position":4,"name":"Transport de Palettes Allemagne"}]},{"@type":"WebSite","@id":"https:\/\/fllux.shop\/fr\/#website","url":"https:\/\/fllux.shop\/fr\/","name":"Fllux Shop","description":"Your Complete Industrial Piping Partner","publisher":{"@id":"https:\/\/fllux.shop\/fr\/#organization"},"potentialAction":[{"@type":"SearchAction","target":{"@type":"EntryPoint","urlTemplate":"https:\/\/fllux.shop\/fr\/?s={search_term_string}"},"query-input":{"@type":"PropertyValueSpecification","valueRequired":true,"valueName":"search_term_string"}}],"inLanguage":"fr-FR"},{"@type":"Organization","@id":"https:\/\/fllux.shop\/fr\/#organization","name":"Fllux Shop","url":"https:\/\/fllux.shop\/fr\/","logo":{"@type":"ImageObject","inLanguage":"fr-FR","@id":"https:\/\/fllux.shop\/fr\/#\/schema\/logo\/image\/","url":"https:\/\/flluxcdn.b-cdn.net\/wp-content\/uploads\/2023\/11\/cropped-dark-fllux.png","contentUrl":"https:\/\/flluxcdn.b-cdn.net\/wp-content\/uploads\/2023\/11\/cropped-dark-fllux.png","width":400,"height":136,"caption":"Fllux Shop"},"image":{"@id":"https:\/\/fllux.shop\/fr\/#\/schema\/logo\/image\/"},"sameAs":["https:\/\/facebook.com\/fllux.shop"],"hasMerchantReturnPolicy":{"@type":"MerchantReturnPolicy","merchantReturnLink":"https:\/\/fllux.shop\/return-policy\/"}},false]},"product_price_amount":"100.00","product_price_currency":"EUR","og_availability":"out of stock","product_availability":"out of stock","product_condition":"new"},"yasr_visitor_votes":{"stars_attributes":{"read_only":false,"span_bottom":false},"number_of_votes":0,"sum_votes":0},"_links":{"self":[{"href":"https:\/\/fllux.shop\/fr\/wp-json\/wp\/v2\/product\/37713","targetHints":{"allow":["GET"]}}],"collection":[{"href":"https:\/\/fllux.shop\/fr\/wp-json\/wp\/v2\/product"}],"about":[{"href":"https:\/\/fllux.shop\/fr\/wp-json\/wp\/v2\/types\/product"}],"version-history":[{"count":0,"href":"https:\/\/fllux.shop\/fr\/wp-json\/wp\/v2\/product\/37713\/revisions"}],"wp:featuredmedia":[{"embeddable":true,"href":"https:\/\/fllux.shop\/fr\/wp-json\/wp\/v2\/media\/37673"}],"wp:attachment":[{"href":"https:\/\/fllux.shop\/fr\/wp-json\/wp\/v2\/media?parent=37713"}],"wp:term":[{"taxonomy":"product_brand","embeddable":true,"href":"https:\/\/fllux.shop\/fr\/wp-json\/wp\/v2\/product_brand?post=37713"},{"taxonomy":"product_cat","embeddable":true,"href":"https:\/\/fllux.shop\/fr\/wp-json\/wp\/v2\/product_cat?post=37713"},{"taxonomy":"product_tag","embeddable":true,"href":"https:\/\/fllux.shop\/fr\/wp-json\/wp\/v2\/product_tag?post=37713"}],"curies":[{"name":"wp","href":"https:\/\/api.w.org\/{rel}","templated":true}]}}