{"id":17695,"date":"2023-11-23T16:40:31","date_gmt":"2023-11-23T16:40:31","guid":{"rendered":"https:\/\/fllux.shop\/product\/16-maschinenerkennung-schiebersteuerung-schiebersteuerung\/"},"modified":"2025-09-22T15:02:15","modified_gmt":"2025-09-22T12:02:15","slug":"16-maschinenerkennung-schiebersteuerung-schiebersteuerung","status":"publish","type":"product","link":"https:\/\/fllux.shop\/fr\/produit\/16-maschinenerkennung-schiebersteuerung-schiebersteuerung\/","title":{"rendered":"16 Maschinenerkennung + Schiebersteuerung Schiebersteuerung"},"content":{"rendered":"<div class=\"product--description\">\n<h4><span>APU 140-350 16ME&amp;16S EXTERN<\/span><\/h4>\n<ul>\n<li><span>Maschinenerkennung f\u00fcr bis zu 16 Verarbeitungsmaschinen<\/span><\/li>\n<li><span>\u00fcber Wandlerspulen oder potentialfreien Kontakt<\/span><\/li>\n<li><span>einschlie\u00dflich automatischer Schieberegler<\/span><\/li>\n<li><span>f\u00fcr bis zu 16 Elektropneum. Absperrschieber in 24 V<\/span><\/li>\n<li><span>externe Anschlussdose f\u00fcr unabh\u00e4ngige Wandmontage<\/span><\/li>\n<li><span>f\u00fcr Reinluftentstauber<\/span><\/li>\n<\/ul>\n<\/div>\n<div class=\"product--properties panel has--border\">\n<table class=\"product--properties-table\">\n<tbody>\n<tr class=\"product--properties-row\">\n<td class=\"product--properties-label is--bold\"><span>1:<\/span><\/td>\n<td class=\"product--properties-value\"><span>Maschinenerkennung f\u00fcr bis zu 16 Verarbeitungsmaschinen<\/span><\/td>\n<\/tr>\n<tr class=\"product--properties-row\">\n<td class=\"product--properties-label is--bold\"><span>2:<\/span><\/td>\n<td class=\"product--properties-value\"><span>\u00fcber Wandlerspulen oder potentialfreien Kontakt<\/span><\/td>\n<\/tr>\n<tr class=\"product--properties-row\">\n<td class=\"product--properties-label is--bold\"><span>3:<\/span><\/td>\n<td class=\"product--properties-value\"><span>einschlie\u00dflich automatischer Schieberegler<\/span><\/td>\n<\/tr>\n<tr class=\"product--properties-row\">\n<td class=\"product--properties-label is--bold\"><span>4:<\/span><\/td>\n<td class=\"product--properties-value\"><span>f\u00fcr Reinluftentstauber<\/span><\/td>\n<\/tr>\n<\/tbody>\n<\/table>\n<\/div>\n<div style='text-align:left' class='yasr-auto-insert-visitor'><\/div>","protected":false},"excerpt":{"rendered":"<p>APU 140-350 16ME&amp;16S EXTERN Maschinenerkennung f\u00fcr bis zu 16 Verarbeitungsmaschinen \u00fcber Wandlerspulen oder potentialfreien Kontakt einschlie\u00dflich automatischer Schieberegler f\u00fcr bis zu 16 Elektropneum. Absperrschieber in 24 V externe Anschlussdose f\u00fcr unabh\u00e4ngige Wandmontage f\u00fcr Reinluftentstauber 1: Maschinenerkennung f\u00fcr bis zu 16 Verarbeitungsmaschinen 2: \u00fcber Wandlerspulen oder potentialfreien Kontakt 3: einschlie\u00dflich automatischer Schieberegler 4: f\u00fcr Reinluftentstauber<\/p>\n","protected":false},"featured_media":0,"template":"","meta":{"yasr_overall_rating":0,"yasr_post_is_review":"","yasr_auto_insert_disabled":"","yasr_review_type":""},"product_brand":[],"product_cat":[15],"product_tag":[],"class_list":{"0":"post-17695","1":"product","2":"type-product","3":"status-publish","5":"product_cat-uncategorized","7":"first","8":"outofstock","9":"taxable","10":"shipping-taxable","11":"purchasable","12":"product-type-simple"},"exclude_global_add_ons":[],"addons":[],"yoast_head":"<!-- This site is optimized with the Yoast SEO plugin v27.2 - https:\/\/yoast.com\/product\/yoast-seo-wordpress\/ -->\n<title>16 Maschinenerkennung + Schiebersteuerung Schiebersteuerung - Fllux Shop<\/title>\n<meta name=\"description\" content=\"APU 140-350 16ME&amp;16S EXTERN Maschinenerkennung f\u00fcr bis zu 16 Verarbeitungsmaschinen \u00fcber Wandlerspulen oder potentialfreien Kontakt einschlie\u00dflich\" \/>\n<meta name=\"robots\" content=\"index, follow, max-snippet:-1, max-image-preview:large, max-video-preview:-1\" \/>\n<link rel=\"canonical\" href=\"https:\/\/fllux.shop\/fr\/produit\/16-maschinenerkennung-schiebersteuerung-schiebersteuerung\/\" \/>\n<meta property=\"og:locale\" content=\"fr_FR\" \/>\n<meta property=\"og:type\" content=\"article\" \/>\n<meta property=\"og:title\" content=\"16 Maschinenerkennung + Schiebersteuerung Schiebersteuerung - Fllux Shop\" \/>\n<meta property=\"og:description\" content=\"APU 140-350 16ME&amp;16S EXTERN Maschinenerkennung f\u00fcr bis zu 16 Verarbeitungsmaschinen \u00fcber Wandlerspulen oder potentialfreien Kontakt einschlie\u00dflich\" \/>\n<meta property=\"og:url\" content=\"https:\/\/fllux.shop\/fr\/produit\/16-maschinenerkennung-schiebersteuerung-schiebersteuerung\/\" \/>\n<meta property=\"og:site_name\" content=\"Fllux Shop\" \/>\n<meta property=\"article:publisher\" content=\"https:\/\/facebook.com\/fllux.shop\" \/>\n<meta property=\"article:modified_time\" content=\"2025-09-22T12:02:15+00:00\" \/>\n<meta property=\"og:image\" content=\"https:\/\/flluxcdn.b-cdn.net\/wp-content\/uploads\/2024\/11\/fllux-cover-1.jpg\" \/>\n\t<meta property=\"og:image:width\" content=\"1200\" \/>\n\t<meta property=\"og:image:height\" content=\"675\" \/>\n\t<meta property=\"og:image:type\" content=\"image\/jpeg\" \/>\n<meta name=\"twitter:card\" content=\"summary_large_image\" \/>\n<meta name=\"twitter:label1\" content=\"Prix\" \/>\n\t<meta name=\"twitter:data1\" content=\"2.355,99&nbsp;&euro; TTC\" \/>\n\t<meta name=\"twitter:label2\" content=\"Disponibilit\u00e9\" \/>\n\t<meta name=\"twitter:data2\" content=\"Rupture de stock\" \/>\n<script type=\"application\/ld+json\" class=\"yoast-schema-graph\">{\"@context\":\"https:\/\/schema.org\",\"@graph\":[{\"@type\":\"WebPage\",\"@id\":\"https:\/\/fllux.shop\/fr\/produit\/16-maschinenerkennung-schiebersteuerung-schiebersteuerung\/\",\"url\":\"https:\/\/fllux.shop\/fr\/produit\/16-maschinenerkennung-schiebersteuerung-schiebersteuerung\/\",\"name\":\"16 Maschinenerkennung + Schiebersteuerung Schiebersteuerung - Fllux Shop\",\"isPartOf\":{\"@id\":\"https:\/\/fllux.shop\/fr\/#website\"},\"datePublished\":\"2023-11-23T16:40:31+00:00\",\"dateModified\":\"2025-09-22T12:02:15+00:00\",\"description\":\"APU 140-350 16ME&amp;16S EXTERN Maschinenerkennung f\u00fcr bis zu 16 Verarbeitungsmaschinen \u00fcber Wandlerspulen oder potentialfreien Kontakt einschlie\u00dflich\",\"breadcrumb\":{\"@id\":\"https:\/\/fllux.shop\/fr\/produit\/16-maschinenerkennung-schiebersteuerung-schiebersteuerung\/#breadcrumb\"},\"inLanguage\":\"fr-FR\",\"potentialAction\":[{\"@type\":\"ReadAction\",\"target\":[\"https:\/\/fllux.shop\/fr\/produit\/16-maschinenerkennung-schiebersteuerung-schiebersteuerung\/\"]}]},{\"@type\":\"BreadcrumbList\",\"@id\":\"https:\/\/fllux.shop\/fr\/produit\/16-maschinenerkennung-schiebersteuerung-schiebersteuerung\/#breadcrumb\",\"itemListElement\":[{\"@type\":\"ListItem\",\"position\":1,\"name\":\"Home\",\"item\":\"https:\/\/fllux.shop\/fr\/\"},{\"@type\":\"ListItem\",\"position\":2,\"name\":\"Boutique\",\"item\":\"https:\/\/fllux.shop\/fr\/boutique\/\"},{\"@type\":\"ListItem\",\"position\":3,\"name\":\"Dispositifs d'Aspiration\",\"item\":\"https:\/\/fllux.shop\/fr\/categorie-produit\/dispositifs-daspiration\/\"},{\"@type\":\"ListItem\",\"position\":4,\"name\":\"16 Maschinenerkennung + Schiebersteuerung Schiebersteuerung\"}]},{\"@type\":\"WebSite\",\"@id\":\"https:\/\/fllux.shop\/fr\/#website\",\"url\":\"https:\/\/fllux.shop\/fr\/\",\"name\":\"Fllux Shop\",\"description\":\"Your Complete Industrial Piping Partner\",\"publisher\":{\"@id\":\"https:\/\/fllux.shop\/fr\/#organization\"},\"potentialAction\":[{\"@type\":\"SearchAction\",\"target\":{\"@type\":\"EntryPoint\",\"urlTemplate\":\"https:\/\/fllux.shop\/fr\/?s={search_term_string}\"},\"query-input\":{\"@type\":\"PropertyValueSpecification\",\"valueRequired\":true,\"valueName\":\"search_term_string\"}}],\"inLanguage\":\"fr-FR\"},{\"@type\":\"Organization\",\"@id\":\"https:\/\/fllux.shop\/fr\/#organization\",\"name\":\"Fllux Shop\",\"url\":\"https:\/\/fllux.shop\/fr\/\",\"logo\":{\"@type\":\"ImageObject\",\"inLanguage\":\"fr-FR\",\"@id\":\"https:\/\/fllux.shop\/fr\/#\/schema\/logo\/image\/\",\"url\":\"https:\/\/flluxcdn.b-cdn.net\/wp-content\/uploads\/2023\/11\/cropped-dark-fllux.png\",\"contentUrl\":\"https:\/\/flluxcdn.b-cdn.net\/wp-content\/uploads\/2023\/11\/cropped-dark-fllux.png\",\"width\":400,\"height\":136,\"caption\":\"Fllux Shop\"},\"image\":{\"@id\":\"https:\/\/fllux.shop\/fr\/#\/schema\/logo\/image\/\"},\"sameAs\":[\"https:\/\/facebook.com\/fllux.shop\"],\"hasMerchantReturnPolicy\":{\"@type\":\"MerchantReturnPolicy\",\"merchantReturnLink\":\"https:\/\/fllux.shop\/return-policy\/\"}},false]}<\/script>\n<meta property=\"product:price:amount\" content=\"2355.99\" \/>\n<meta property=\"product:price:currency\" content=\"EUR\" \/>\n<meta property=\"og:availability\" content=\"out of stock\" \/>\n<meta property=\"product:availability\" content=\"out of stock\" \/>\n<meta property=\"product:condition\" content=\"new\" \/>\n<!-- \/ Yoast SEO plugin. -->","yoast_head_json":{"title":"16 Maschinenerkennung + Schiebersteuerung Schiebersteuerung - Fllux Shop","description":"APU 140-350 16ME&amp;16S EXTERN Maschinenerkennung f\u00fcr bis zu 16 Verarbeitungsmaschinen \u00fcber Wandlerspulen oder potentialfreien Kontakt einschlie\u00dflich","robots":{"index":"index","follow":"follow","max-snippet":"max-snippet:-1","max-image-preview":"max-image-preview:large","max-video-preview":"max-video-preview:-1"},"canonical":"https:\/\/fllux.shop\/fr\/produit\/16-maschinenerkennung-schiebersteuerung-schiebersteuerung\/","og_locale":"fr_FR","og_type":"article","og_title":"16 Maschinenerkennung + Schiebersteuerung Schiebersteuerung - Fllux Shop","og_description":"APU 140-350 16ME&amp;16S EXTERN Maschinenerkennung f\u00fcr bis zu 16 Verarbeitungsmaschinen \u00fcber Wandlerspulen oder potentialfreien Kontakt einschlie\u00dflich","og_url":"https:\/\/fllux.shop\/fr\/produit\/16-maschinenerkennung-schiebersteuerung-schiebersteuerung\/","og_site_name":"Fllux Shop","article_publisher":"https:\/\/facebook.com\/fllux.shop","article_modified_time":"2025-09-22T12:02:15+00:00","og_image":[{"width":1200,"height":675,"url":"https:\/\/flluxcdn.b-cdn.net\/wp-content\/uploads\/2024\/11\/fllux-cover-1.jpg","type":"image\/jpeg"}],"twitter_card":"summary_large_image","twitter_misc":{"Prix":"2.355,99&nbsp;&euro; TTC","Disponibilit\u00e9":"Rupture de stock"},"schema":{"@context":"https:\/\/schema.org","@graph":[{"@type":"WebPage","@id":"https:\/\/fllux.shop\/fr\/produit\/16-maschinenerkennung-schiebersteuerung-schiebersteuerung\/","url":"https:\/\/fllux.shop\/fr\/produit\/16-maschinenerkennung-schiebersteuerung-schiebersteuerung\/","name":"16 Maschinenerkennung + Schiebersteuerung Schiebersteuerung - Fllux Shop","isPartOf":{"@id":"https:\/\/fllux.shop\/fr\/#website"},"datePublished":"2023-11-23T16:40:31+00:00","dateModified":"2025-09-22T12:02:15+00:00","description":"APU 140-350 16ME&amp;16S EXTERN Maschinenerkennung f\u00fcr bis zu 16 Verarbeitungsmaschinen \u00fcber Wandlerspulen oder potentialfreien Kontakt einschlie\u00dflich","breadcrumb":{"@id":"https:\/\/fllux.shop\/fr\/produit\/16-maschinenerkennung-schiebersteuerung-schiebersteuerung\/#breadcrumb"},"inLanguage":"fr-FR","potentialAction":[{"@type":"ReadAction","target":["https:\/\/fllux.shop\/fr\/produit\/16-maschinenerkennung-schiebersteuerung-schiebersteuerung\/"]}]},{"@type":"BreadcrumbList","@id":"https:\/\/fllux.shop\/fr\/produit\/16-maschinenerkennung-schiebersteuerung-schiebersteuerung\/#breadcrumb","itemListElement":[{"@type":"ListItem","position":1,"name":"Home","item":"https:\/\/fllux.shop\/fr\/"},{"@type":"ListItem","position":2,"name":"Boutique","item":"https:\/\/fllux.shop\/fr\/boutique\/"},{"@type":"ListItem","position":3,"name":"Dispositifs d'Aspiration","item":"https:\/\/fllux.shop\/fr\/categorie-produit\/dispositifs-daspiration\/"},{"@type":"ListItem","position":4,"name":"16 Maschinenerkennung + Schiebersteuerung Schiebersteuerung"}]},{"@type":"WebSite","@id":"https:\/\/fllux.shop\/fr\/#website","url":"https:\/\/fllux.shop\/fr\/","name":"Fllux Shop","description":"Your Complete Industrial Piping Partner","publisher":{"@id":"https:\/\/fllux.shop\/fr\/#organization"},"potentialAction":[{"@type":"SearchAction","target":{"@type":"EntryPoint","urlTemplate":"https:\/\/fllux.shop\/fr\/?s={search_term_string}"},"query-input":{"@type":"PropertyValueSpecification","valueRequired":true,"valueName":"search_term_string"}}],"inLanguage":"fr-FR"},{"@type":"Organization","@id":"https:\/\/fllux.shop\/fr\/#organization","name":"Fllux Shop","url":"https:\/\/fllux.shop\/fr\/","logo":{"@type":"ImageObject","inLanguage":"fr-FR","@id":"https:\/\/fllux.shop\/fr\/#\/schema\/logo\/image\/","url":"https:\/\/flluxcdn.b-cdn.net\/wp-content\/uploads\/2023\/11\/cropped-dark-fllux.png","contentUrl":"https:\/\/flluxcdn.b-cdn.net\/wp-content\/uploads\/2023\/11\/cropped-dark-fllux.png","width":400,"height":136,"caption":"Fllux Shop"},"image":{"@id":"https:\/\/fllux.shop\/fr\/#\/schema\/logo\/image\/"},"sameAs":["https:\/\/facebook.com\/fllux.shop"],"hasMerchantReturnPolicy":{"@type":"MerchantReturnPolicy","merchantReturnLink":"https:\/\/fllux.shop\/return-policy\/"}},false]},"product_price_amount":"2355.99","product_price_currency":"EUR","og_availability":"out of stock","product_availability":"out of stock","product_condition":"new"},"yasr_visitor_votes":{"stars_attributes":{"read_only":false,"span_bottom":false},"number_of_votes":0,"sum_votes":0},"_links":{"self":[{"href":"https:\/\/fllux.shop\/fr\/wp-json\/wp\/v2\/product\/17695","targetHints":{"allow":["GET"]}}],"collection":[{"href":"https:\/\/fllux.shop\/fr\/wp-json\/wp\/v2\/product"}],"about":[{"href":"https:\/\/fllux.shop\/fr\/wp-json\/wp\/v2\/types\/product"}],"version-history":[{"count":0,"href":"https:\/\/fllux.shop\/fr\/wp-json\/wp\/v2\/product\/17695\/revisions"}],"wp:attachment":[{"href":"https:\/\/fllux.shop\/fr\/wp-json\/wp\/v2\/media?parent=17695"}],"wp:term":[{"taxonomy":"product_brand","embeddable":true,"href":"https:\/\/fllux.shop\/fr\/wp-json\/wp\/v2\/product_brand?post=17695"},{"taxonomy":"product_cat","embeddable":true,"href":"https:\/\/fllux.shop\/fr\/wp-json\/wp\/v2\/product_cat?post=17695"},{"taxonomy":"product_tag","embeddable":true,"href":"https:\/\/fllux.shop\/fr\/wp-json\/wp\/v2\/product_tag?post=17695"}],"curies":[{"name":"wp","href":"https:\/\/api.w.org\/{rel}","templated":true}]}}