{"id":8790,"date":"2023-11-09T13:34:58","date_gmt":"2023-11-09T10:34:58","guid":{"rendered":"https:\/\/fllux.shop\/mon-compte\/"},"modified":"2025-08-29T16:58:44","modified_gmt":"2025-08-29T13:58:44","slug":"mon-compte","status":"publish","type":"page","link":"https:\/\/fllux.shop\/fr\/mon-compte\/","title":{"rendered":"Mon Compte"},"content":{"rendered":"<div class=\"woocommerce\"><\/div>\n<div style='text-align:left' class='yasr-auto-insert-visitor'><\/div>","protected":false},"excerpt":{"rendered":"","protected":false},"author":1,"featured_media":0,"parent":0,"menu_order":0,"comment_status":"closed","ping_status":"closed","template":"","meta":{"yasr_overall_rating":0,"yasr_post_is_review":"","yasr_auto_insert_disabled":"","yasr_review_type":"","footnotes":""},"class_list":["post-8790","page","type-page","status-publish","hentry"],"yoast_head":"<!-- This site is optimized with the Yoast SEO plugin v27.2 - https:\/\/yoast.com\/product\/yoast-seo-wordpress\/ -->\n<title>Mon Compte - Fllux Shop<\/title>\n<meta name=\"description\" content=\"Acc\u00e9dez \u00e0 votre compte pour g\u00e9rer profil, commandes et pr\u00e9f\u00e9rences efficacement. Suivez exp\u00e9ditions et mettez \u00e0 jour vos informations.\" \/>\n<meta name=\"robots\" content=\"index, follow, max-snippet:-1, max-image-preview:large, max-video-preview:-1\" \/>\n<link rel=\"canonical\" href=\"https:\/\/fllux.shop\/fr\/mon-compte\/\" \/>\n<meta property=\"og:locale\" content=\"fr_FR\" \/>\n<meta property=\"og:type\" content=\"article\" \/>\n<meta property=\"og:title\" content=\"Mon Compte - Fllux Shop\" \/>\n<meta property=\"og:description\" content=\"Acc\u00e9dez \u00e0 votre compte pour g\u00e9rer profil, commandes et pr\u00e9f\u00e9rences efficacement. Suivez exp\u00e9ditions et mettez \u00e0 jour vos informations.\" \/>\n<meta property=\"og:url\" content=\"https:\/\/fllux.shop\/fr\/mon-compte\/\" \/>\n<meta property=\"og:site_name\" content=\"Fllux Shop\" \/>\n<meta property=\"article:publisher\" content=\"https:\/\/facebook.com\/fllux.shop\" \/>\n<meta property=\"article:modified_time\" content=\"2025-08-29T13:58:44+00:00\" \/>\n<meta property=\"og:image\" content=\"https:\/\/flluxcdn.b-cdn.net\/wp-content\/uploads\/2024\/11\/fllux-cover-1.jpg\" \/>\n\t<meta property=\"og:image:width\" content=\"1200\" \/>\n\t<meta property=\"og:image:height\" content=\"675\" \/>\n\t<meta property=\"og:image:type\" content=\"image\/jpeg\" \/>\n<meta name=\"twitter:card\" content=\"summary_large_image\" \/>\n<meta name=\"twitter:label1\" content=\"Dur\u00e9e de lecture estim\u00e9e\" \/>\n\t<meta name=\"twitter:data1\" content=\"1 minute\" \/>\n<script type=\"application\/ld+json\" class=\"yoast-schema-graph\">{\"@context\":\"https:\/\/schema.org\",\"@graph\":[{\"@type\":\"WebPage\",\"@id\":\"https:\/\/fllux.shop\/fr\/mon-compte\/\",\"url\":\"https:\/\/fllux.shop\/fr\/mon-compte\/\",\"name\":\"Mon Compte - Fllux Shop\",\"isPartOf\":{\"@id\":\"https:\/\/fllux.shop\/fr\/#website\"},\"datePublished\":\"2023-11-09T10:34:58+00:00\",\"dateModified\":\"2025-08-29T13:58:44+00:00\",\"description\":\"Acc\u00e9dez \u00e0 votre compte pour g\u00e9rer profil, commandes et pr\u00e9f\u00e9rences efficacement. Suivez exp\u00e9ditions et mettez \u00e0 jour vos informations.\",\"breadcrumb\":{\"@id\":\"https:\/\/fllux.shop\/fr\/mon-compte\/#breadcrumb\"},\"inLanguage\":\"fr-FR\",\"potentialAction\":[{\"@type\":\"ReadAction\",\"target\":[\"https:\/\/fllux.shop\/fr\/mon-compte\/\"]}]},{\"@type\":\"BreadcrumbList\",\"@id\":\"https:\/\/fllux.shop\/fr\/mon-compte\/#breadcrumb\",\"itemListElement\":[{\"@type\":\"ListItem\",\"position\":1,\"name\":\"Home\",\"item\":\"https:\/\/fllux.shop\/fr\/\"},{\"@type\":\"ListItem\",\"position\":2,\"name\":\"Mon Compte\"}]},{\"@type\":\"WebSite\",\"@id\":\"https:\/\/fllux.shop\/fr\/#website\",\"url\":\"https:\/\/fllux.shop\/fr\/\",\"name\":\"Fllux Shop\",\"description\":\"Your Complete Industrial Piping Partner\",\"publisher\":{\"@id\":\"https:\/\/fllux.shop\/fr\/#organization\"},\"potentialAction\":[{\"@type\":\"SearchAction\",\"target\":{\"@type\":\"EntryPoint\",\"urlTemplate\":\"https:\/\/fllux.shop\/fr\/?s={search_term_string}\"},\"query-input\":{\"@type\":\"PropertyValueSpecification\",\"valueRequired\":true,\"valueName\":\"search_term_string\"}}],\"inLanguage\":\"fr-FR\"},{\"@type\":\"Organization\",\"@id\":\"https:\/\/fllux.shop\/fr\/#organization\",\"name\":\"Fllux Shop\",\"url\":\"https:\/\/fllux.shop\/fr\/\",\"logo\":{\"@type\":\"ImageObject\",\"inLanguage\":\"fr-FR\",\"@id\":\"https:\/\/fllux.shop\/fr\/#\/schema\/logo\/image\/\",\"url\":\"https:\/\/flluxcdn.b-cdn.net\/wp-content\/uploads\/2023\/11\/cropped-dark-fllux.png\",\"contentUrl\":\"https:\/\/flluxcdn.b-cdn.net\/wp-content\/uploads\/2023\/11\/cropped-dark-fllux.png\",\"width\":400,\"height\":136,\"caption\":\"Fllux Shop\"},\"image\":{\"@id\":\"https:\/\/fllux.shop\/fr\/#\/schema\/logo\/image\/\"},\"sameAs\":[\"https:\/\/facebook.com\/fllux.shop\"],\"hasMerchantReturnPolicy\":{\"@type\":\"MerchantReturnPolicy\",\"merchantReturnLink\":\"https:\/\/fllux.shop\/return-policy\/\"}},false]}<\/script>\n<!-- \/ Yoast SEO plugin. -->","yoast_head_json":{"title":"Mon Compte - Fllux Shop","description":"Acc\u00e9dez \u00e0 votre compte pour g\u00e9rer profil, commandes et pr\u00e9f\u00e9rences efficacement. Suivez exp\u00e9ditions et mettez \u00e0 jour vos informations.","robots":{"index":"index","follow":"follow","max-snippet":"max-snippet:-1","max-image-preview":"max-image-preview:large","max-video-preview":"max-video-preview:-1"},"canonical":"https:\/\/fllux.shop\/fr\/mon-compte\/","og_locale":"fr_FR","og_type":"article","og_title":"Mon Compte - Fllux Shop","og_description":"Acc\u00e9dez \u00e0 votre compte pour g\u00e9rer profil, commandes et pr\u00e9f\u00e9rences efficacement. Suivez exp\u00e9ditions et mettez \u00e0 jour vos informations.","og_url":"https:\/\/fllux.shop\/fr\/mon-compte\/","og_site_name":"Fllux Shop","article_publisher":"https:\/\/facebook.com\/fllux.shop","article_modified_time":"2025-08-29T13:58:44+00:00","og_image":[{"width":1200,"height":675,"url":"https:\/\/flluxcdn.b-cdn.net\/wp-content\/uploads\/2024\/11\/fllux-cover-1.jpg","type":"image\/jpeg"}],"twitter_card":"summary_large_image","twitter_misc":{"Dur\u00e9e de lecture estim\u00e9e":"1 minute"},"schema":{"@context":"https:\/\/schema.org","@graph":[{"@type":"WebPage","@id":"https:\/\/fllux.shop\/fr\/mon-compte\/","url":"https:\/\/fllux.shop\/fr\/mon-compte\/","name":"Mon Compte - Fllux Shop","isPartOf":{"@id":"https:\/\/fllux.shop\/fr\/#website"},"datePublished":"2023-11-09T10:34:58+00:00","dateModified":"2025-08-29T13:58:44+00:00","description":"Acc\u00e9dez \u00e0 votre compte pour g\u00e9rer profil, commandes et pr\u00e9f\u00e9rences efficacement. Suivez exp\u00e9ditions et mettez \u00e0 jour vos informations.","breadcrumb":{"@id":"https:\/\/fllux.shop\/fr\/mon-compte\/#breadcrumb"},"inLanguage":"fr-FR","potentialAction":[{"@type":"ReadAction","target":["https:\/\/fllux.shop\/fr\/mon-compte\/"]}]},{"@type":"BreadcrumbList","@id":"https:\/\/fllux.shop\/fr\/mon-compte\/#breadcrumb","itemListElement":[{"@type":"ListItem","position":1,"name":"Home","item":"https:\/\/fllux.shop\/fr\/"},{"@type":"ListItem","position":2,"name":"Mon Compte"}]},{"@type":"WebSite","@id":"https:\/\/fllux.shop\/fr\/#website","url":"https:\/\/fllux.shop\/fr\/","name":"Fllux Shop","description":"Your Complete Industrial Piping Partner","publisher":{"@id":"https:\/\/fllux.shop\/fr\/#organization"},"potentialAction":[{"@type":"SearchAction","target":{"@type":"EntryPoint","urlTemplate":"https:\/\/fllux.shop\/fr\/?s={search_term_string}"},"query-input":{"@type":"PropertyValueSpecification","valueRequired":true,"valueName":"search_term_string"}}],"inLanguage":"fr-FR"},{"@type":"Organization","@id":"https:\/\/fllux.shop\/fr\/#organization","name":"Fllux Shop","url":"https:\/\/fllux.shop\/fr\/","logo":{"@type":"ImageObject","inLanguage":"fr-FR","@id":"https:\/\/fllux.shop\/fr\/#\/schema\/logo\/image\/","url":"https:\/\/flluxcdn.b-cdn.net\/wp-content\/uploads\/2023\/11\/cropped-dark-fllux.png","contentUrl":"https:\/\/flluxcdn.b-cdn.net\/wp-content\/uploads\/2023\/11\/cropped-dark-fllux.png","width":400,"height":136,"caption":"Fllux Shop"},"image":{"@id":"https:\/\/fllux.shop\/fr\/#\/schema\/logo\/image\/"},"sameAs":["https:\/\/facebook.com\/fllux.shop"],"hasMerchantReturnPolicy":{"@type":"MerchantReturnPolicy","merchantReturnLink":"https:\/\/fllux.shop\/return-policy\/"}},false]}},"yasr_visitor_votes":{"stars_attributes":{"read_only":false,"span_bottom":false},"number_of_votes":0,"sum_votes":0},"_links":{"self":[{"href":"https:\/\/fllux.shop\/fr\/wp-json\/wp\/v2\/pages\/8790","targetHints":{"allow":["GET"]}}],"collection":[{"href":"https:\/\/fllux.shop\/fr\/wp-json\/wp\/v2\/pages"}],"about":[{"href":"https:\/\/fllux.shop\/fr\/wp-json\/wp\/v2\/types\/page"}],"author":[{"embeddable":true,"href":"https:\/\/fllux.shop\/fr\/wp-json\/wp\/v2\/users\/1"}],"replies":[{"embeddable":true,"href":"https:\/\/fllux.shop\/fr\/wp-json\/wp\/v2\/comments?post=8790"}],"version-history":[{"count":0,"href":"https:\/\/fllux.shop\/fr\/wp-json\/wp\/v2\/pages\/8790\/revisions"}],"wp:attachment":[{"href":"https:\/\/fllux.shop\/fr\/wp-json\/wp\/v2\/media?parent=8790"}],"curies":[{"name":"wp","href":"https:\/\/api.w.org\/{rel}","templated":true}]}}