{"id":34231,"date":"2024-09-20T11:23:53","date_gmt":"2024-09-20T09:23:53","guid":{"rendered":"https:\/\/fllux.shop\/?page_id=34231"},"modified":"2026-03-28T16:24:52","modified_gmt":"2026-03-28T15:24:52","slug":"mentions-legales","status":"publish","type":"page","link":"https:\/\/fllux.shop\/fr\/mentions-legales\/","title":{"rendered":"Mentions L\u00e9gales"},"content":{"rendered":"\t\t<div data-elementor-type=\"wp-page\" data-elementor-id=\"34231\" class=\"elementor elementor-34231 elementor-23807\" data-elementor-post-type=\"page\">\n\t\t\t\t<div class=\"elementor-element elementor-element-f835d93 e-flex e-con-boxed e-con e-parent\" data-id=\"f835d93\" data-element_type=\"container\" data-e-type=\"container\">\n\t\t\t\t\t<div class=\"e-con-inner\">\n\t\t\t\t<div class=\"elementor-element elementor-element-bf2167c elementor-widget elementor-widget-text-editor\" data-id=\"bf2167c\" data-element_type=\"widget\" data-e-type=\"widget\" data-widget_type=\"text-editor.default\">\n\t\t\t\t\t\t\t\t\t<h1>Mentions l\u00e9gales<\/h1><br><br><p><strong>Fllux.shop est exploit\u00e9 par Absaugrohre GmbH.<\/strong><\/p><br><br><p>\r\n  Absaugrohre GmbH<br>\r\n  Kirchstrasse 30<br>\r\n  87789 Woringen<br>\r\n  Allemagne\r\n<\/p><br><br><p>\r\n  Registre du commerce : Amtsgericht Memmingen<br>\r\n  HRB 21749<br>\r\n  G\u00e9rant : Jeroen Zweegers<br>\r\n  N\u00b0 de TVA intracommunautaire : DE455554933\r\n<\/p><br><br><p>\r\n  Coordonn\u00e9es :<br>\r\n  E-mail : <a href=\"mailto:info@fllux.shop\">info@fllux.shop<\/a><br>\r\n  T\u00e9l\u00e9phone : <a href=\"tel:+491713188815\">+49 (0)171 3188815<\/a><br>\r\n  Site web : <a href=\"https:\/\/fllux.shop\/fr\/\" target=\"_blank\" rel=\"noopener noreferrer\">fllux.shop<\/a>\r\n<\/p><br>\t\t\t\t\t\t\t\t<\/div>\n\t\t\t\t\t<\/div>\n\t\t\t\t<\/div>\n\t\t\t\t<\/div>\n\t\t<div style='text-align:left' class='yasr-auto-insert-visitor'><\/div>","protected":false},"excerpt":{"rendered":"<p>Mentions l\u00e9gales Fllux.shop est exploit\u00e9 par Absaugrohre GmbH. Absaugrohre GmbH Kirchstrasse 30 87789 Woringen Allemagne Registre du commerce : Amtsgericht Memmingen HRB 21749 G\u00e9rant : Jeroen Zweegers N\u00b0 de TVA intracommunautaire : DE455554933 Coordonn\u00e9es : E-mail : info@fllux.shop T\u00e9l\u00e9phone : +49 (0)171 3188815 Site web : fllux.shop<\/p>\n","protected":false},"author":1,"featured_media":0,"parent":0,"menu_order":0,"comment_status":"closed","ping_status":"closed","template":"elementor_header_footer","meta":{"yasr_overall_rating":0,"yasr_post_is_review":"","yasr_auto_insert_disabled":"","yasr_review_type":"","footnotes":""},"class_list":["post-34231","page","type-page","status-publish","hentry"],"yoast_head":"<!-- This site is optimized with the Yoast SEO plugin v27.2 - https:\/\/yoast.com\/product\/yoast-seo-wordpress\/ -->\n<title>Mentions L\u00e9gales - Fllux Shop<\/title>\n<meta name=\"description\" content=\"Mentions l\u00e9gales importantes avec conditions d&#039;utilisation et d\u00e9tails de l&#039;entreprise. Transparence compl\u00e8te sur nos op\u00e9rations commerciales.\" \/>\n<meta name=\"robots\" content=\"index, follow, max-snippet:-1, max-image-preview:large, max-video-preview:-1\" \/>\n<link rel=\"canonical\" href=\"https:\/\/fllux.shop\/fr\/mentions-legales\/\" \/>\n<meta property=\"og:locale\" content=\"fr_FR\" \/>\n<meta property=\"og:type\" content=\"article\" \/>\n<meta property=\"og:title\" content=\"Mentions L\u00e9gales - Fllux Shop\" \/>\n<meta property=\"og:description\" content=\"Mentions l\u00e9gales importantes avec conditions d&#039;utilisation et d\u00e9tails de l&#039;entreprise. Transparence compl\u00e8te sur nos op\u00e9rations commerciales.\" \/>\n<meta property=\"og:url\" content=\"https:\/\/fllux.shop\/fr\/mentions-legales\/\" \/>\n<meta property=\"og:site_name\" content=\"Fllux Shop\" \/>\n<meta property=\"article:publisher\" content=\"https:\/\/facebook.com\/fllux.shop\" \/>\n<meta property=\"article:modified_time\" content=\"2026-03-28T15:24:52+00:00\" \/>\n<meta property=\"og:image\" content=\"https:\/\/flluxcdn.b-cdn.net\/wp-content\/uploads\/2024\/11\/fllux-cover-1.jpg\" \/>\n\t<meta property=\"og:image:width\" content=\"1200\" \/>\n\t<meta property=\"og:image:height\" content=\"675\" \/>\n\t<meta property=\"og:image:type\" content=\"image\/jpeg\" \/>\n<meta name=\"twitter:card\" content=\"summary_large_image\" \/>\n<meta name=\"twitter:label1\" content=\"Dur\u00e9e de lecture estim\u00e9e\" \/>\n\t<meta name=\"twitter:data1\" content=\"1 minute\" \/>\n<script type=\"application\/ld+json\" class=\"yoast-schema-graph\">{\"@context\":\"https:\/\/schema.org\",\"@graph\":[{\"@type\":\"WebPage\",\"@id\":\"https:\/\/fllux.shop\/fr\/mentions-legales\/\",\"url\":\"https:\/\/fllux.shop\/fr\/mentions-legales\/\",\"name\":\"Mentions L\u00e9gales - Fllux Shop\",\"isPartOf\":{\"@id\":\"https:\/\/fllux.shop\/fr\/#website\"},\"datePublished\":\"2024-09-20T09:23:53+00:00\",\"dateModified\":\"2026-03-28T15:24:52+00:00\",\"description\":\"Mentions l\u00e9gales importantes avec conditions d'utilisation et d\u00e9tails de l'entreprise. Transparence compl\u00e8te sur nos op\u00e9rations commerciales.\",\"breadcrumb\":{\"@id\":\"https:\/\/fllux.shop\/fr\/mentions-legales\/#breadcrumb\"},\"inLanguage\":\"fr-FR\",\"potentialAction\":[{\"@type\":\"ReadAction\",\"target\":[\"https:\/\/fllux.shop\/fr\/mentions-legales\/\"]}]},{\"@type\":\"BreadcrumbList\",\"@id\":\"https:\/\/fllux.shop\/fr\/mentions-legales\/#breadcrumb\",\"itemListElement\":[{\"@type\":\"ListItem\",\"position\":1,\"name\":\"Home\",\"item\":\"https:\/\/fllux.shop\/fr\/\"},{\"@type\":\"ListItem\",\"position\":2,\"name\":\"Mentions L\u00e9gales\"}]},{\"@type\":\"WebSite\",\"@id\":\"https:\/\/fllux.shop\/fr\/#website\",\"url\":\"https:\/\/fllux.shop\/fr\/\",\"name\":\"Fllux Shop\",\"description\":\"Your Complete Industrial Piping Partner\",\"publisher\":{\"@id\":\"https:\/\/fllux.shop\/fr\/#organization\"},\"potentialAction\":[{\"@type\":\"SearchAction\",\"target\":{\"@type\":\"EntryPoint\",\"urlTemplate\":\"https:\/\/fllux.shop\/fr\/?s={search_term_string}\"},\"query-input\":{\"@type\":\"PropertyValueSpecification\",\"valueRequired\":true,\"valueName\":\"search_term_string\"}}],\"inLanguage\":\"fr-FR\"},{\"@type\":\"Organization\",\"@id\":\"https:\/\/fllux.shop\/fr\/#organization\",\"name\":\"Fllux Shop\",\"url\":\"https:\/\/fllux.shop\/fr\/\",\"logo\":{\"@type\":\"ImageObject\",\"inLanguage\":\"fr-FR\",\"@id\":\"https:\/\/fllux.shop\/fr\/#\/schema\/logo\/image\/\",\"url\":\"https:\/\/flluxcdn.b-cdn.net\/wp-content\/uploads\/2023\/11\/cropped-dark-fllux.png\",\"contentUrl\":\"https:\/\/flluxcdn.b-cdn.net\/wp-content\/uploads\/2023\/11\/cropped-dark-fllux.png\",\"width\":400,\"height\":136,\"caption\":\"Fllux Shop\"},\"image\":{\"@id\":\"https:\/\/fllux.shop\/fr\/#\/schema\/logo\/image\/\"},\"sameAs\":[\"https:\/\/facebook.com\/fllux.shop\"],\"hasMerchantReturnPolicy\":{\"@type\":\"MerchantReturnPolicy\",\"merchantReturnLink\":\"https:\/\/fllux.shop\/return-policy\/\"}},false]}<\/script>\n<!-- \/ Yoast SEO plugin. -->","yoast_head_json":{"title":"Mentions L\u00e9gales - Fllux Shop","description":"Mentions l\u00e9gales importantes avec conditions d'utilisation et d\u00e9tails de l'entreprise. Transparence compl\u00e8te sur nos op\u00e9rations commerciales.","robots":{"index":"index","follow":"follow","max-snippet":"max-snippet:-1","max-image-preview":"max-image-preview:large","max-video-preview":"max-video-preview:-1"},"canonical":"https:\/\/fllux.shop\/fr\/mentions-legales\/","og_locale":"fr_FR","og_type":"article","og_title":"Mentions L\u00e9gales - Fllux Shop","og_description":"Mentions l\u00e9gales importantes avec conditions d'utilisation et d\u00e9tails de l'entreprise. Transparence compl\u00e8te sur nos op\u00e9rations commerciales.","og_url":"https:\/\/fllux.shop\/fr\/mentions-legales\/","og_site_name":"Fllux Shop","article_publisher":"https:\/\/facebook.com\/fllux.shop","article_modified_time":"2026-03-28T15:24:52+00:00","og_image":[{"width":1200,"height":675,"url":"https:\/\/flluxcdn.b-cdn.net\/wp-content\/uploads\/2024\/11\/fllux-cover-1.jpg","type":"image\/jpeg"}],"twitter_card":"summary_large_image","twitter_misc":{"Dur\u00e9e de lecture estim\u00e9e":"1 minute"},"schema":{"@context":"https:\/\/schema.org","@graph":[{"@type":"WebPage","@id":"https:\/\/fllux.shop\/fr\/mentions-legales\/","url":"https:\/\/fllux.shop\/fr\/mentions-legales\/","name":"Mentions L\u00e9gales - Fllux Shop","isPartOf":{"@id":"https:\/\/fllux.shop\/fr\/#website"},"datePublished":"2024-09-20T09:23:53+00:00","dateModified":"2026-03-28T15:24:52+00:00","description":"Mentions l\u00e9gales importantes avec conditions d'utilisation et d\u00e9tails de l'entreprise. Transparence compl\u00e8te sur nos op\u00e9rations commerciales.","breadcrumb":{"@id":"https:\/\/fllux.shop\/fr\/mentions-legales\/#breadcrumb"},"inLanguage":"fr-FR","potentialAction":[{"@type":"ReadAction","target":["https:\/\/fllux.shop\/fr\/mentions-legales\/"]}]},{"@type":"BreadcrumbList","@id":"https:\/\/fllux.shop\/fr\/mentions-legales\/#breadcrumb","itemListElement":[{"@type":"ListItem","position":1,"name":"Home","item":"https:\/\/fllux.shop\/fr\/"},{"@type":"ListItem","position":2,"name":"Mentions L\u00e9gales"}]},{"@type":"WebSite","@id":"https:\/\/fllux.shop\/fr\/#website","url":"https:\/\/fllux.shop\/fr\/","name":"Fllux Shop","description":"Your Complete Industrial Piping Partner","publisher":{"@id":"https:\/\/fllux.shop\/fr\/#organization"},"potentialAction":[{"@type":"SearchAction","target":{"@type":"EntryPoint","urlTemplate":"https:\/\/fllux.shop\/fr\/?s={search_term_string}"},"query-input":{"@type":"PropertyValueSpecification","valueRequired":true,"valueName":"search_term_string"}}],"inLanguage":"fr-FR"},{"@type":"Organization","@id":"https:\/\/fllux.shop\/fr\/#organization","name":"Fllux Shop","url":"https:\/\/fllux.shop\/fr\/","logo":{"@type":"ImageObject","inLanguage":"fr-FR","@id":"https:\/\/fllux.shop\/fr\/#\/schema\/logo\/image\/","url":"https:\/\/flluxcdn.b-cdn.net\/wp-content\/uploads\/2023\/11\/cropped-dark-fllux.png","contentUrl":"https:\/\/flluxcdn.b-cdn.net\/wp-content\/uploads\/2023\/11\/cropped-dark-fllux.png","width":400,"height":136,"caption":"Fllux Shop"},"image":{"@id":"https:\/\/fllux.shop\/fr\/#\/schema\/logo\/image\/"},"sameAs":["https:\/\/facebook.com\/fllux.shop"],"hasMerchantReturnPolicy":{"@type":"MerchantReturnPolicy","merchantReturnLink":"https:\/\/fllux.shop\/return-policy\/"}},false]}},"yasr_visitor_votes":{"stars_attributes":{"read_only":false,"span_bottom":false},"number_of_votes":0,"sum_votes":0},"_links":{"self":[{"href":"https:\/\/fllux.shop\/fr\/wp-json\/wp\/v2\/pages\/34231","targetHints":{"allow":["GET"]}}],"collection":[{"href":"https:\/\/fllux.shop\/fr\/wp-json\/wp\/v2\/pages"}],"about":[{"href":"https:\/\/fllux.shop\/fr\/wp-json\/wp\/v2\/types\/page"}],"author":[{"embeddable":true,"href":"https:\/\/fllux.shop\/fr\/wp-json\/wp\/v2\/users\/1"}],"replies":[{"embeddable":true,"href":"https:\/\/fllux.shop\/fr\/wp-json\/wp\/v2\/comments?post=34231"}],"version-history":[{"count":2,"href":"https:\/\/fllux.shop\/fr\/wp-json\/wp\/v2\/pages\/34231\/revisions"}],"predecessor-version":[{"id":39713,"href":"https:\/\/fllux.shop\/fr\/wp-json\/wp\/v2\/pages\/34231\/revisions\/39713"}],"wp:attachment":[{"href":"https:\/\/fllux.shop\/fr\/wp-json\/wp\/v2\/media?parent=34231"}],"curies":[{"name":"wp","href":"https:\/\/api.w.org\/{rel}","templated":true}]}}