{"id":34217,"date":"2024-10-31T11:36:27","date_gmt":"2024-10-31T10:36:27","guid":{"rendered":"https:\/\/fllux.shop\/?page_id=34217"},"modified":"2026-03-28T15:07:21","modified_gmt":"2026-03-28T14:07:21","slug":"politique-de-retour","status":"publish","type":"page","link":"https:\/\/fllux.shop\/fr\/politique-de-retour\/","title":{"rendered":"Politique de Retour"},"content":{"rendered":"\t\t<div data-elementor-type=\"wp-page\" data-elementor-id=\"34217\" class=\"elementor elementor-34217 elementor-28256\" data-elementor-post-type=\"page\">\n\t\t\t\t<div class=\"elementor-element elementor-element-96f55f5 e-flex e-con-boxed e-con e-parent\" data-id=\"96f55f5\" data-element_type=\"container\" data-e-type=\"container\">\n\t\t\t\t\t<div class=\"e-con-inner\">\n\t\t\t\t<div class=\"elementor-element elementor-element-492eca5 elementor-widget elementor-widget-text-editor\" data-id=\"492eca5\" data-element_type=\"widget\" data-e-type=\"widget\" data-widget_type=\"text-editor.default\">\n\t\t\t\t\t\t\t\t\t<h1>Politique de retour et de remboursement<\/h1><br><br><p>La pr\u00e9sente politique de retour et de remboursement explique votre droit l\u00e9gal de r\u00e9tractation de 14 jours, notre politique de retour volontaire de 30 jours ainsi que la proc\u00e9dure applicable aux retours et remboursements pour les achats effectu\u00e9s sur fllux.shop.<\/p><br><br><p>Ce site web est exploit\u00e9 par :<\/p><br><p>\r\n  <strong>Absaugrohre GmbH<\/strong><br>\r\n  Kirchstrasse 30<br>\r\n  87789 Woringen<br>\r\n  Allemagne<br>\r\n  Registre du commerce : Amtsgericht Memmingen<br>\r\n  HRB 21749<br>\r\n  G\u00e9rant : Jeroen Zweegers<br>\r\n  N\u00b0 de TVA intracommunautaire : DE455554933<br>\r\n  E-mail : <a href=\"mailto:info@fllux.shop\">info@fllux.shop<\/a>\r\n<\/p><br><br><h2>1. Droit l\u00e9gal de r\u00e9tractation<\/h2><br><p>Si vous \u00eates un consommateur, vous disposez en principe du droit l\u00e9gal de vous r\u00e9tracter du pr\u00e9sent contrat dans un d\u00e9lai de quatorze jours sans avoir \u00e0 motiver votre d\u00e9cision.<\/p><br><p>Le d\u00e9lai de r\u00e9tractation est de quatorze jours \u00e0 compter du jour o\u00f9 vous-m\u00eame, ou un tiers d\u00e9sign\u00e9 par vous autre que le transporteur, prenez possession des biens.<\/p><br><p>Pour exercer votre droit de r\u00e9tractation, vous devez nous informer de votre d\u00e9cision de vous r\u00e9tracter du contrat au moyen d\u2019une d\u00e9claration d\u00e9nu\u00e9e d\u2019ambigu\u00eft\u00e9, par exemple par courrier ou par e-mail.<\/p><br><p>Vous pouvez utiliser le formulaire type de r\u00e9tractation figurant ci-dessous, mais ce n\u2019est pas obligatoire.<\/p><br><br><p>La notification de r\u00e9tractation doit \u00eatre envoy\u00e9e \u00e0 :<\/p><br><p>\r\n  <strong>Absaugrohre GmbH<\/strong><br>\r\n  Kirchstrasse 30<br>\r\n  87789 Woringen<br>\r\n  Allemagne<br>\r\n  E-mail : <a href=\"mailto:info@fllux.shop\">info@fllux.shop<\/a>\r\n<\/p><br><br><p>Pour respecter le d\u00e9lai de r\u00e9tractation, il suffit que vous transmettiez votre communication relative \u00e0 l\u2019exercice du droit de r\u00e9tractation avant l\u2019expiration du d\u00e9lai de r\u00e9tractation.<\/p><br><br><h2>2. Effets de la r\u00e9tractation<\/h2><br><p>Si vous vous r\u00e9tractez du pr\u00e9sent contrat, nous vous rembourserons tous les paiements re\u00e7us de votre part, y compris les frais de livraison standard, sans retard injustifi\u00e9 et au plus tard dans les quatorze jours \u00e0 compter du jour o\u00f9 nous sommes inform\u00e9s de votre d\u00e9cision de r\u00e9tractation du contrat.<\/p><br><p>Pour ce remboursement, nous utiliserons le m\u00eame moyen de paiement que celui que vous avez utilis\u00e9 pour la transaction initiale, sauf si un autre moyen a \u00e9t\u00e9 express\u00e9ment convenu avec vous. En tout \u00e9tat de cause, ce remboursement n\u2019occasionnera pas de frais pour vous.<\/p><br><p>Nous pouvons diff\u00e9rer le remboursement jusqu\u2019\u00e0 r\u00e9cup\u00e9ration des biens ou jusqu\u2019\u00e0 ce que vous ayez fourni une preuve d\u2019exp\u00e9dition des biens, la date retenue \u00e9tant celle du premier de ces faits.<\/p><br><p>Vous devez nous renvoyer ou nous restituer les biens sans retard injustifi\u00e9 et, en tout \u00e9tat de cause, au plus tard dans les quatorze jours suivant la communication de votre d\u00e9cision de r\u00e9tractation du contrat. Ce d\u00e9lai est respect\u00e9 si vous renvoyez les biens avant l\u2019expiration du d\u00e9lai de quatorze jours.<\/p><br><p>Pour les retours en provenance d\u2019Allemagne et d\u2019Autriche, nous prenons \u00e9galement en charge les co\u00fbts directs de renvoi des biens dans le cadre de l\u2019exercice du droit l\u00e9gal de r\u00e9tractation. Pour les retours provenant d\u2019autres pays, les co\u00fbts directs de renvoi restent \u00e0 votre charge, sauf accord expr\u00e8s contraire.<\/p><br><p>Votre responsabilit\u00e9 n\u2019est engag\u00e9e qu\u2019\u00e0 l\u2019\u00e9gard de la d\u00e9pr\u00e9ciation des biens r\u00e9sultant de manipulations autres que celles n\u00e9cessaires pour \u00e9tablir la nature, les caract\u00e9ristiques et le bon fonctionnement des biens.<\/p><br><br><h2>3. Formulaire type de r\u00e9tractation<\/h2><br><p>Si vous souhaitez vous r\u00e9tracter du contrat, vous pouvez remplir et renvoyer ce formulaire :<\/p><br><p>\r\n  \u00c0 :<br>\r\n  Absaugrohre GmbH<br>\r\n  Kirchstrasse 30<br>\r\n  87789 Woringen<br>\r\n  Allemagne<br>\r\n  E-mail : <a href=\"mailto:info@fllux.shop\">info@fllux.shop<\/a>\r\n<\/p><br><p>\r\n  Je\/Nous (*) vous notifie\/notifions par la pr\u00e9sente ma\/notre r\u00e9tractation du contrat portant sur la vente du bien (*)\/pour la prestation de service (*) ci-dessous<br>\r\n  Command\u00e9 le (*)\/re\u00e7u le (*)<br>\r\n  Nom du (des) consommateur(s)<br>\r\n  Adresse du (des) consommateur(s)<br>\r\n  Signature du (des) consommateur(s) (uniquement en cas de notification du pr\u00e9sent formulaire sur papier)<br>\r\n  Date<br>\r\n  (*) Rayez la mention inutile.\r\n<\/p><br><br><h2>4. Politique de retour volontaire de 30 jours<\/h2><br><p>En compl\u00e9ment de vos droits l\u00e9gaux, nous proposons pour de nombreux produits une politique de retour volontaire de 30 jours \u00e0 compter de la date de livraison. Cette politique de retour volontaire ne limite ni ne remplace aucun droit l\u00e9gal du consommateur, y compris le droit l\u00e9gal de r\u00e9tractation ou les droits de garantie.<\/p><br><p>Pour qu\u2019un retour soit accept\u00e9 dans le cadre de la politique de retour volontaire, les produits doivent \u00eatre renvoy\u00e9s complets et, dans la mesure du possible, dans un \u00e9tat neuf ou inutilis\u00e9, avec leur emballage d\u2019origine et leurs accessoires.<\/p><br><p>Si un retour ne rel\u00e8ve pas de la politique de retour volontaire, vos droits l\u00e9gaux applicables restent inchang\u00e9s.<\/p><br><br><h2>5. Biens exclus du droit l\u00e9gal de r\u00e9tractation<\/h2><br><p>Le droit l\u00e9gal de r\u00e9tractation ne s\u2019applique pas dans les cas pr\u00e9vus par la loi, notamment pour :<\/p><br><ul>\r\n  <li>les biens confectionn\u00e9s selon les sp\u00e9cifications du consommateur ou nettement personnalis\u00e9s ;<\/li>\r\n  <li>les biens scell\u00e9s ne pouvant \u00eatre renvoy\u00e9s pour des raisons de protection de la sant\u00e9 ou d\u2019hygi\u00e8ne et qui ont \u00e9t\u00e9 descell\u00e9s apr\u00e8s la livraison ; et<\/li>\r\n  <li>les autres cas dans lesquels le droit l\u00e9gal de r\u00e9tractation est exclu en vertu du droit applicable.<\/li>\r\n<\/ul><br><p>L\u2019utilisation du produit au-del\u00e0 de ce qui est n\u00e9cessaire pour v\u00e9rifier sa nature, ses caract\u00e9ristiques et son fonctionnement n\u2019\u00e9teint pas automatiquement le droit de r\u00e9tractation, mais peut entra\u00eener une r\u00e9duction du remboursement en raison d\u2019une d\u00e9pr\u00e9ciation du bien.<\/p><br><br><h2>6. Frais de retour dans le cadre de la politique de retour volontaire<\/h2><br><p><strong>Allemagne et Autriche :<\/strong> pour les retours \u00e9ligibles effectu\u00e9s dans le d\u00e9lai de 30 jours de la politique de retour volontaire, nous proposons le retour gratuit. Si votre retour est \u00e9ligible, nous vous fournirons une \u00e9tiquette de retour pr\u00e9pay\u00e9e ainsi que les instructions de retour.<\/p><br><p><strong>Suisse, Italie et autres pays :<\/strong> sauf si l\u2019article est d\u00e9fectueux ou non conforme, les frais de retour dans le cadre de la politique de retour volontaire restent \u00e0 la charge du client. Veuillez contacter notre \u00e9quipe d\u2019assistance avant de renvoyer les biens afin que nous puissions vous communiquer les instructions de retour.<\/p><br><br><h2>7. Articles volumineux<\/h2><br><p>Des conditions particuli\u00e8res peuvent s\u2019appliquer aux articles class\u00e9s comme volumineux.<\/p><br><ul>\r\n  <li>Pour les retours effectu\u00e9s dans le cadre de la politique de retour volontaire, des frais de remise en stock de 10 % du prix d\u2019achat peuvent \u00eatre appliqu\u00e9s aux articles volumineux afin de couvrir l\u2019augmentation des frais d\u2019exp\u00e9dition et de manutention.<\/li>\r\n  <li>Les frais de retour des articles volumineux dans le cadre de la politique de retour volontaire sont \u00e0 la charge du client et peuvent \u00eatre d\u00e9duits du montant rembours\u00e9.<\/li>\r\n  <li>Ces conditions particuli\u00e8res ne s\u2019appliquent pas lorsque l\u2019article est d\u00e9fectueux ou lorsque des droits l\u00e9gaux imp\u00e9ratifs pr\u00e9voient le contraire.<\/li>\r\n<\/ul><br><br><h2>8. Articles endommag\u00e9s ou d\u00e9fectueux<\/h2><br><p>Si vous recevez un article endommag\u00e9, d\u00e9fectueux ou incorrect, veuillez nous contacter d\u00e8s que possible afin que nous puissions examiner la situation et proposer une solution appropri\u00e9e.<\/p><br><p>Une notification rapide nous aide \u00e0 traiter votre demande plus efficacement, mais ne limite aucun droit l\u00e9gal imp\u00e9ratif dont vous pourriez b\u00e9n\u00e9ficier.<\/p><br><br><h2>9. Mode et d\u00e9lai de remboursement<\/h2><br><p>Les remboursements sont effectu\u00e9s au moyen du mode de paiement initial, sauf accord expr\u00e8s contraire.<\/p><br><p>Pour les r\u00e9tractations l\u00e9gales, le d\u00e9lai de remboursement est r\u00e9gi par les r\u00e8gles d\u00e9crites \u00e0 la section 2 ci-dessus.<\/p><br><p>Pour les retours effectu\u00e9s dans le cadre de la politique de retour volontaire, les remboursements sont g\u00e9n\u00e9ralement trait\u00e9s apr\u00e8s r\u00e9ception et inspection des biens retourn\u00e9s. Veuillez pr\u00e9voir jusqu\u2019\u00e0 14 jours apr\u00e8s r\u00e9ception du retour pour le traitement.<\/p><br><br><h2>10. Contact<\/h2><br><p>Pour toute question relative aux retours, aux remboursements ou \u00e0 votre droit de r\u00e9tractation, veuillez contacter :<\/p><br><p>\r\n  Absaugrohre GmbH<br>\r\n  Kirchstrasse 30<br>\r\n  87789 Woringen<br>\r\n  Allemagne<br>\r\n  E-mail : <a href=\"mailto:info@fllux.shop\">info@fllux.shop<\/a>\r\n<\/p><br>\t\t\t\t\t\t\t\t<\/div>\n\t\t\t\t\t<\/div>\n\t\t\t\t<\/div>\n\t\t\t\t<\/div>\n\t\t<div style='text-align:left' class='yasr-auto-insert-visitor'><\/div>","protected":false},"excerpt":{"rendered":"<p>Politique de retour et de remboursement La pr\u00e9sente politique de retour et de remboursement explique votre droit l\u00e9gal de r\u00e9tractation de 14 jours, notre politique de retour volontaire de 30 jours ainsi que la proc\u00e9dure applicable aux retours et remboursements pour les achats effectu\u00e9s sur fllux.shop. Ce site web est exploit\u00e9 par : Absaugrohre GmbH [&hellip;]<\/p>\n","protected":false},"author":1,"featured_media":0,"parent":0,"menu_order":0,"comment_status":"closed","ping_status":"closed","template":"elementor_header_footer","meta":{"yasr_overall_rating":0,"yasr_post_is_review":"","yasr_auto_insert_disabled":"","yasr_review_type":"","footnotes":""},"class_list":["post-34217","page","type-page","status-publish","hentry"],"yoast_head":"<!-- This site is optimized with the Yoast SEO plugin v27.2 - https:\/\/yoast.com\/product\/yoast-seo-wordpress\/ -->\n<title>Politique de Retour - Fllux Shop<\/title>\n<meta name=\"description\" content=\"Retours faciles avec notre politique de retour flexible - 30 jours garantis. Exp\u00e9dition gratuite et remboursement int\u00e9gral assur\u00e9.\" \/>\n<meta name=\"robots\" content=\"index, follow, max-snippet:-1, max-image-preview:large, max-video-preview:-1\" \/>\n<link rel=\"canonical\" href=\"https:\/\/fllux.shop\/fr\/politique-de-retour\/\" \/>\n<meta property=\"og:locale\" content=\"fr_FR\" \/>\n<meta property=\"og:type\" content=\"article\" \/>\n<meta property=\"og:title\" content=\"Politique de Retour - Fllux Shop\" \/>\n<meta property=\"og:description\" content=\"Retours faciles avec notre politique de retour flexible - 30 jours garantis. Exp\u00e9dition gratuite et remboursement int\u00e9gral assur\u00e9.\" \/>\n<meta property=\"og:url\" content=\"https:\/\/fllux.shop\/fr\/politique-de-retour\/\" \/>\n<meta property=\"og:site_name\" content=\"Fllux Shop\" \/>\n<meta property=\"article:publisher\" content=\"https:\/\/facebook.com\/fllux.shop\" \/>\n<meta property=\"article:modified_time\" content=\"2026-03-28T14:07:21+00:00\" \/>\n<meta property=\"og:image\" content=\"https:\/\/flluxcdn.b-cdn.net\/wp-content\/uploads\/2024\/11\/fllux-cover-1.jpg\" \/>\n\t<meta property=\"og:image:width\" content=\"1200\" \/>\n\t<meta property=\"og:image:height\" content=\"675\" \/>\n\t<meta property=\"og:image:type\" content=\"image\/jpeg\" \/>\n<meta name=\"twitter:card\" content=\"summary_large_image\" \/>\n<meta name=\"twitter:label1\" content=\"Dur\u00e9e de lecture estim\u00e9e\" \/>\n\t<meta name=\"twitter:data1\" content=\"4 minutes\" \/>\n<script type=\"application\/ld+json\" class=\"yoast-schema-graph\">{\"@context\":\"https:\/\/schema.org\",\"@graph\":[{\"@type\":\"WebPage\",\"@id\":\"https:\/\/fllux.shop\/fr\/politique-de-retour\/\",\"url\":\"https:\/\/fllux.shop\/fr\/politique-de-retour\/\",\"name\":\"Politique de Retour - Fllux Shop\",\"isPartOf\":{\"@id\":\"https:\/\/fllux.shop\/fr\/#website\"},\"datePublished\":\"2024-10-31T10:36:27+00:00\",\"dateModified\":\"2026-03-28T14:07:21+00:00\",\"description\":\"Retours faciles avec notre politique de retour flexible - 30 jours garantis. Exp\u00e9dition gratuite et remboursement int\u00e9gral assur\u00e9.\",\"breadcrumb\":{\"@id\":\"https:\/\/fllux.shop\/fr\/politique-de-retour\/#breadcrumb\"},\"inLanguage\":\"fr-FR\",\"potentialAction\":[{\"@type\":\"ReadAction\",\"target\":[\"https:\/\/fllux.shop\/fr\/politique-de-retour\/\"]}]},{\"@type\":\"BreadcrumbList\",\"@id\":\"https:\/\/fllux.shop\/fr\/politique-de-retour\/#breadcrumb\",\"itemListElement\":[{\"@type\":\"ListItem\",\"position\":1,\"name\":\"Home\",\"item\":\"https:\/\/fllux.shop\/fr\/\"},{\"@type\":\"ListItem\",\"position\":2,\"name\":\"Politique de Retour\"}]},{\"@type\":\"WebSite\",\"@id\":\"https:\/\/fllux.shop\/fr\/#website\",\"url\":\"https:\/\/fllux.shop\/fr\/\",\"name\":\"Fllux Shop\",\"description\":\"Your Complete Industrial Piping Partner\",\"publisher\":{\"@id\":\"https:\/\/fllux.shop\/fr\/#organization\"},\"potentialAction\":[{\"@type\":\"SearchAction\",\"target\":{\"@type\":\"EntryPoint\",\"urlTemplate\":\"https:\/\/fllux.shop\/fr\/?s={search_term_string}\"},\"query-input\":{\"@type\":\"PropertyValueSpecification\",\"valueRequired\":true,\"valueName\":\"search_term_string\"}}],\"inLanguage\":\"fr-FR\"},{\"@type\":\"Organization\",\"@id\":\"https:\/\/fllux.shop\/fr\/#organization\",\"name\":\"Fllux Shop\",\"url\":\"https:\/\/fllux.shop\/fr\/\",\"logo\":{\"@type\":\"ImageObject\",\"inLanguage\":\"fr-FR\",\"@id\":\"https:\/\/fllux.shop\/fr\/#\/schema\/logo\/image\/\",\"url\":\"https:\/\/flluxcdn.b-cdn.net\/wp-content\/uploads\/2023\/11\/cropped-dark-fllux.png\",\"contentUrl\":\"https:\/\/flluxcdn.b-cdn.net\/wp-content\/uploads\/2023\/11\/cropped-dark-fllux.png\",\"width\":400,\"height\":136,\"caption\":\"Fllux Shop\"},\"image\":{\"@id\":\"https:\/\/fllux.shop\/fr\/#\/schema\/logo\/image\/\"},\"sameAs\":[\"https:\/\/facebook.com\/fllux.shop\"],\"hasMerchantReturnPolicy\":{\"@type\":\"MerchantReturnPolicy\",\"merchantReturnLink\":\"https:\/\/fllux.shop\/return-policy\/\"}},false]}<\/script>\n<!-- \/ Yoast SEO plugin. -->","yoast_head_json":{"title":"Politique de Retour - Fllux Shop","description":"Retours faciles avec notre politique de retour flexible - 30 jours garantis. Exp\u00e9dition gratuite et remboursement int\u00e9gral assur\u00e9.","robots":{"index":"index","follow":"follow","max-snippet":"max-snippet:-1","max-image-preview":"max-image-preview:large","max-video-preview":"max-video-preview:-1"},"canonical":"https:\/\/fllux.shop\/fr\/politique-de-retour\/","og_locale":"fr_FR","og_type":"article","og_title":"Politique de Retour - Fllux Shop","og_description":"Retours faciles avec notre politique de retour flexible - 30 jours garantis. Exp\u00e9dition gratuite et remboursement int\u00e9gral assur\u00e9.","og_url":"https:\/\/fllux.shop\/fr\/politique-de-retour\/","og_site_name":"Fllux Shop","article_publisher":"https:\/\/facebook.com\/fllux.shop","article_modified_time":"2026-03-28T14:07:21+00:00","og_image":[{"width":1200,"height":675,"url":"https:\/\/flluxcdn.b-cdn.net\/wp-content\/uploads\/2024\/11\/fllux-cover-1.jpg","type":"image\/jpeg"}],"twitter_card":"summary_large_image","twitter_misc":{"Dur\u00e9e de lecture estim\u00e9e":"4 minutes"},"schema":{"@context":"https:\/\/schema.org","@graph":[{"@type":"WebPage","@id":"https:\/\/fllux.shop\/fr\/politique-de-retour\/","url":"https:\/\/fllux.shop\/fr\/politique-de-retour\/","name":"Politique de Retour - Fllux Shop","isPartOf":{"@id":"https:\/\/fllux.shop\/fr\/#website"},"datePublished":"2024-10-31T10:36:27+00:00","dateModified":"2026-03-28T14:07:21+00:00","description":"Retours faciles avec notre politique de retour flexible - 30 jours garantis. Exp\u00e9dition gratuite et remboursement int\u00e9gral assur\u00e9.","breadcrumb":{"@id":"https:\/\/fllux.shop\/fr\/politique-de-retour\/#breadcrumb"},"inLanguage":"fr-FR","potentialAction":[{"@type":"ReadAction","target":["https:\/\/fllux.shop\/fr\/politique-de-retour\/"]}]},{"@type":"BreadcrumbList","@id":"https:\/\/fllux.shop\/fr\/politique-de-retour\/#breadcrumb","itemListElement":[{"@type":"ListItem","position":1,"name":"Home","item":"https:\/\/fllux.shop\/fr\/"},{"@type":"ListItem","position":2,"name":"Politique de Retour"}]},{"@type":"WebSite","@id":"https:\/\/fllux.shop\/fr\/#website","url":"https:\/\/fllux.shop\/fr\/","name":"Fllux Shop","description":"Your Complete Industrial Piping Partner","publisher":{"@id":"https:\/\/fllux.shop\/fr\/#organization"},"potentialAction":[{"@type":"SearchAction","target":{"@type":"EntryPoint","urlTemplate":"https:\/\/fllux.shop\/fr\/?s={search_term_string}"},"query-input":{"@type":"PropertyValueSpecification","valueRequired":true,"valueName":"search_term_string"}}],"inLanguage":"fr-FR"},{"@type":"Organization","@id":"https:\/\/fllux.shop\/fr\/#organization","name":"Fllux Shop","url":"https:\/\/fllux.shop\/fr\/","logo":{"@type":"ImageObject","inLanguage":"fr-FR","@id":"https:\/\/fllux.shop\/fr\/#\/schema\/logo\/image\/","url":"https:\/\/flluxcdn.b-cdn.net\/wp-content\/uploads\/2023\/11\/cropped-dark-fllux.png","contentUrl":"https:\/\/flluxcdn.b-cdn.net\/wp-content\/uploads\/2023\/11\/cropped-dark-fllux.png","width":400,"height":136,"caption":"Fllux Shop"},"image":{"@id":"https:\/\/fllux.shop\/fr\/#\/schema\/logo\/image\/"},"sameAs":["https:\/\/facebook.com\/fllux.shop"],"hasMerchantReturnPolicy":{"@type":"MerchantReturnPolicy","merchantReturnLink":"https:\/\/fllux.shop\/return-policy\/"}},false]}},"yasr_visitor_votes":{"stars_attributes":{"read_only":false,"span_bottom":false},"number_of_votes":0,"sum_votes":0},"_links":{"self":[{"href":"https:\/\/fllux.shop\/fr\/wp-json\/wp\/v2\/pages\/34217","targetHints":{"allow":["GET"]}}],"collection":[{"href":"https:\/\/fllux.shop\/fr\/wp-json\/wp\/v2\/pages"}],"about":[{"href":"https:\/\/fllux.shop\/fr\/wp-json\/wp\/v2\/types\/page"}],"author":[{"embeddable":true,"href":"https:\/\/fllux.shop\/fr\/wp-json\/wp\/v2\/users\/1"}],"replies":[{"embeddable":true,"href":"https:\/\/fllux.shop\/fr\/wp-json\/wp\/v2\/comments?post=34217"}],"version-history":[{"count":2,"href":"https:\/\/fllux.shop\/fr\/wp-json\/wp\/v2\/pages\/34217\/revisions"}],"predecessor-version":[{"id":39688,"href":"https:\/\/fllux.shop\/fr\/wp-json\/wp\/v2\/pages\/34217\/revisions\/39688"}],"wp:attachment":[{"href":"https:\/\/fllux.shop\/fr\/wp-json\/wp\/v2\/media?parent=34217"}],"curies":[{"name":"wp","href":"https:\/\/api.w.org\/{rel}","templated":true}]}}