{"id":37693,"date":"2025-08-27T16:06:14","date_gmt":"2025-08-27T14:06:14","guid":{"rendered":"https:\/\/fllux.shop\/product\/oesterreich-schweiz-pallet-transport\/"},"modified":"2025-08-27T17:05:57","modified_gmt":"2025-08-27T14:05:57","slug":"oesterreich-schweiz-pallet-transport","status":"publish","type":"product","link":"https:\/\/fllux.shop\/de\/produkt\/oesterreich-schweiz-pallet-transport\/","title":{"rendered":"\u00d6sterreich &#038; Schweiz Pallet Transport"},"content":{"rendered":"<p>Professioneller Palettentransportservice f\u00fcr \u00d6sterreich und die Schweiz. Unser zuverl\u00e4ssiges Logistiknetzwerk gew\u00e4hrleistet sichere und p\u00fcnktliche Lieferung Ihrer Paletten nach \u00d6sterreich und in die Schweiz. Umfassende Transportl\u00f6sung mit Sendungsverfolgung und professioneller Abwicklung f\u00fcr beide L\u00e4nder.<\/p>\n<div style='text-align:left' class='yasr-auto-insert-visitor'><\/div>","protected":false},"excerpt":{"rendered":"<p>Professioneller Palettentransportservice f\u00fcr \u00d6sterreich und die Schweiz. Unser zuverl\u00e4ssiges Logistiknetzwerk gew\u00e4hrleistet sichere und p\u00fcnktliche Lieferung Ihrer Paletten nach \u00d6sterreich und in die Schweiz. Umfassende Transportl\u00f6sung mit Sendungsverfolgung und professioneller Abwicklung f\u00fcr beide L\u00e4nder.<\/p>\n","protected":false},"featured_media":37674,"template":"","meta":{"yasr_overall_rating":0,"yasr_post_is_review":"","yasr_auto_insert_disabled":"","yasr_review_type":""},"product_brand":[],"product_cat":[429],"product_tag":[],"class_list":{"0":"post-37693","1":"product","2":"type-product","3":"status-publish","4":"has-post-thumbnail","6":"product_cat-transportdienstleistungen","8":"first","9":"outofstock","10":"virtual","11":"taxable","12":"purchasable","13":"product-type-simple"},"exclude_global_add_ons":[],"addons":[],"yoast_head":"<!-- This site is optimized with the Yoast SEO plugin v27.2 - https:\/\/yoast.com\/product\/yoast-seo-wordpress\/ -->\n<title>\u00d6sterreich &amp; Schweiz Pallet Transport - Fllux Shop<\/title>\n<meta name=\"description\" content=\"\u00d6sterreich &amp; Schweiz Pallet Transport - Professioneller Palettentransport nach \u00d6sterreich und Schweiz. Sichere Lieferung .\" \/>\n<meta name=\"robots\" content=\"index, follow, max-snippet:-1, max-image-preview:large, max-video-preview:-1\" \/>\n<link rel=\"canonical\" href=\"https:\/\/fllux.shop\/de\/produkt\/oesterreich-schweiz-pallet-transport\/\" \/>\n<meta property=\"og:locale\" content=\"de_DE\" \/>\n<meta property=\"og:type\" content=\"article\" \/>\n<meta property=\"og:title\" content=\"\u00d6sterreich &amp; Schweiz Pallet Transport - Fllux Shop\" \/>\n<meta property=\"og:description\" content=\"\u00d6sterreich &amp; Schweiz Pallet Transport - Professioneller Palettentransport nach \u00d6sterreich und Schweiz. Sichere Lieferung .\" \/>\n<meta property=\"og:url\" content=\"https:\/\/fllux.shop\/de\/produkt\/oesterreich-schweiz-pallet-transport\/\" \/>\n<meta property=\"og:site_name\" content=\"Fllux Shop\" \/>\n<meta property=\"article:publisher\" content=\"https:\/\/facebook.com\/fllux.shop\" \/>\n<meta property=\"og:image\" content=\"https:\/\/fllux.shop\/wp-content\/uploads\/2025\/08\/pallet-transportation.jpg\" \/>\n\t<meta property=\"og:image:width\" content=\"1536\" \/>\n\t<meta property=\"og:image:height\" content=\"1024\" \/>\n\t<meta property=\"og:image:type\" content=\"image\/jpeg\" \/>\n<meta name=\"twitter:card\" content=\"summary_large_image\" \/>\n<meta name=\"twitter:label1\" content=\"Preis\" \/>\n\t<meta name=\"twitter:data1\" content=\"110,00&nbsp;&euro; inkl. MwSt.\" \/>\n\t<meta name=\"twitter:label2\" content=\"Verf\u00fcgbarkeit\" \/>\n\t<meta name=\"twitter:data2\" content=\"ausverkauft\" \/>\n<script type=\"application\/ld+json\" class=\"yoast-schema-graph\">{\"@context\":\"https:\/\/schema.org\",\"@graph\":[{\"@type\":\"WebPage\",\"@id\":\"https:\/\/fllux.shop\/de\/produkt\/oesterreich-schweiz-pallet-transport\/\",\"url\":\"https:\/\/fllux.shop\/de\/produkt\/oesterreich-schweiz-pallet-transport\/\",\"name\":\"\u00d6sterreich & Schweiz Pallet Transport - Fllux Shop\",\"isPartOf\":{\"@id\":\"https:\/\/fllux.shop\/de\/#website\"},\"primaryImageOfPage\":{\"@id\":\"https:\/\/fllux.shop\/de\/produkt\/oesterreich-schweiz-pallet-transport\/#primaryimage\"},\"image\":{\"@id\":\"https:\/\/fllux.shop\/de\/produkt\/oesterreich-schweiz-pallet-transport\/#primaryimage\"},\"thumbnailUrl\":\"https:\/\/flluxcdn.b-cdn.net\/wp-content\/uploads\/2025\/08\/pallet-transportation.jpg\",\"datePublished\":\"2025-08-27T14:06:14+00:00\",\"description\":\"\u00d6sterreich & Schweiz Pallet Transport - Professioneller Palettentransport nach \u00d6sterreich und Schweiz. Sichere Lieferung .\",\"breadcrumb\":{\"@id\":\"https:\/\/fllux.shop\/de\/produkt\/oesterreich-schweiz-pallet-transport\/#breadcrumb\"},\"inLanguage\":\"de\",\"potentialAction\":[{\"@type\":\"ReadAction\",\"target\":[\"https:\/\/fllux.shop\/de\/produkt\/oesterreich-schweiz-pallet-transport\/\"]}]},{\"@type\":\"ImageObject\",\"inLanguage\":\"de\",\"@id\":\"https:\/\/fllux.shop\/de\/produkt\/oesterreich-schweiz-pallet-transport\/#primaryimage\",\"url\":\"https:\/\/flluxcdn.b-cdn.net\/wp-content\/uploads\/2025\/08\/pallet-transportation.jpg\",\"contentUrl\":\"https:\/\/flluxcdn.b-cdn.net\/wp-content\/uploads\/2025\/08\/pallet-transportation.jpg\",\"width\":1536,\"height\":1024,\"caption\":\"\u00d6sterreich & Schweiz Pallet Transport\"},{\"@type\":\"BreadcrumbList\",\"@id\":\"https:\/\/fllux.shop\/de\/produkt\/oesterreich-schweiz-pallet-transport\/#breadcrumb\",\"itemListElement\":[{\"@type\":\"ListItem\",\"position\":1,\"name\":\"Home\",\"item\":\"https:\/\/fllux.shop\/de\/\"},{\"@type\":\"ListItem\",\"position\":2,\"name\":\"Shop\",\"item\":\"https:\/\/fllux.shop\/de\/shop-2\/\"},{\"@type\":\"ListItem\",\"position\":3,\"name\":\"Transportdienstleistungen\",\"item\":\"https:\/\/fllux.shop\/de\/produkt-kategorie\/transportdienstleistungen\/\"},{\"@type\":\"ListItem\",\"position\":4,\"name\":\"\u00d6sterreich &#038; Schweiz Pallet Transport\"}]},{\"@type\":\"WebSite\",\"@id\":\"https:\/\/fllux.shop\/de\/#website\",\"url\":\"https:\/\/fllux.shop\/de\/\",\"name\":\"Fllux Shop\",\"description\":\"Your Complete Industrial Piping Partner\",\"publisher\":{\"@id\":\"https:\/\/fllux.shop\/de\/#organization\"},\"potentialAction\":[{\"@type\":\"SearchAction\",\"target\":{\"@type\":\"EntryPoint\",\"urlTemplate\":\"https:\/\/fllux.shop\/de\/?s={search_term_string}\"},\"query-input\":{\"@type\":\"PropertyValueSpecification\",\"valueRequired\":true,\"valueName\":\"search_term_string\"}}],\"inLanguage\":\"de\"},{\"@type\":\"Organization\",\"@id\":\"https:\/\/fllux.shop\/de\/#organization\",\"name\":\"Fllux Shop\",\"url\":\"https:\/\/fllux.shop\/de\/\",\"logo\":{\"@type\":\"ImageObject\",\"inLanguage\":\"de\",\"@id\":\"https:\/\/fllux.shop\/de\/#\/schema\/logo\/image\/\",\"url\":\"https:\/\/flluxcdn.b-cdn.net\/wp-content\/uploads\/2023\/11\/cropped-dark-fllux.png\",\"contentUrl\":\"https:\/\/flluxcdn.b-cdn.net\/wp-content\/uploads\/2023\/11\/cropped-dark-fllux.png\",\"width\":400,\"height\":136,\"caption\":\"Fllux Shop\"},\"image\":{\"@id\":\"https:\/\/fllux.shop\/de\/#\/schema\/logo\/image\/\"},\"sameAs\":[\"https:\/\/facebook.com\/fllux.shop\"],\"hasMerchantReturnPolicy\":{\"@type\":\"MerchantReturnPolicy\",\"merchantReturnLink\":\"https:\/\/fllux.shop\/return-policy\/\"}},false]}<\/script>\n<meta property=\"product:price:amount\" content=\"110.00\" \/>\n<meta property=\"product:price:currency\" content=\"EUR\" \/>\n<meta property=\"og:availability\" content=\"out of stock\" \/>\n<meta property=\"product:availability\" content=\"out of stock\" \/>\n<meta property=\"product:condition\" content=\"new\" \/>\n<!-- \/ Yoast SEO plugin. -->","yoast_head_json":{"title":"\u00d6sterreich & Schweiz Pallet Transport - Fllux Shop","description":"\u00d6sterreich & Schweiz Pallet Transport - Professioneller Palettentransport nach \u00d6sterreich und Schweiz. Sichere Lieferung .","robots":{"index":"index","follow":"follow","max-snippet":"max-snippet:-1","max-image-preview":"max-image-preview:large","max-video-preview":"max-video-preview:-1"},"canonical":"https:\/\/fllux.shop\/de\/produkt\/oesterreich-schweiz-pallet-transport\/","og_locale":"de_DE","og_type":"article","og_title":"\u00d6sterreich & Schweiz Pallet Transport - Fllux Shop","og_description":"\u00d6sterreich & Schweiz Pallet Transport - Professioneller Palettentransport nach \u00d6sterreich und Schweiz. Sichere Lieferung .","og_url":"https:\/\/fllux.shop\/de\/produkt\/oesterreich-schweiz-pallet-transport\/","og_site_name":"Fllux Shop","article_publisher":"https:\/\/facebook.com\/fllux.shop","og_image":[{"width":1536,"height":1024,"url":"https:\/\/fllux.shop\/wp-content\/uploads\/2025\/08\/pallet-transportation.jpg","type":"image\/jpeg"}],"twitter_card":"summary_large_image","twitter_misc":{"Preis":"110,00&nbsp;&euro; inkl. MwSt.","Verf\u00fcgbarkeit":"ausverkauft"},"schema":{"@context":"https:\/\/schema.org","@graph":[{"@type":"WebPage","@id":"https:\/\/fllux.shop\/de\/produkt\/oesterreich-schweiz-pallet-transport\/","url":"https:\/\/fllux.shop\/de\/produkt\/oesterreich-schweiz-pallet-transport\/","name":"\u00d6sterreich & Schweiz Pallet Transport - Fllux Shop","isPartOf":{"@id":"https:\/\/fllux.shop\/de\/#website"},"primaryImageOfPage":{"@id":"https:\/\/fllux.shop\/de\/produkt\/oesterreich-schweiz-pallet-transport\/#primaryimage"},"image":{"@id":"https:\/\/fllux.shop\/de\/produkt\/oesterreich-schweiz-pallet-transport\/#primaryimage"},"thumbnailUrl":"https:\/\/flluxcdn.b-cdn.net\/wp-content\/uploads\/2025\/08\/pallet-transportation.jpg","datePublished":"2025-08-27T14:06:14+00:00","description":"\u00d6sterreich & Schweiz Pallet Transport - Professioneller Palettentransport nach \u00d6sterreich und Schweiz. Sichere Lieferung .","breadcrumb":{"@id":"https:\/\/fllux.shop\/de\/produkt\/oesterreich-schweiz-pallet-transport\/#breadcrumb"},"inLanguage":"de","potentialAction":[{"@type":"ReadAction","target":["https:\/\/fllux.shop\/de\/produkt\/oesterreich-schweiz-pallet-transport\/"]}]},{"@type":"ImageObject","inLanguage":"de","@id":"https:\/\/fllux.shop\/de\/produkt\/oesterreich-schweiz-pallet-transport\/#primaryimage","url":"https:\/\/flluxcdn.b-cdn.net\/wp-content\/uploads\/2025\/08\/pallet-transportation.jpg","contentUrl":"https:\/\/flluxcdn.b-cdn.net\/wp-content\/uploads\/2025\/08\/pallet-transportation.jpg","width":1536,"height":1024,"caption":"\u00d6sterreich & Schweiz Pallet Transport"},{"@type":"BreadcrumbList","@id":"https:\/\/fllux.shop\/de\/produkt\/oesterreich-schweiz-pallet-transport\/#breadcrumb","itemListElement":[{"@type":"ListItem","position":1,"name":"Home","item":"https:\/\/fllux.shop\/de\/"},{"@type":"ListItem","position":2,"name":"Shop","item":"https:\/\/fllux.shop\/de\/shop-2\/"},{"@type":"ListItem","position":3,"name":"Transportdienstleistungen","item":"https:\/\/fllux.shop\/de\/produkt-kategorie\/transportdienstleistungen\/"},{"@type":"ListItem","position":4,"name":"\u00d6sterreich &#038; Schweiz Pallet Transport"}]},{"@type":"WebSite","@id":"https:\/\/fllux.shop\/de\/#website","url":"https:\/\/fllux.shop\/de\/","name":"Fllux Shop","description":"Your Complete Industrial Piping Partner","publisher":{"@id":"https:\/\/fllux.shop\/de\/#organization"},"potentialAction":[{"@type":"SearchAction","target":{"@type":"EntryPoint","urlTemplate":"https:\/\/fllux.shop\/de\/?s={search_term_string}"},"query-input":{"@type":"PropertyValueSpecification","valueRequired":true,"valueName":"search_term_string"}}],"inLanguage":"de"},{"@type":"Organization","@id":"https:\/\/fllux.shop\/de\/#organization","name":"Fllux Shop","url":"https:\/\/fllux.shop\/de\/","logo":{"@type":"ImageObject","inLanguage":"de","@id":"https:\/\/fllux.shop\/de\/#\/schema\/logo\/image\/","url":"https:\/\/flluxcdn.b-cdn.net\/wp-content\/uploads\/2023\/11\/cropped-dark-fllux.png","contentUrl":"https:\/\/flluxcdn.b-cdn.net\/wp-content\/uploads\/2023\/11\/cropped-dark-fllux.png","width":400,"height":136,"caption":"Fllux Shop"},"image":{"@id":"https:\/\/fllux.shop\/de\/#\/schema\/logo\/image\/"},"sameAs":["https:\/\/facebook.com\/fllux.shop"],"hasMerchantReturnPolicy":{"@type":"MerchantReturnPolicy","merchantReturnLink":"https:\/\/fllux.shop\/return-policy\/"}},false]},"product_price_amount":"110.00","product_price_currency":"EUR","og_availability":"out of stock","product_availability":"out of stock","product_condition":"new"},"yasr_visitor_votes":{"stars_attributes":{"read_only":false,"span_bottom":false},"number_of_votes":0,"sum_votes":0},"_links":{"self":[{"href":"https:\/\/fllux.shop\/de\/wp-json\/wp\/v2\/product\/37693","targetHints":{"allow":["GET"]}}],"collection":[{"href":"https:\/\/fllux.shop\/de\/wp-json\/wp\/v2\/product"}],"about":[{"href":"https:\/\/fllux.shop\/de\/wp-json\/wp\/v2\/types\/product"}],"version-history":[{"count":0,"href":"https:\/\/fllux.shop\/de\/wp-json\/wp\/v2\/product\/37693\/revisions"}],"wp:featuredmedia":[{"embeddable":true,"href":"https:\/\/fllux.shop\/de\/wp-json\/wp\/v2\/media\/37674"}],"wp:attachment":[{"href":"https:\/\/fllux.shop\/de\/wp-json\/wp\/v2\/media?parent=37693"}],"wp:term":[{"taxonomy":"product_brand","embeddable":true,"href":"https:\/\/fllux.shop\/de\/wp-json\/wp\/v2\/product_brand?post=37693"},{"taxonomy":"product_cat","embeddable":true,"href":"https:\/\/fllux.shop\/de\/wp-json\/wp\/v2\/product_cat?post=37693"},{"taxonomy":"product_tag","embeddable":true,"href":"https:\/\/fllux.shop\/de\/wp-json\/wp\/v2\/product_tag?post=37693"}],"curies":[{"name":"wp","href":"https:\/\/api.w.org\/{rel}","templated":true}]}}