{"id":18863,"date":"2023-11-16T18:26:48","date_gmt":"2023-11-16T18:26:48","guid":{"rendered":"https:\/\/fllux.shop\/product\/stahlverbinder-fuer-50-mm-schlauchkupplung\/"},"modified":"2024-05-01T18:40:06","modified_gmt":"2024-05-01T18:40:06","slug":"stahlverbinder-fuer-50-mm-schlauchkupplung","status":"publish","type":"product","link":"https:\/\/fllux.shop\/de\/produkt\/stahlverbinder-fuer-50-mm-schlauchkupplung\/","title":{"rendered":"Anschlussst\u00fcck Stahl f\u00fcr Schlauchkupplung 50mm"},"content":{"rendered":"<div class=\"content--title\">Produkt<\/div>\n<div class=\"product--description\">\n<div>Hochvakuum-Saugzubeh\u00f6r f\u00fcr Schlauch-\u00d8 50mm<\/div>\n<\/div>\n<div style='text-align:left' class='yasr-auto-insert-visitor'><\/div>","protected":false},"excerpt":{"rendered":"<p>Produkt Hochvakuum-Saugzubeh\u00f6r f\u00fcr Schlauch-\u00d8 50mm<\/p>\n","protected":false},"featured_media":9825,"template":"","meta":{"yasr_overall_rating":0,"yasr_post_is_review":"","yasr_auto_insert_disabled":"","yasr_review_type":""},"product_brand":[],"product_cat":[227,221],"product_tag":[],"class_list":{"0":"post-18863","1":"product","2":"type-product","3":"status-publish","4":"has-post-thumbnail","6":"product_cat-hochvakuum-rohrbauteile","7":"product_cat-hochvakuum-rohrleitung","9":"first","10":"outofstock","11":"taxable","12":"shipping-taxable","13":"purchasable","14":"product-type-simple"},"exclude_global_add_ons":[],"addons":[],"yoast_head":"<!-- This site is optimized with the Yoast SEO plugin v27.2 - https:\/\/yoast.com\/product\/yoast-seo-wordpress\/ -->\n<title>Anschlussst\u00fcck Stahl f\u00fcr Schlauchkupplung 50mm - Fllux Shop<\/title>\n<meta name=\"description\" content=\"Produkt Hochvakuum-Saugzubeh\u00f6r f\u00fcr Schlauch-\u00d8 50mm\" \/>\n<meta name=\"robots\" content=\"index, follow, max-snippet:-1, max-image-preview:large, max-video-preview:-1\" \/>\n<link rel=\"canonical\" href=\"https:\/\/fllux.shop\/de\/produkt\/stahlverbinder-fuer-50-mm-schlauchkupplung\/\" \/>\n<meta property=\"og:locale\" content=\"de_DE\" \/>\n<meta property=\"og:type\" content=\"article\" \/>\n<meta property=\"og:title\" content=\"Anschlussst\u00fcck Stahl f\u00fcr Schlauchkupplung 50mm - Fllux Shop\" \/>\n<meta property=\"og:description\" content=\"Produkt Hochvakuum-Saugzubeh\u00f6r f\u00fcr Schlauch-\u00d8 50mm\" \/>\n<meta property=\"og:url\" content=\"https:\/\/fllux.shop\/de\/produkt\/stahlverbinder-fuer-50-mm-schlauchkupplung\/\" \/>\n<meta property=\"og:site_name\" content=\"Fllux Shop\" \/>\n<meta property=\"article:publisher\" content=\"https:\/\/facebook.com\/fllux.shop\" \/>\n<meta property=\"article:modified_time\" content=\"2024-05-01T18:40:06+00:00\" \/>\n<meta property=\"og:image\" content=\"https:\/\/fllux.shop\/wp-content\/uploads\/2023\/11\/49.jpg\" \/>\n\t<meta property=\"og:image:width\" content=\"260\" \/>\n\t<meta property=\"og:image:height\" content=\"260\" \/>\n\t<meta property=\"og:image:type\" content=\"image\/jpeg\" \/>\n<meta name=\"twitter:card\" content=\"summary_large_image\" \/>\n<meta name=\"twitter:label1\" content=\"Preis\" \/>\n\t<meta name=\"twitter:data1\" content=\"79,99&nbsp;&euro; inkl. MwSt.\" \/>\n\t<meta name=\"twitter:label2\" content=\"Verf\u00fcgbarkeit\" \/>\n\t<meta name=\"twitter:data2\" content=\"ausverkauft\" \/>\n<script type=\"application\/ld+json\" class=\"yoast-schema-graph\">{\"@context\":\"https:\/\/schema.org\",\"@graph\":[{\"@type\":\"WebPage\",\"@id\":\"https:\/\/fllux.shop\/de\/produkt\/stahlverbinder-fuer-50-mm-schlauchkupplung\/\",\"url\":\"https:\/\/fllux.shop\/de\/produkt\/stahlverbinder-fuer-50-mm-schlauchkupplung\/\",\"name\":\"Anschlussst\u00fcck Stahl f\u00fcr Schlauchkupplung 50mm - Fllux Shop\",\"isPartOf\":{\"@id\":\"https:\/\/fllux.shop\/de\/#website\"},\"primaryImageOfPage\":{\"@id\":\"https:\/\/fllux.shop\/de\/produkt\/stahlverbinder-fuer-50-mm-schlauchkupplung\/#primaryimage\"},\"image\":{\"@id\":\"https:\/\/fllux.shop\/de\/produkt\/stahlverbinder-fuer-50-mm-schlauchkupplung\/#primaryimage\"},\"thumbnailUrl\":\"https:\/\/flluxcdn.b-cdn.net\/wp-content\/uploads\/2023\/11\/49.jpg\",\"datePublished\":\"2023-11-16T18:26:48+00:00\",\"dateModified\":\"2024-05-01T18:40:06+00:00\",\"description\":\"Produkt Hochvakuum-Saugzubeh\u00f6r f\u00fcr Schlauch-\u00d8 50mm\",\"breadcrumb\":{\"@id\":\"https:\/\/fllux.shop\/de\/produkt\/stahlverbinder-fuer-50-mm-schlauchkupplung\/#breadcrumb\"},\"inLanguage\":\"de\",\"potentialAction\":[{\"@type\":\"ReadAction\",\"target\":[\"https:\/\/fllux.shop\/de\/produkt\/stahlverbinder-fuer-50-mm-schlauchkupplung\/\"]}]},{\"@type\":\"ImageObject\",\"inLanguage\":\"de\",\"@id\":\"https:\/\/fllux.shop\/de\/produkt\/stahlverbinder-fuer-50-mm-schlauchkupplung\/#primaryimage\",\"url\":\"https:\/\/flluxcdn.b-cdn.net\/wp-content\/uploads\/2023\/11\/49.jpg\",\"contentUrl\":\"https:\/\/flluxcdn.b-cdn.net\/wp-content\/uploads\/2023\/11\/49.jpg\",\"width\":260,\"height\":260},{\"@type\":\"BreadcrumbList\",\"@id\":\"https:\/\/fllux.shop\/de\/produkt\/stahlverbinder-fuer-50-mm-schlauchkupplung\/#breadcrumb\",\"itemListElement\":[{\"@type\":\"ListItem\",\"position\":1,\"name\":\"Home\",\"item\":\"https:\/\/fllux.shop\/de\/\"},{\"@type\":\"ListItem\",\"position\":2,\"name\":\"Shop\",\"item\":\"https:\/\/fllux.shop\/de\/shop-2\/\"},{\"@type\":\"ListItem\",\"position\":3,\"name\":\"Hochvakuum Rohrleitung\",\"item\":\"https:\/\/fllux.shop\/de\/produkt-kategorie\/hochvakuum-rohrleitung\/\"},{\"@type\":\"ListItem\",\"position\":4,\"name\":\"Hochvakuum Rohrbauteile\",\"item\":\"https:\/\/fllux.shop\/de\/produkt-kategorie\/hochvakuum-rohrleitung\/hochvakuum-rohrbauteile\/\"},{\"@type\":\"ListItem\",\"position\":5,\"name\":\"Anschlussst\u00fcck Stahl f\u00fcr Schlauchkupplung 50mm\"}]},{\"@type\":\"WebSite\",\"@id\":\"https:\/\/fllux.shop\/de\/#website\",\"url\":\"https:\/\/fllux.shop\/de\/\",\"name\":\"Fllux Shop\",\"description\":\"Your Complete Industrial Piping Partner\",\"publisher\":{\"@id\":\"https:\/\/fllux.shop\/de\/#organization\"},\"potentialAction\":[{\"@type\":\"SearchAction\",\"target\":{\"@type\":\"EntryPoint\",\"urlTemplate\":\"https:\/\/fllux.shop\/de\/?s={search_term_string}\"},\"query-input\":{\"@type\":\"PropertyValueSpecification\",\"valueRequired\":true,\"valueName\":\"search_term_string\"}}],\"inLanguage\":\"de\"},{\"@type\":\"Organization\",\"@id\":\"https:\/\/fllux.shop\/de\/#organization\",\"name\":\"Fllux Shop\",\"url\":\"https:\/\/fllux.shop\/de\/\",\"logo\":{\"@type\":\"ImageObject\",\"inLanguage\":\"de\",\"@id\":\"https:\/\/fllux.shop\/de\/#\/schema\/logo\/image\/\",\"url\":\"https:\/\/flluxcdn.b-cdn.net\/wp-content\/uploads\/2023\/11\/cropped-dark-fllux.png\",\"contentUrl\":\"https:\/\/flluxcdn.b-cdn.net\/wp-content\/uploads\/2023\/11\/cropped-dark-fllux.png\",\"width\":400,\"height\":136,\"caption\":\"Fllux Shop\"},\"image\":{\"@id\":\"https:\/\/fllux.shop\/de\/#\/schema\/logo\/image\/\"},\"sameAs\":[\"https:\/\/facebook.com\/fllux.shop\"],\"hasMerchantReturnPolicy\":{\"@type\":\"MerchantReturnPolicy\",\"merchantReturnLink\":\"https:\/\/fllux.shop\/return-policy\/\"}},false]}<\/script>\n<meta property=\"product:price:amount\" content=\"79.99\" \/>\n<meta property=\"product:price:currency\" content=\"EUR\" \/>\n<meta property=\"og:availability\" content=\"out of stock\" \/>\n<meta property=\"product:availability\" content=\"out of stock\" \/>\n<meta property=\"product:condition\" content=\"new\" \/>\n<!-- \/ Yoast SEO plugin. -->","yoast_head_json":{"title":"Anschlussst\u00fcck Stahl f\u00fcr Schlauchkupplung 50mm - Fllux Shop","description":"Produkt Hochvakuum-Saugzubeh\u00f6r f\u00fcr Schlauch-\u00d8 50mm","robots":{"index":"index","follow":"follow","max-snippet":"max-snippet:-1","max-image-preview":"max-image-preview:large","max-video-preview":"max-video-preview:-1"},"canonical":"https:\/\/fllux.shop\/de\/produkt\/stahlverbinder-fuer-50-mm-schlauchkupplung\/","og_locale":"de_DE","og_type":"article","og_title":"Anschlussst\u00fcck Stahl f\u00fcr Schlauchkupplung 50mm - Fllux Shop","og_description":"Produkt Hochvakuum-Saugzubeh\u00f6r f\u00fcr Schlauch-\u00d8 50mm","og_url":"https:\/\/fllux.shop\/de\/produkt\/stahlverbinder-fuer-50-mm-schlauchkupplung\/","og_site_name":"Fllux Shop","article_publisher":"https:\/\/facebook.com\/fllux.shop","article_modified_time":"2024-05-01T18:40:06+00:00","og_image":[{"width":260,"height":260,"url":"https:\/\/fllux.shop\/wp-content\/uploads\/2023\/11\/49.jpg","type":"image\/jpeg"}],"twitter_card":"summary_large_image","twitter_misc":{"Preis":"79,99&nbsp;&euro; inkl. MwSt.","Verf\u00fcgbarkeit":"ausverkauft"},"schema":{"@context":"https:\/\/schema.org","@graph":[{"@type":"WebPage","@id":"https:\/\/fllux.shop\/de\/produkt\/stahlverbinder-fuer-50-mm-schlauchkupplung\/","url":"https:\/\/fllux.shop\/de\/produkt\/stahlverbinder-fuer-50-mm-schlauchkupplung\/","name":"Anschlussst\u00fcck Stahl f\u00fcr Schlauchkupplung 50mm - Fllux Shop","isPartOf":{"@id":"https:\/\/fllux.shop\/de\/#website"},"primaryImageOfPage":{"@id":"https:\/\/fllux.shop\/de\/produkt\/stahlverbinder-fuer-50-mm-schlauchkupplung\/#primaryimage"},"image":{"@id":"https:\/\/fllux.shop\/de\/produkt\/stahlverbinder-fuer-50-mm-schlauchkupplung\/#primaryimage"},"thumbnailUrl":"https:\/\/flluxcdn.b-cdn.net\/wp-content\/uploads\/2023\/11\/49.jpg","datePublished":"2023-11-16T18:26:48+00:00","dateModified":"2024-05-01T18:40:06+00:00","description":"Produkt Hochvakuum-Saugzubeh\u00f6r f\u00fcr Schlauch-\u00d8 50mm","breadcrumb":{"@id":"https:\/\/fllux.shop\/de\/produkt\/stahlverbinder-fuer-50-mm-schlauchkupplung\/#breadcrumb"},"inLanguage":"de","potentialAction":[{"@type":"ReadAction","target":["https:\/\/fllux.shop\/de\/produkt\/stahlverbinder-fuer-50-mm-schlauchkupplung\/"]}]},{"@type":"ImageObject","inLanguage":"de","@id":"https:\/\/fllux.shop\/de\/produkt\/stahlverbinder-fuer-50-mm-schlauchkupplung\/#primaryimage","url":"https:\/\/flluxcdn.b-cdn.net\/wp-content\/uploads\/2023\/11\/49.jpg","contentUrl":"https:\/\/flluxcdn.b-cdn.net\/wp-content\/uploads\/2023\/11\/49.jpg","width":260,"height":260},{"@type":"BreadcrumbList","@id":"https:\/\/fllux.shop\/de\/produkt\/stahlverbinder-fuer-50-mm-schlauchkupplung\/#breadcrumb","itemListElement":[{"@type":"ListItem","position":1,"name":"Home","item":"https:\/\/fllux.shop\/de\/"},{"@type":"ListItem","position":2,"name":"Shop","item":"https:\/\/fllux.shop\/de\/shop-2\/"},{"@type":"ListItem","position":3,"name":"Hochvakuum Rohrleitung","item":"https:\/\/fllux.shop\/de\/produkt-kategorie\/hochvakuum-rohrleitung\/"},{"@type":"ListItem","position":4,"name":"Hochvakuum Rohrbauteile","item":"https:\/\/fllux.shop\/de\/produkt-kategorie\/hochvakuum-rohrleitung\/hochvakuum-rohrbauteile\/"},{"@type":"ListItem","position":5,"name":"Anschlussst\u00fcck Stahl f\u00fcr Schlauchkupplung 50mm"}]},{"@type":"WebSite","@id":"https:\/\/fllux.shop\/de\/#website","url":"https:\/\/fllux.shop\/de\/","name":"Fllux Shop","description":"Your Complete Industrial Piping Partner","publisher":{"@id":"https:\/\/fllux.shop\/de\/#organization"},"potentialAction":[{"@type":"SearchAction","target":{"@type":"EntryPoint","urlTemplate":"https:\/\/fllux.shop\/de\/?s={search_term_string}"},"query-input":{"@type":"PropertyValueSpecification","valueRequired":true,"valueName":"search_term_string"}}],"inLanguage":"de"},{"@type":"Organization","@id":"https:\/\/fllux.shop\/de\/#organization","name":"Fllux Shop","url":"https:\/\/fllux.shop\/de\/","logo":{"@type":"ImageObject","inLanguage":"de","@id":"https:\/\/fllux.shop\/de\/#\/schema\/logo\/image\/","url":"https:\/\/flluxcdn.b-cdn.net\/wp-content\/uploads\/2023\/11\/cropped-dark-fllux.png","contentUrl":"https:\/\/flluxcdn.b-cdn.net\/wp-content\/uploads\/2023\/11\/cropped-dark-fllux.png","width":400,"height":136,"caption":"Fllux Shop"},"image":{"@id":"https:\/\/fllux.shop\/de\/#\/schema\/logo\/image\/"},"sameAs":["https:\/\/facebook.com\/fllux.shop"],"hasMerchantReturnPolicy":{"@type":"MerchantReturnPolicy","merchantReturnLink":"https:\/\/fllux.shop\/return-policy\/"}},false]},"product_price_amount":"79.99","product_price_currency":"EUR","og_availability":"out of stock","product_availability":"out of stock","product_condition":"new"},"yasr_visitor_votes":{"stars_attributes":{"read_only":false,"span_bottom":false},"number_of_votes":0,"sum_votes":0},"_links":{"self":[{"href":"https:\/\/fllux.shop\/de\/wp-json\/wp\/v2\/product\/18863","targetHints":{"allow":["GET"]}}],"collection":[{"href":"https:\/\/fllux.shop\/de\/wp-json\/wp\/v2\/product"}],"about":[{"href":"https:\/\/fllux.shop\/de\/wp-json\/wp\/v2\/types\/product"}],"version-history":[{"count":0,"href":"https:\/\/fllux.shop\/de\/wp-json\/wp\/v2\/product\/18863\/revisions"}],"wp:featuredmedia":[{"embeddable":true,"href":"https:\/\/fllux.shop\/de\/wp-json\/wp\/v2\/media\/9825"}],"wp:attachment":[{"href":"https:\/\/fllux.shop\/de\/wp-json\/wp\/v2\/media?parent=18863"}],"wp:term":[{"taxonomy":"product_brand","embeddable":true,"href":"https:\/\/fllux.shop\/de\/wp-json\/wp\/v2\/product_brand?post=18863"},{"taxonomy":"product_cat","embeddable":true,"href":"https:\/\/fllux.shop\/de\/wp-json\/wp\/v2\/product_cat?post=18863"},{"taxonomy":"product_tag","embeddable":true,"href":"https:\/\/fllux.shop\/de\/wp-json\/wp\/v2\/product_tag?post=18863"}],"curies":[{"name":"wp","href":"https:\/\/api.w.org\/{rel}","templated":true}]}}