{"id":18782,"date":"2023-11-16T17:14:07","date_gmt":"2023-11-16T17:14:07","guid":{"rendered":"https:\/\/fllux.shop\/product\/stahl-y-stueck-45\/"},"modified":"2024-05-02T18:02:42","modified_gmt":"2024-05-02T18:02:42","slug":"stahl-y-stueck-45","status":"publish","type":"product","link":"https:\/\/fllux.shop\/de\/produkt\/stahl-y-stueck-45\/","title":{"rendered":"Stahl Hosenst\u00fcck, 45\u00b0"},"content":{"rendered":"<div class=\"content--title\">Produkt<\/div>\n<div class=\"product--description\">\n<h4>Hosenrohre verzinkt 45\u00b0 \u00d850-203<\/h4>\n<div>Hochvakuum-Hosenst\u00fcck verzinkt, Blechst\u00e4rke 1,5-2mm<\/div>\n<\/div>\n<div class=\"product--properties panel has--border\">\n<table class=\"product--properties-table\">\n<tbody>\n<tr class=\"product--properties-row\">\n<td class=\"product--properties-label is--bold\">1:<\/td>\n<td class=\"product--properties-value\">Verzinkt<\/td>\n<\/tr>\n<tr class=\"product--properties-row\">\n<td class=\"product--properties-label is--bold\">2:<\/td>\n<td class=\"product--properties-value\">Blechst\u00e4rke 1,5-2mm<\/td>\n<\/tr>\n<\/tbody>\n<\/table>\n<\/div>\n<div style='text-align:left' class='yasr-auto-insert-visitor'><\/div>","protected":false},"excerpt":{"rendered":"<p>Produkt Hosenrohre verzinkt 45\u00b0 \u00d850-203 Hochvakuum-Hosenst\u00fcck verzinkt, Blechst\u00e4rke 1,5-2mm 1: Verzinkt 2: Blechst\u00e4rke 1,5-2mm<\/p>\n","protected":false},"featured_media":9622,"template":"","meta":{"yasr_overall_rating":0,"yasr_post_is_review":"","yasr_auto_insert_disabled":"","yasr_review_type":""},"product_brand":[],"product_cat":[224,221],"product_tag":[],"class_list":{"0":"post-18782","1":"product","2":"type-product","3":"status-publish","4":"has-post-thumbnail","6":"product_cat-hochvakuum-abzweige","7":"product_cat-hochvakuum-rohrleitung","9":"first","10":"outofstock","11":"taxable","12":"shipping-taxable","13":"product-type-variable"},"exclude_global_add_ons":[],"addons":[],"yoast_head":"<!-- This site is optimized with the Yoast SEO plugin v27.2 - https:\/\/yoast.com\/product\/yoast-seo-wordpress\/ -->\n<title>Stahl Hosenst\u00fcck, 45\u00b0 - Fllux Shop<\/title>\n<meta name=\"description\" content=\"Produkt Hosenrohre verzinkt 45\u00b0 \u00d850-203 Hochvakuum-Hosenst\u00fcck verzinkt, Blechst\u00e4rke 1,5-2mm   1: Verzinkt  2: Blechst\u00e4rke 1,5-2mm\" \/>\n<meta name=\"robots\" content=\"index, follow, max-snippet:-1, max-image-preview:large, max-video-preview:-1\" \/>\n<link rel=\"canonical\" href=\"https:\/\/fllux.shop\/de\/produkt\/stahl-y-stueck-45\/\" \/>\n<meta property=\"og:locale\" content=\"de_DE\" \/>\n<meta property=\"og:type\" content=\"article\" \/>\n<meta property=\"og:title\" content=\"Stahl Hosenst\u00fcck, 45\u00b0 - Fllux Shop\" \/>\n<meta property=\"og:description\" content=\"Produkt Hosenrohre verzinkt 45\u00b0 \u00d850-203 Hochvakuum-Hosenst\u00fcck verzinkt, Blechst\u00e4rke 1,5-2mm   1: Verzinkt  2: Blechst\u00e4rke 1,5-2mm\" \/>\n<meta property=\"og:url\" content=\"https:\/\/fllux.shop\/de\/produkt\/stahl-y-stueck-45\/\" \/>\n<meta property=\"og:site_name\" content=\"Fllux Shop\" \/>\n<meta property=\"article:publisher\" content=\"https:\/\/facebook.com\/fllux.shop\" \/>\n<meta property=\"article:modified_time\" content=\"2024-05-02T18:02:42+00:00\" \/>\n<meta property=\"og:image\" content=\"https:\/\/fllux.shop\/wp-content\/uploads\/2023\/11\/21.jpg\" \/>\n\t<meta property=\"og:image:width\" content=\"260\" \/>\n\t<meta property=\"og:image:height\" content=\"260\" \/>\n\t<meta property=\"og:image:type\" content=\"image\/jpeg\" \/>\n<meta name=\"twitter:card\" content=\"summary_large_image\" \/>\n<meta name=\"twitter:label1\" content=\"Verf\u00fcgbarkeit\" \/>\n\t<meta name=\"twitter:data1\" content=\"ausverkauft\" \/>\n<script type=\"application\/ld+json\" class=\"yoast-schema-graph\">{\"@context\":\"https:\/\/schema.org\",\"@graph\":[{\"@type\":\"WebPage\",\"@id\":\"https:\/\/fllux.shop\/de\/produkt\/stahl-y-stueck-45\/\",\"url\":\"https:\/\/fllux.shop\/de\/produkt\/stahl-y-stueck-45\/\",\"name\":\"Stahl Hosenst\u00fcck, 45\u00b0 - Fllux Shop\",\"isPartOf\":{\"@id\":\"https:\/\/fllux.shop\/de\/#website\"},\"primaryImageOfPage\":{\"@id\":\"https:\/\/fllux.shop\/de\/produkt\/stahl-y-stueck-45\/#primaryimage\"},\"image\":{\"@id\":\"https:\/\/fllux.shop\/de\/produkt\/stahl-y-stueck-45\/#primaryimage\"},\"thumbnailUrl\":\"https:\/\/flluxcdn.b-cdn.net\/wp-content\/uploads\/2023\/11\/21.jpg\",\"datePublished\":\"2023-11-16T17:14:07+00:00\",\"dateModified\":\"2024-05-02T18:02:42+00:00\",\"description\":\"Produkt Hosenrohre verzinkt 45\u00b0 \u00d850-203 Hochvakuum-Hosenst\u00fcck verzinkt, Blechst\u00e4rke 1,5-2mm 1: Verzinkt 2: Blechst\u00e4rke 1,5-2mm\",\"breadcrumb\":{\"@id\":\"https:\/\/fllux.shop\/de\/produkt\/stahl-y-stueck-45\/#breadcrumb\"},\"inLanguage\":\"de\",\"potentialAction\":[{\"@type\":\"ReadAction\",\"target\":[\"https:\/\/fllux.shop\/de\/produkt\/stahl-y-stueck-45\/\"]}]},{\"@type\":\"ImageObject\",\"inLanguage\":\"de\",\"@id\":\"https:\/\/fllux.shop\/de\/produkt\/stahl-y-stueck-45\/#primaryimage\",\"url\":\"https:\/\/flluxcdn.b-cdn.net\/wp-content\/uploads\/2023\/11\/21.jpg\",\"contentUrl\":\"https:\/\/flluxcdn.b-cdn.net\/wp-content\/uploads\/2023\/11\/21.jpg\",\"width\":260,\"height\":260},{\"@type\":\"BreadcrumbList\",\"@id\":\"https:\/\/fllux.shop\/de\/produkt\/stahl-y-stueck-45\/#breadcrumb\",\"itemListElement\":[{\"@type\":\"ListItem\",\"position\":1,\"name\":\"Home\",\"item\":\"https:\/\/fllux.shop\/de\/\"},{\"@type\":\"ListItem\",\"position\":2,\"name\":\"Shop\",\"item\":\"https:\/\/fllux.shop\/de\/shop-2\/\"},{\"@type\":\"ListItem\",\"position\":3,\"name\":\"Hochvakuum Rohrleitung\",\"item\":\"https:\/\/fllux.shop\/de\/produkt-kategorie\/hochvakuum-rohrleitung\/\"},{\"@type\":\"ListItem\",\"position\":4,\"name\":\"Hochvakuum Abzweige\",\"item\":\"https:\/\/fllux.shop\/de\/produkt-kategorie\/hochvakuum-rohrleitung\/hochvakuum-abzweige\/\"},{\"@type\":\"ListItem\",\"position\":5,\"name\":\"Stahl Hosenst\u00fcck, 45\u00b0\"}]},{\"@type\":\"WebSite\",\"@id\":\"https:\/\/fllux.shop\/de\/#website\",\"url\":\"https:\/\/fllux.shop\/de\/\",\"name\":\"Fllux Shop\",\"description\":\"Your Complete Industrial Piping Partner\",\"publisher\":{\"@id\":\"https:\/\/fllux.shop\/de\/#organization\"},\"potentialAction\":[{\"@type\":\"SearchAction\",\"target\":{\"@type\":\"EntryPoint\",\"urlTemplate\":\"https:\/\/fllux.shop\/de\/?s={search_term_string}\"},\"query-input\":{\"@type\":\"PropertyValueSpecification\",\"valueRequired\":true,\"valueName\":\"search_term_string\"}}],\"inLanguage\":\"de\"},{\"@type\":\"Organization\",\"@id\":\"https:\/\/fllux.shop\/de\/#organization\",\"name\":\"Fllux Shop\",\"url\":\"https:\/\/fllux.shop\/de\/\",\"logo\":{\"@type\":\"ImageObject\",\"inLanguage\":\"de\",\"@id\":\"https:\/\/fllux.shop\/de\/#\/schema\/logo\/image\/\",\"url\":\"https:\/\/flluxcdn.b-cdn.net\/wp-content\/uploads\/2023\/11\/cropped-dark-fllux.png\",\"contentUrl\":\"https:\/\/flluxcdn.b-cdn.net\/wp-content\/uploads\/2023\/11\/cropped-dark-fllux.png\",\"width\":400,\"height\":136,\"caption\":\"Fllux Shop\"},\"image\":{\"@id\":\"https:\/\/fllux.shop\/de\/#\/schema\/logo\/image\/\"},\"sameAs\":[\"https:\/\/facebook.com\/fllux.shop\"],\"hasMerchantReturnPolicy\":{\"@type\":\"MerchantReturnPolicy\",\"merchantReturnLink\":\"https:\/\/fllux.shop\/return-policy\/\"}},false]}<\/script>\n<meta property=\"og:availability\" content=\"out of stock\" \/>\n<meta property=\"product:availability\" content=\"out of stock\" \/>\n<meta property=\"product:condition\" content=\"new\" \/>\n<!-- \/ Yoast SEO plugin. -->","yoast_head_json":{"title":"Stahl Hosenst\u00fcck, 45\u00b0 - Fllux Shop","description":"Produkt Hosenrohre verzinkt 45\u00b0 \u00d850-203 Hochvakuum-Hosenst\u00fcck verzinkt, Blechst\u00e4rke 1,5-2mm   1: Verzinkt  2: Blechst\u00e4rke 1,5-2mm","robots":{"index":"index","follow":"follow","max-snippet":"max-snippet:-1","max-image-preview":"max-image-preview:large","max-video-preview":"max-video-preview:-1"},"canonical":"https:\/\/fllux.shop\/de\/produkt\/stahl-y-stueck-45\/","og_locale":"de_DE","og_type":"article","og_title":"Stahl Hosenst\u00fcck, 45\u00b0 - Fllux Shop","og_description":"Produkt Hosenrohre verzinkt 45\u00b0 \u00d850-203 Hochvakuum-Hosenst\u00fcck verzinkt, Blechst\u00e4rke 1,5-2mm   1: Verzinkt  2: Blechst\u00e4rke 1,5-2mm","og_url":"https:\/\/fllux.shop\/de\/produkt\/stahl-y-stueck-45\/","og_site_name":"Fllux Shop","article_publisher":"https:\/\/facebook.com\/fllux.shop","article_modified_time":"2024-05-02T18:02:42+00:00","og_image":[{"width":260,"height":260,"url":"https:\/\/fllux.shop\/wp-content\/uploads\/2023\/11\/21.jpg","type":"image\/jpeg"}],"twitter_card":"summary_large_image","twitter_misc":{"Verf\u00fcgbarkeit":"ausverkauft"},"schema":{"@context":"https:\/\/schema.org","@graph":[{"@type":"WebPage","@id":"https:\/\/fllux.shop\/de\/produkt\/stahl-y-stueck-45\/","url":"https:\/\/fllux.shop\/de\/produkt\/stahl-y-stueck-45\/","name":"Stahl Hosenst\u00fcck, 45\u00b0 - Fllux Shop","isPartOf":{"@id":"https:\/\/fllux.shop\/de\/#website"},"primaryImageOfPage":{"@id":"https:\/\/fllux.shop\/de\/produkt\/stahl-y-stueck-45\/#primaryimage"},"image":{"@id":"https:\/\/fllux.shop\/de\/produkt\/stahl-y-stueck-45\/#primaryimage"},"thumbnailUrl":"https:\/\/flluxcdn.b-cdn.net\/wp-content\/uploads\/2023\/11\/21.jpg","datePublished":"2023-11-16T17:14:07+00:00","dateModified":"2024-05-02T18:02:42+00:00","description":"Produkt Hosenrohre verzinkt 45\u00b0 \u00d850-203 Hochvakuum-Hosenst\u00fcck verzinkt, Blechst\u00e4rke 1,5-2mm 1: Verzinkt 2: Blechst\u00e4rke 1,5-2mm","breadcrumb":{"@id":"https:\/\/fllux.shop\/de\/produkt\/stahl-y-stueck-45\/#breadcrumb"},"inLanguage":"de","potentialAction":[{"@type":"ReadAction","target":["https:\/\/fllux.shop\/de\/produkt\/stahl-y-stueck-45\/"]}]},{"@type":"ImageObject","inLanguage":"de","@id":"https:\/\/fllux.shop\/de\/produkt\/stahl-y-stueck-45\/#primaryimage","url":"https:\/\/flluxcdn.b-cdn.net\/wp-content\/uploads\/2023\/11\/21.jpg","contentUrl":"https:\/\/flluxcdn.b-cdn.net\/wp-content\/uploads\/2023\/11\/21.jpg","width":260,"height":260},{"@type":"BreadcrumbList","@id":"https:\/\/fllux.shop\/de\/produkt\/stahl-y-stueck-45\/#breadcrumb","itemListElement":[{"@type":"ListItem","position":1,"name":"Home","item":"https:\/\/fllux.shop\/de\/"},{"@type":"ListItem","position":2,"name":"Shop","item":"https:\/\/fllux.shop\/de\/shop-2\/"},{"@type":"ListItem","position":3,"name":"Hochvakuum Rohrleitung","item":"https:\/\/fllux.shop\/de\/produkt-kategorie\/hochvakuum-rohrleitung\/"},{"@type":"ListItem","position":4,"name":"Hochvakuum Abzweige","item":"https:\/\/fllux.shop\/de\/produkt-kategorie\/hochvakuum-rohrleitung\/hochvakuum-abzweige\/"},{"@type":"ListItem","position":5,"name":"Stahl Hosenst\u00fcck, 45\u00b0"}]},{"@type":"WebSite","@id":"https:\/\/fllux.shop\/de\/#website","url":"https:\/\/fllux.shop\/de\/","name":"Fllux Shop","description":"Your Complete Industrial Piping Partner","publisher":{"@id":"https:\/\/fllux.shop\/de\/#organization"},"potentialAction":[{"@type":"SearchAction","target":{"@type":"EntryPoint","urlTemplate":"https:\/\/fllux.shop\/de\/?s={search_term_string}"},"query-input":{"@type":"PropertyValueSpecification","valueRequired":true,"valueName":"search_term_string"}}],"inLanguage":"de"},{"@type":"Organization","@id":"https:\/\/fllux.shop\/de\/#organization","name":"Fllux Shop","url":"https:\/\/fllux.shop\/de\/","logo":{"@type":"ImageObject","inLanguage":"de","@id":"https:\/\/fllux.shop\/de\/#\/schema\/logo\/image\/","url":"https:\/\/flluxcdn.b-cdn.net\/wp-content\/uploads\/2023\/11\/cropped-dark-fllux.png","contentUrl":"https:\/\/flluxcdn.b-cdn.net\/wp-content\/uploads\/2023\/11\/cropped-dark-fllux.png","width":400,"height":136,"caption":"Fllux Shop"},"image":{"@id":"https:\/\/fllux.shop\/de\/#\/schema\/logo\/image\/"},"sameAs":["https:\/\/facebook.com\/fllux.shop"],"hasMerchantReturnPolicy":{"@type":"MerchantReturnPolicy","merchantReturnLink":"https:\/\/fllux.shop\/return-policy\/"}},false]},"og_availability":"out of stock","product_availability":"out of stock","product_condition":"new"},"yasr_visitor_votes":{"stars_attributes":{"read_only":false,"span_bottom":false},"number_of_votes":0,"sum_votes":0},"_links":{"self":[{"href":"https:\/\/fllux.shop\/de\/wp-json\/wp\/v2\/product\/18782","targetHints":{"allow":["GET"]}}],"collection":[{"href":"https:\/\/fllux.shop\/de\/wp-json\/wp\/v2\/product"}],"about":[{"href":"https:\/\/fllux.shop\/de\/wp-json\/wp\/v2\/types\/product"}],"version-history":[{"count":0,"href":"https:\/\/fllux.shop\/de\/wp-json\/wp\/v2\/product\/18782\/revisions"}],"wp:featuredmedia":[{"embeddable":true,"href":"https:\/\/fllux.shop\/de\/wp-json\/wp\/v2\/media\/9622"}],"wp:attachment":[{"href":"https:\/\/fllux.shop\/de\/wp-json\/wp\/v2\/media?parent=18782"}],"wp:term":[{"taxonomy":"product_brand","embeddable":true,"href":"https:\/\/fllux.shop\/de\/wp-json\/wp\/v2\/product_brand?post=18782"},{"taxonomy":"product_cat","embeddable":true,"href":"https:\/\/fllux.shop\/de\/wp-json\/wp\/v2\/product_cat?post=18782"},{"taxonomy":"product_tag","embeddable":true,"href":"https:\/\/fllux.shop\/de\/wp-json\/wp\/v2\/product_tag?post=18782"}],"curies":[{"name":"wp","href":"https:\/\/api.w.org\/{rel}","templated":true}]}}