{"id":18432,"date":"2023-11-19T15:36:37","date_gmt":"2023-11-19T14:36:37","guid":{"rendered":"https:\/\/fllux.shop\/product\/mobil-100\/"},"modified":"2024-05-01T17:46:17","modified_gmt":"2024-05-01T17:46:17","slug":"mobil-100","status":"publish","type":"product","link":"https:\/\/fllux.shop\/de\/produkt\/mobil-100\/","title":{"rendered":"MOBIL 100"},"content":{"rendered":"<div class=\"product--description\">\n<h3>Beschreibung der Pflanze<\/h3>\n<p>Der mobile Rohluftentstauber AL-KO MOBIL 100 ist universell einsetzbar und eignet sich ideal f\u00fcr den Einsatz in den Bereichen Papier, Kunststoff, Styropor, Metall, Holz*-Hobby, etc. Das liegt an seinem geringen Gewicht und dem leichten, handlichen Absaugsystem. Mit seinen lenkbaren Industrierollen l\u00e4sst sich der Staubabscheider jederzeit und \u00fcberall leicht an seinen jeweiligen Standort bewegen. Das Ger\u00e4t sorgt also zuverl\u00e4ssig f\u00fcr saubere Luft am Arbeitsplatz. Das Wechseln der Chipst\u00fcte ist mit Hilfe einer Schnellverschlussklemme ganz einfach. Der auf der Rohluftseite angeordnete Ventilator befindet sich in einem str\u00f6mungsoptimierten Geh\u00e4use. Mit Hilfe eines speziellen Kunststoffspritzgussverfahrens wurde das Laufrad des Ventilators mit den r\u00fcckw\u00e4rts gekr\u00fcmmten Schaufeln aus schlagfestem Kunststoff optimal geformt. Selbst bei voller Saugleistung ist der Stromverbrauch bei optimierter Effizienz geringer. Die Vorabscheidung eines Gro\u00dfteils des Materials wird bereits im Ansaugbereich durch einen Zyklon erreicht. Es werden standardm\u00e4\u00dfig BIA-gepr\u00fcfte Filter der Kategorie L verwendet. Auch das Preis-Leistungs-Verh\u00e4ltnis dieses Ger\u00e4ts stimmt, denn der hochfeste Spezialkunststoff garantiert eine lange Nutzungsdauer.<\/p>\n<p>*!! In der Holzindustrie ist die Verwendung im Arbeitsbereich in Deutschland, \u00d6sterreich und der Schweiz nicht erlaubt!!!<\/p>\n<h4>Technische Daten:<\/h4>\n<ul>\n<li>Ansaugstutzen: \u00f8 100 mm<\/li>\n<li>Motorleistung: 0,75 kW \/ 1 Ph<\/li>\n<li>Spannung: 230V \/ 50Hz<\/li>\n<li>Max. Volumenstrom: 865 m\u00b3\/h<\/li>\n<li>Max. Unterdruck: 1.780 Pa<\/li>\n<li>Filterfl\u00e4che: 1.1 m\u00b2<\/li>\n<li>Filterreinigung: manuelle Reinigung<\/li>\n<li>Filtermaterial: Kat. L<\/li>\n<li>Sp\u00e4neauffangvolumen: 90 Liter<\/li>\n<li>Abmessungen (L x BXH): 883 x 479 x 1.622 mm<\/li>\n<li>Gewicht: ca. 26 kg<\/li>\n<li>Farbe Basis: RAL 7035 (hellgrau)<\/li>\n<\/ul>\n<\/div>\n<div class=\"product--properties panel has--border\">\n<table class=\"product--properties-table\">\n<tbody>\n<tr class=\"product--properties-row\">\n<td class=\"product--properties-label is--bold\">Max. Volumenstrom:<\/td>\n<td class=\"product--properties-value\">865 m\u00b3\/h<\/td>\n<\/tr>\n<tr class=\"product--properties-row\">\n<td class=\"product--properties-label is--bold\">Bereich filtern:<\/td>\n<td class=\"product--properties-value\">1.1 m\u00b2<\/td>\n<\/tr>\n<tr class=\"product--properties-row\">\n<td class=\"product--properties-label is--bold\">Volumen der Sp\u00e4neerfassung (netto\/brutto):<\/td>\n<td class=\"product--properties-value\">90L<\/td>\n<\/tr>\n<\/tbody>\n<\/table>\n<\/div>\n<div style='text-align:left' class='yasr-auto-insert-visitor'><\/div>","protected":false},"excerpt":{"rendered":"<p>Beschreibung der Pflanze Der mobile Rohluftentstauber AL-KO MOBIL 100 ist universell einsetzbar und eignet sich ideal f\u00fcr den Einsatz in den Bereichen Papier, Kunststoff, Styropor, Metall, Holz*-Hobby, etc. Das liegt an seinem geringen Gewicht und dem leichten, handlichen Absaugsystem. Mit seinen lenkbaren Industrierollen l\u00e4sst sich der Staubabscheider jederzeit und \u00fcberall leicht an seinen jeweiligen Standort [&hellip;]<\/p>\n","protected":false},"featured_media":11579,"template":"","meta":{"yasr_overall_rating":0,"yasr_post_is_review":"","yasr_auto_insert_disabled":"","yasr_review_type":""},"product_brand":[],"product_cat":[232,245],"product_tag":[],"class_list":{"0":"post-18432","1":"product","2":"type-product","3":"status-publish","4":"has-post-thumbnail","6":"product_cat-absauggeraet","7":"product_cat-mobile-rohluftentstauber","9":"first","10":"outofstock","11":"taxable","12":"shipping-taxable","13":"purchasable","14":"product-type-simple"},"exclude_global_add_ons":[],"addons":[],"yoast_head":"<!-- This site is optimized with the Yoast SEO plugin v27.2 - https:\/\/yoast.com\/product\/yoast-seo-wordpress\/ -->\n<title>MOBIL 100 - Fllux Shop<\/title>\n<meta name=\"description\" content=\"Beschreibung der Pflanze Der mobile Rohluftentstauber AL-KO MOBIL 100 ist universell einsetzbar und eignet sich ideal f\u00fcr den Einsatz in den Bereichen\" \/>\n<meta name=\"robots\" content=\"index, follow, max-snippet:-1, max-image-preview:large, max-video-preview:-1\" \/>\n<link rel=\"canonical\" href=\"https:\/\/fllux.shop\/de\/produkt\/mobil-100\/\" \/>\n<meta property=\"og:locale\" content=\"de_DE\" \/>\n<meta property=\"og:type\" content=\"article\" \/>\n<meta property=\"og:title\" content=\"MOBIL 100 - Fllux Shop\" \/>\n<meta property=\"og:description\" content=\"Beschreibung der Pflanze Der mobile Rohluftentstauber AL-KO MOBIL 100 ist universell einsetzbar und eignet sich ideal f\u00fcr den Einsatz in den Bereichen\" \/>\n<meta property=\"og:url\" content=\"https:\/\/fllux.shop\/de\/produkt\/mobil-100\/\" \/>\n<meta property=\"og:site_name\" content=\"Fllux Shop\" \/>\n<meta property=\"article:publisher\" content=\"https:\/\/facebook.com\/fllux.shop\" \/>\n<meta property=\"article:modified_time\" content=\"2024-05-01T17:46:17+00:00\" \/>\n<meta property=\"og:image\" content=\"https:\/\/fllux.shop\/wp-content\/uploads\/2023\/11\/mobil-100.jpg\" \/>\n\t<meta property=\"og:image:width\" content=\"1389\" \/>\n\t<meta property=\"og:image:height\" content=\"2341\" \/>\n\t<meta property=\"og:image:type\" content=\"image\/jpeg\" \/>\n<meta name=\"twitter:card\" content=\"summary_large_image\" \/>\n<meta name=\"twitter:label1\" content=\"Preis\" \/>\n\t<meta name=\"twitter:data1\" content=\"1.048,99&nbsp;&euro; inkl. MwSt.\" \/>\n\t<meta name=\"twitter:label2\" content=\"Verf\u00fcgbarkeit\" \/>\n\t<meta name=\"twitter:data2\" content=\"ausverkauft\" \/>\n<script type=\"application\/ld+json\" class=\"yoast-schema-graph\">{\"@context\":\"https:\/\/schema.org\",\"@graph\":[{\"@type\":\"WebPage\",\"@id\":\"https:\/\/fllux.shop\/de\/produkt\/mobil-100\/\",\"url\":\"https:\/\/fllux.shop\/de\/produkt\/mobil-100\/\",\"name\":\"MOBIL 100 - Fllux Shop\",\"isPartOf\":{\"@id\":\"https:\/\/fllux.shop\/de\/#website\"},\"primaryImageOfPage\":{\"@id\":\"https:\/\/fllux.shop\/de\/produkt\/mobil-100\/#primaryimage\"},\"image\":{\"@id\":\"https:\/\/fllux.shop\/de\/produkt\/mobil-100\/#primaryimage\"},\"thumbnailUrl\":\"https:\/\/flluxcdn.b-cdn.net\/wp-content\/uploads\/2023\/11\/mobil-100.jpg\",\"datePublished\":\"2023-11-19T14:36:37+00:00\",\"dateModified\":\"2024-05-01T17:46:17+00:00\",\"description\":\"Beschreibung der Pflanze Der mobile Rohluftentstauber AL-KO MOBIL 100 ist universell einsetzbar und eignet sich ideal f\u00fcr den Einsatz in den Bereichen\",\"breadcrumb\":{\"@id\":\"https:\/\/fllux.shop\/de\/produkt\/mobil-100\/#breadcrumb\"},\"inLanguage\":\"de\",\"potentialAction\":[{\"@type\":\"ReadAction\",\"target\":[\"https:\/\/fllux.shop\/de\/produkt\/mobil-100\/\"]}]},{\"@type\":\"ImageObject\",\"inLanguage\":\"de\",\"@id\":\"https:\/\/fllux.shop\/de\/produkt\/mobil-100\/#primaryimage\",\"url\":\"https:\/\/flluxcdn.b-cdn.net\/wp-content\/uploads\/2023\/11\/mobil-100.jpg\",\"contentUrl\":\"https:\/\/flluxcdn.b-cdn.net\/wp-content\/uploads\/2023\/11\/mobil-100.jpg\",\"width\":1389,\"height\":2341},{\"@type\":\"BreadcrumbList\",\"@id\":\"https:\/\/fllux.shop\/de\/produkt\/mobil-100\/#breadcrumb\",\"itemListElement\":[{\"@type\":\"ListItem\",\"position\":1,\"name\":\"Home\",\"item\":\"https:\/\/fllux.shop\/de\/\"},{\"@type\":\"ListItem\",\"position\":2,\"name\":\"Shop\",\"item\":\"https:\/\/fllux.shop\/de\/shop-2\/\"},{\"@type\":\"ListItem\",\"position\":3,\"name\":\"Absaugger\u00e4te\",\"item\":\"https:\/\/fllux.shop\/de\/produkt-kategorie\/absauggeraet\/\"},{\"@type\":\"ListItem\",\"position\":4,\"name\":\"MOBIL 100\"}]},{\"@type\":\"WebSite\",\"@id\":\"https:\/\/fllux.shop\/de\/#website\",\"url\":\"https:\/\/fllux.shop\/de\/\",\"name\":\"Fllux Shop\",\"description\":\"Your Complete Industrial Piping Partner\",\"publisher\":{\"@id\":\"https:\/\/fllux.shop\/de\/#organization\"},\"potentialAction\":[{\"@type\":\"SearchAction\",\"target\":{\"@type\":\"EntryPoint\",\"urlTemplate\":\"https:\/\/fllux.shop\/de\/?s={search_term_string}\"},\"query-input\":{\"@type\":\"PropertyValueSpecification\",\"valueRequired\":true,\"valueName\":\"search_term_string\"}}],\"inLanguage\":\"de\"},{\"@type\":\"Organization\",\"@id\":\"https:\/\/fllux.shop\/de\/#organization\",\"name\":\"Fllux Shop\",\"url\":\"https:\/\/fllux.shop\/de\/\",\"logo\":{\"@type\":\"ImageObject\",\"inLanguage\":\"de\",\"@id\":\"https:\/\/fllux.shop\/de\/#\/schema\/logo\/image\/\",\"url\":\"https:\/\/flluxcdn.b-cdn.net\/wp-content\/uploads\/2023\/11\/cropped-dark-fllux.png\",\"contentUrl\":\"https:\/\/flluxcdn.b-cdn.net\/wp-content\/uploads\/2023\/11\/cropped-dark-fllux.png\",\"width\":400,\"height\":136,\"caption\":\"Fllux Shop\"},\"image\":{\"@id\":\"https:\/\/fllux.shop\/de\/#\/schema\/logo\/image\/\"},\"sameAs\":[\"https:\/\/facebook.com\/fllux.shop\"],\"hasMerchantReturnPolicy\":{\"@type\":\"MerchantReturnPolicy\",\"merchantReturnLink\":\"https:\/\/fllux.shop\/return-policy\/\"}},false]}<\/script>\n<meta property=\"product:price:amount\" content=\"1048.99\" \/>\n<meta property=\"product:price:currency\" content=\"EUR\" \/>\n<meta property=\"og:availability\" content=\"out of stock\" \/>\n<meta property=\"product:availability\" content=\"out of stock\" \/>\n<meta property=\"product:condition\" content=\"new\" \/>\n<!-- \/ Yoast SEO plugin. -->","yoast_head_json":{"title":"MOBIL 100 - Fllux Shop","description":"Beschreibung der Pflanze Der mobile Rohluftentstauber AL-KO MOBIL 100 ist universell einsetzbar und eignet sich ideal f\u00fcr den Einsatz in den Bereichen","robots":{"index":"index","follow":"follow","max-snippet":"max-snippet:-1","max-image-preview":"max-image-preview:large","max-video-preview":"max-video-preview:-1"},"canonical":"https:\/\/fllux.shop\/de\/produkt\/mobil-100\/","og_locale":"de_DE","og_type":"article","og_title":"MOBIL 100 - Fllux Shop","og_description":"Beschreibung der Pflanze Der mobile Rohluftentstauber AL-KO MOBIL 100 ist universell einsetzbar und eignet sich ideal f\u00fcr den Einsatz in den Bereichen","og_url":"https:\/\/fllux.shop\/de\/produkt\/mobil-100\/","og_site_name":"Fllux Shop","article_publisher":"https:\/\/facebook.com\/fllux.shop","article_modified_time":"2024-05-01T17:46:17+00:00","og_image":[{"width":1389,"height":2341,"url":"https:\/\/fllux.shop\/wp-content\/uploads\/2023\/11\/mobil-100.jpg","type":"image\/jpeg"}],"twitter_card":"summary_large_image","twitter_misc":{"Preis":"1.048,99&nbsp;&euro; inkl. MwSt.","Verf\u00fcgbarkeit":"ausverkauft"},"schema":{"@context":"https:\/\/schema.org","@graph":[{"@type":"WebPage","@id":"https:\/\/fllux.shop\/de\/produkt\/mobil-100\/","url":"https:\/\/fllux.shop\/de\/produkt\/mobil-100\/","name":"MOBIL 100 - Fllux Shop","isPartOf":{"@id":"https:\/\/fllux.shop\/de\/#website"},"primaryImageOfPage":{"@id":"https:\/\/fllux.shop\/de\/produkt\/mobil-100\/#primaryimage"},"image":{"@id":"https:\/\/fllux.shop\/de\/produkt\/mobil-100\/#primaryimage"},"thumbnailUrl":"https:\/\/flluxcdn.b-cdn.net\/wp-content\/uploads\/2023\/11\/mobil-100.jpg","datePublished":"2023-11-19T14:36:37+00:00","dateModified":"2024-05-01T17:46:17+00:00","description":"Beschreibung der Pflanze Der mobile Rohluftentstauber AL-KO MOBIL 100 ist universell einsetzbar und eignet sich ideal f\u00fcr den Einsatz in den Bereichen","breadcrumb":{"@id":"https:\/\/fllux.shop\/de\/produkt\/mobil-100\/#breadcrumb"},"inLanguage":"de","potentialAction":[{"@type":"ReadAction","target":["https:\/\/fllux.shop\/de\/produkt\/mobil-100\/"]}]},{"@type":"ImageObject","inLanguage":"de","@id":"https:\/\/fllux.shop\/de\/produkt\/mobil-100\/#primaryimage","url":"https:\/\/flluxcdn.b-cdn.net\/wp-content\/uploads\/2023\/11\/mobil-100.jpg","contentUrl":"https:\/\/flluxcdn.b-cdn.net\/wp-content\/uploads\/2023\/11\/mobil-100.jpg","width":1389,"height":2341},{"@type":"BreadcrumbList","@id":"https:\/\/fllux.shop\/de\/produkt\/mobil-100\/#breadcrumb","itemListElement":[{"@type":"ListItem","position":1,"name":"Home","item":"https:\/\/fllux.shop\/de\/"},{"@type":"ListItem","position":2,"name":"Shop","item":"https:\/\/fllux.shop\/de\/shop-2\/"},{"@type":"ListItem","position":3,"name":"Absaugger\u00e4te","item":"https:\/\/fllux.shop\/de\/produkt-kategorie\/absauggeraet\/"},{"@type":"ListItem","position":4,"name":"MOBIL 100"}]},{"@type":"WebSite","@id":"https:\/\/fllux.shop\/de\/#website","url":"https:\/\/fllux.shop\/de\/","name":"Fllux Shop","description":"Your Complete Industrial Piping Partner","publisher":{"@id":"https:\/\/fllux.shop\/de\/#organization"},"potentialAction":[{"@type":"SearchAction","target":{"@type":"EntryPoint","urlTemplate":"https:\/\/fllux.shop\/de\/?s={search_term_string}"},"query-input":{"@type":"PropertyValueSpecification","valueRequired":true,"valueName":"search_term_string"}}],"inLanguage":"de"},{"@type":"Organization","@id":"https:\/\/fllux.shop\/de\/#organization","name":"Fllux Shop","url":"https:\/\/fllux.shop\/de\/","logo":{"@type":"ImageObject","inLanguage":"de","@id":"https:\/\/fllux.shop\/de\/#\/schema\/logo\/image\/","url":"https:\/\/flluxcdn.b-cdn.net\/wp-content\/uploads\/2023\/11\/cropped-dark-fllux.png","contentUrl":"https:\/\/flluxcdn.b-cdn.net\/wp-content\/uploads\/2023\/11\/cropped-dark-fllux.png","width":400,"height":136,"caption":"Fllux Shop"},"image":{"@id":"https:\/\/fllux.shop\/de\/#\/schema\/logo\/image\/"},"sameAs":["https:\/\/facebook.com\/fllux.shop"],"hasMerchantReturnPolicy":{"@type":"MerchantReturnPolicy","merchantReturnLink":"https:\/\/fllux.shop\/return-policy\/"}},false]},"product_price_amount":"1048.99","product_price_currency":"EUR","og_availability":"out of stock","product_availability":"out of stock","product_condition":"new"},"yasr_visitor_votes":{"stars_attributes":{"read_only":false,"span_bottom":false},"number_of_votes":0,"sum_votes":0},"_links":{"self":[{"href":"https:\/\/fllux.shop\/de\/wp-json\/wp\/v2\/product\/18432","targetHints":{"allow":["GET"]}}],"collection":[{"href":"https:\/\/fllux.shop\/de\/wp-json\/wp\/v2\/product"}],"about":[{"href":"https:\/\/fllux.shop\/de\/wp-json\/wp\/v2\/types\/product"}],"version-history":[{"count":0,"href":"https:\/\/fllux.shop\/de\/wp-json\/wp\/v2\/product\/18432\/revisions"}],"wp:featuredmedia":[{"embeddable":true,"href":"https:\/\/fllux.shop\/de\/wp-json\/wp\/v2\/media\/11579"}],"wp:attachment":[{"href":"https:\/\/fllux.shop\/de\/wp-json\/wp\/v2\/media?parent=18432"}],"wp:term":[{"taxonomy":"product_brand","embeddable":true,"href":"https:\/\/fllux.shop\/de\/wp-json\/wp\/v2\/product_brand?post=18432"},{"taxonomy":"product_cat","embeddable":true,"href":"https:\/\/fllux.shop\/de\/wp-json\/wp\/v2\/product_cat?post=18432"},{"taxonomy":"product_tag","embeddable":true,"href":"https:\/\/fllux.shop\/de\/wp-json\/wp\/v2\/product_tag?post=18432"}],"curies":[{"name":"wp","href":"https:\/\/api.w.org\/{rel}","templated":true}]}}