{"id":18089,"date":"2023-11-21T22:09:27","date_gmt":"2023-11-21T19:09:27","guid":{"rendered":"https:\/\/fllux.shop\/product\/kugelhahn-mit-fluegelgriff-1-2-ig-ig\/"},"modified":"2024-06-12T16:06:02","modified_gmt":"2024-06-12T16:06:02","slug":"kugelhahn-mit-fluegelgriff-1-2-ig-ig","status":"publish","type":"product","link":"https:\/\/fllux.shop\/de\/produkt\/kugelhahn-mit-fluegelgriff-1-2-ig-ig\/","title":{"rendered":"Kugelhahn mit Fl\u00fcgelgriff 1\/2&#8243;, Innengewinde"},"content":{"rendered":"<div style='text-align:left' class='yasr-auto-insert-visitor'><\/div>","protected":false},"excerpt":{"rendered":"","protected":false},"featured_media":12880,"template":"","meta":{"yasr_overall_rating":0,"yasr_post_is_review":"","yasr_auto_insert_disabled":"","yasr_review_type":""},"product_brand":[],"product_cat":[212,208],"product_tag":[],"class_list":{"0":"post-18089","1":"product","2":"type-product","3":"status-publish","4":"has-post-thumbnail","6":"product_cat-armaturen","7":"product_cat-druckluftzubehor","9":"first","10":"outofstock","11":"taxable","12":"shipping-taxable","13":"product-type-variable"},"exclude_global_add_ons":[],"addons":[],"yoast_head":"<!-- This site is optimized with the Yoast SEO plugin v27.2 - https:\/\/yoast.com\/product\/yoast-seo-wordpress\/ -->\n<title>Kugelhahn mit Fl\u00fcgelgriff 1\/2&quot;, Innengewinde - Fllux Shop<\/title>\n<meta name=\"description\" content=\"Langlebiger Kugelhahn mit Fl\u00fcgelgriff (1\/2&quot; IG\/IG) f\u00fcr Druckluft- und Heizungssysteme. Messingausf\u00fchrung mit PTFE-Dichtungen f\u00fcr optimale Leistung.\" \/>\n<meta name=\"robots\" content=\"index, follow, max-snippet:-1, max-image-preview:large, max-video-preview:-1\" \/>\n<link rel=\"canonical\" href=\"https:\/\/fllux.shop\/de\/produkt\/kugelhahn-mit-fluegelgriff-1-2-ig-ig\/\" \/>\n<meta property=\"og:locale\" content=\"de_DE\" \/>\n<meta property=\"og:type\" content=\"article\" \/>\n<meta property=\"og:title\" content=\"Kugelhahn mit Fl\u00fcgelgriff 1\/2&quot;, Innengewinde - Fllux Shop\" \/>\n<meta property=\"og:description\" content=\"Langlebiger Kugelhahn mit Fl\u00fcgelgriff (1\/2&quot; IG\/IG) f\u00fcr Druckluft- und Heizungssysteme. Messingausf\u00fchrung mit PTFE-Dichtungen f\u00fcr optimale Leistung.\" \/>\n<meta property=\"og:url\" content=\"https:\/\/fllux.shop\/de\/produkt\/kugelhahn-mit-fluegelgriff-1-2-ig-ig\/\" \/>\n<meta property=\"og:site_name\" content=\"Fllux Shop\" \/>\n<meta property=\"article:publisher\" content=\"https:\/\/facebook.com\/fllux.shop\" \/>\n<meta property=\"article:modified_time\" content=\"2024-06-12T16:06:02+00:00\" \/>\n<meta property=\"og:image\" content=\"https:\/\/fllux.shop\/wp-content\/uploads\/2023\/11\/BR-SSV-KHF-II_600x600.jpg\" \/>\n\t<meta property=\"og:image:width\" content=\"600\" \/>\n\t<meta property=\"og:image:height\" content=\"600\" \/>\n\t<meta property=\"og:image:type\" content=\"image\/jpeg\" \/>\n<meta name=\"twitter:card\" content=\"summary_large_image\" \/>\n<meta name=\"twitter:label1\" content=\"Verf\u00fcgbarkeit\" \/>\n\t<meta name=\"twitter:data1\" content=\"ausverkauft\" \/>\n<script type=\"application\/ld+json\" class=\"yoast-schema-graph\">{\"@context\":\"https:\/\/schema.org\",\"@graph\":[{\"@type\":\"WebPage\",\"@id\":\"https:\/\/fllux.shop\/de\/produkt\/kugelhahn-mit-fluegelgriff-1-2-ig-ig\/\",\"url\":\"https:\/\/fllux.shop\/de\/produkt\/kugelhahn-mit-fluegelgriff-1-2-ig-ig\/\",\"name\":\"Kugelhahn mit Fl\u00fcgelgriff 1\/2\\\", Innengewinde - Fllux Shop\",\"isPartOf\":{\"@id\":\"https:\/\/fllux.shop\/de\/#website\"},\"primaryImageOfPage\":{\"@id\":\"https:\/\/fllux.shop\/de\/produkt\/kugelhahn-mit-fluegelgriff-1-2-ig-ig\/#primaryimage\"},\"image\":{\"@id\":\"https:\/\/fllux.shop\/de\/produkt\/kugelhahn-mit-fluegelgriff-1-2-ig-ig\/#primaryimage\"},\"thumbnailUrl\":\"https:\/\/flluxcdn.b-cdn.net\/wp-content\/uploads\/2023\/11\/BR-SSV-KHF-II_600x600.jpg\",\"datePublished\":\"2023-11-21T19:09:27+00:00\",\"dateModified\":\"2024-06-12T16:06:02+00:00\",\"description\":\"Langlebiger Kugelhahn mit Fl\u00fcgelgriff (1\/2\\\" IG\/IG) f\u00fcr Druckluft- und Heizungssysteme. Messingausf\u00fchrung mit PTFE-Dichtungen f\u00fcr optimale Leistung.\",\"breadcrumb\":{\"@id\":\"https:\/\/fllux.shop\/de\/produkt\/kugelhahn-mit-fluegelgriff-1-2-ig-ig\/#breadcrumb\"},\"inLanguage\":\"de\",\"potentialAction\":[{\"@type\":\"ReadAction\",\"target\":[\"https:\/\/fllux.shop\/de\/produkt\/kugelhahn-mit-fluegelgriff-1-2-ig-ig\/\"]}]},{\"@type\":\"ImageObject\",\"inLanguage\":\"de\",\"@id\":\"https:\/\/fllux.shop\/de\/produkt\/kugelhahn-mit-fluegelgriff-1-2-ig-ig\/#primaryimage\",\"url\":\"https:\/\/flluxcdn.b-cdn.net\/wp-content\/uploads\/2023\/11\/BR-SSV-KHF-II_600x600.jpg\",\"contentUrl\":\"https:\/\/flluxcdn.b-cdn.net\/wp-content\/uploads\/2023\/11\/BR-SSV-KHF-II_600x600.jpg\",\"width\":600,\"height\":600,\"caption\":\"Kugelhahn mit Fl\u00fcgelgriff 1\/2\\\", Innengewinde\"},{\"@type\":\"BreadcrumbList\",\"@id\":\"https:\/\/fllux.shop\/de\/produkt\/kugelhahn-mit-fluegelgriff-1-2-ig-ig\/#breadcrumb\",\"itemListElement\":[{\"@type\":\"ListItem\",\"position\":1,\"name\":\"Home\",\"item\":\"https:\/\/fllux.shop\/de\/\"},{\"@type\":\"ListItem\",\"position\":2,\"name\":\"Shop\",\"item\":\"https:\/\/fllux.shop\/de\/shop-2\/\"},{\"@type\":\"ListItem\",\"position\":3,\"name\":\"Druckluftzubeh\u00f6r\",\"item\":\"https:\/\/fllux.shop\/de\/produkt-kategorie\/druckluftzubehor\/\"},{\"@type\":\"ListItem\",\"position\":4,\"name\":\"Kugelhahn mit Fl\u00fcgelgriff 1\/2&#8243;, Innengewinde\"}]},{\"@type\":\"WebSite\",\"@id\":\"https:\/\/fllux.shop\/de\/#website\",\"url\":\"https:\/\/fllux.shop\/de\/\",\"name\":\"Fllux Shop\",\"description\":\"Your Complete Industrial Piping Partner\",\"publisher\":{\"@id\":\"https:\/\/fllux.shop\/de\/#organization\"},\"potentialAction\":[{\"@type\":\"SearchAction\",\"target\":{\"@type\":\"EntryPoint\",\"urlTemplate\":\"https:\/\/fllux.shop\/de\/?s={search_term_string}\"},\"query-input\":{\"@type\":\"PropertyValueSpecification\",\"valueRequired\":true,\"valueName\":\"search_term_string\"}}],\"inLanguage\":\"de\"},{\"@type\":\"Organization\",\"@id\":\"https:\/\/fllux.shop\/de\/#organization\",\"name\":\"Fllux Shop\",\"url\":\"https:\/\/fllux.shop\/de\/\",\"logo\":{\"@type\":\"ImageObject\",\"inLanguage\":\"de\",\"@id\":\"https:\/\/fllux.shop\/de\/#\/schema\/logo\/image\/\",\"url\":\"https:\/\/flluxcdn.b-cdn.net\/wp-content\/uploads\/2023\/11\/cropped-dark-fllux.png\",\"contentUrl\":\"https:\/\/flluxcdn.b-cdn.net\/wp-content\/uploads\/2023\/11\/cropped-dark-fllux.png\",\"width\":400,\"height\":136,\"caption\":\"Fllux Shop\"},\"image\":{\"@id\":\"https:\/\/fllux.shop\/de\/#\/schema\/logo\/image\/\"},\"sameAs\":[\"https:\/\/facebook.com\/fllux.shop\"],\"hasMerchantReturnPolicy\":{\"@type\":\"MerchantReturnPolicy\",\"merchantReturnLink\":\"https:\/\/fllux.shop\/return-policy\/\"}},false]}<\/script>\n<meta property=\"og:availability\" content=\"out of stock\" \/>\n<meta property=\"product:availability\" content=\"out of stock\" \/>\n<meta property=\"product:condition\" content=\"new\" \/>\n<!-- \/ Yoast SEO plugin. -->","yoast_head_json":{"title":"Kugelhahn mit Fl\u00fcgelgriff 1\/2\", Innengewinde - Fllux Shop","description":"Langlebiger Kugelhahn mit Fl\u00fcgelgriff (1\/2\" IG\/IG) f\u00fcr Druckluft- und Heizungssysteme. Messingausf\u00fchrung mit PTFE-Dichtungen f\u00fcr optimale Leistung.","robots":{"index":"index","follow":"follow","max-snippet":"max-snippet:-1","max-image-preview":"max-image-preview:large","max-video-preview":"max-video-preview:-1"},"canonical":"https:\/\/fllux.shop\/de\/produkt\/kugelhahn-mit-fluegelgriff-1-2-ig-ig\/","og_locale":"de_DE","og_type":"article","og_title":"Kugelhahn mit Fl\u00fcgelgriff 1\/2\", Innengewinde - Fllux Shop","og_description":"Langlebiger Kugelhahn mit Fl\u00fcgelgriff (1\/2\" IG\/IG) f\u00fcr Druckluft- und Heizungssysteme. Messingausf\u00fchrung mit PTFE-Dichtungen f\u00fcr optimale Leistung.","og_url":"https:\/\/fllux.shop\/de\/produkt\/kugelhahn-mit-fluegelgriff-1-2-ig-ig\/","og_site_name":"Fllux Shop","article_publisher":"https:\/\/facebook.com\/fllux.shop","article_modified_time":"2024-06-12T16:06:02+00:00","og_image":[{"width":600,"height":600,"url":"https:\/\/fllux.shop\/wp-content\/uploads\/2023\/11\/BR-SSV-KHF-II_600x600.jpg","type":"image\/jpeg"}],"twitter_card":"summary_large_image","twitter_misc":{"Verf\u00fcgbarkeit":"ausverkauft"},"schema":{"@context":"https:\/\/schema.org","@graph":[{"@type":"WebPage","@id":"https:\/\/fllux.shop\/de\/produkt\/kugelhahn-mit-fluegelgriff-1-2-ig-ig\/","url":"https:\/\/fllux.shop\/de\/produkt\/kugelhahn-mit-fluegelgriff-1-2-ig-ig\/","name":"Kugelhahn mit Fl\u00fcgelgriff 1\/2\", Innengewinde - Fllux Shop","isPartOf":{"@id":"https:\/\/fllux.shop\/de\/#website"},"primaryImageOfPage":{"@id":"https:\/\/fllux.shop\/de\/produkt\/kugelhahn-mit-fluegelgriff-1-2-ig-ig\/#primaryimage"},"image":{"@id":"https:\/\/fllux.shop\/de\/produkt\/kugelhahn-mit-fluegelgriff-1-2-ig-ig\/#primaryimage"},"thumbnailUrl":"https:\/\/flluxcdn.b-cdn.net\/wp-content\/uploads\/2023\/11\/BR-SSV-KHF-II_600x600.jpg","datePublished":"2023-11-21T19:09:27+00:00","dateModified":"2024-06-12T16:06:02+00:00","description":"Langlebiger Kugelhahn mit Fl\u00fcgelgriff (1\/2\" IG\/IG) f\u00fcr Druckluft- und Heizungssysteme. Messingausf\u00fchrung mit PTFE-Dichtungen f\u00fcr optimale Leistung.","breadcrumb":{"@id":"https:\/\/fllux.shop\/de\/produkt\/kugelhahn-mit-fluegelgriff-1-2-ig-ig\/#breadcrumb"},"inLanguage":"de","potentialAction":[{"@type":"ReadAction","target":["https:\/\/fllux.shop\/de\/produkt\/kugelhahn-mit-fluegelgriff-1-2-ig-ig\/"]}]},{"@type":"ImageObject","inLanguage":"de","@id":"https:\/\/fllux.shop\/de\/produkt\/kugelhahn-mit-fluegelgriff-1-2-ig-ig\/#primaryimage","url":"https:\/\/flluxcdn.b-cdn.net\/wp-content\/uploads\/2023\/11\/BR-SSV-KHF-II_600x600.jpg","contentUrl":"https:\/\/flluxcdn.b-cdn.net\/wp-content\/uploads\/2023\/11\/BR-SSV-KHF-II_600x600.jpg","width":600,"height":600,"caption":"Kugelhahn mit Fl\u00fcgelgriff 1\/2\", Innengewinde"},{"@type":"BreadcrumbList","@id":"https:\/\/fllux.shop\/de\/produkt\/kugelhahn-mit-fluegelgriff-1-2-ig-ig\/#breadcrumb","itemListElement":[{"@type":"ListItem","position":1,"name":"Home","item":"https:\/\/fllux.shop\/de\/"},{"@type":"ListItem","position":2,"name":"Shop","item":"https:\/\/fllux.shop\/de\/shop-2\/"},{"@type":"ListItem","position":3,"name":"Druckluftzubeh\u00f6r","item":"https:\/\/fllux.shop\/de\/produkt-kategorie\/druckluftzubehor\/"},{"@type":"ListItem","position":4,"name":"Kugelhahn mit Fl\u00fcgelgriff 1\/2&#8243;, Innengewinde"}]},{"@type":"WebSite","@id":"https:\/\/fllux.shop\/de\/#website","url":"https:\/\/fllux.shop\/de\/","name":"Fllux Shop","description":"Your Complete Industrial Piping Partner","publisher":{"@id":"https:\/\/fllux.shop\/de\/#organization"},"potentialAction":[{"@type":"SearchAction","target":{"@type":"EntryPoint","urlTemplate":"https:\/\/fllux.shop\/de\/?s={search_term_string}"},"query-input":{"@type":"PropertyValueSpecification","valueRequired":true,"valueName":"search_term_string"}}],"inLanguage":"de"},{"@type":"Organization","@id":"https:\/\/fllux.shop\/de\/#organization","name":"Fllux Shop","url":"https:\/\/fllux.shop\/de\/","logo":{"@type":"ImageObject","inLanguage":"de","@id":"https:\/\/fllux.shop\/de\/#\/schema\/logo\/image\/","url":"https:\/\/flluxcdn.b-cdn.net\/wp-content\/uploads\/2023\/11\/cropped-dark-fllux.png","contentUrl":"https:\/\/flluxcdn.b-cdn.net\/wp-content\/uploads\/2023\/11\/cropped-dark-fllux.png","width":400,"height":136,"caption":"Fllux Shop"},"image":{"@id":"https:\/\/fllux.shop\/de\/#\/schema\/logo\/image\/"},"sameAs":["https:\/\/facebook.com\/fllux.shop"],"hasMerchantReturnPolicy":{"@type":"MerchantReturnPolicy","merchantReturnLink":"https:\/\/fllux.shop\/return-policy\/"}},false]},"og_availability":"out of stock","product_availability":"out of stock","product_condition":"new"},"yasr_visitor_votes":{"stars_attributes":{"read_only":false,"span_bottom":false},"number_of_votes":0,"sum_votes":0},"_links":{"self":[{"href":"https:\/\/fllux.shop\/de\/wp-json\/wp\/v2\/product\/18089","targetHints":{"allow":["GET"]}}],"collection":[{"href":"https:\/\/fllux.shop\/de\/wp-json\/wp\/v2\/product"}],"about":[{"href":"https:\/\/fllux.shop\/de\/wp-json\/wp\/v2\/types\/product"}],"version-history":[{"count":0,"href":"https:\/\/fllux.shop\/de\/wp-json\/wp\/v2\/product\/18089\/revisions"}],"wp:featuredmedia":[{"embeddable":true,"href":"https:\/\/fllux.shop\/de\/wp-json\/wp\/v2\/media\/12880"}],"wp:attachment":[{"href":"https:\/\/fllux.shop\/de\/wp-json\/wp\/v2\/media?parent=18089"}],"wp:term":[{"taxonomy":"product_brand","embeddable":true,"href":"https:\/\/fllux.shop\/de\/wp-json\/wp\/v2\/product_brand?post=18089"},{"taxonomy":"product_cat","embeddable":true,"href":"https:\/\/fllux.shop\/de\/wp-json\/wp\/v2\/product_cat?post=18089"},{"taxonomy":"product_tag","embeddable":true,"href":"https:\/\/fllux.shop\/de\/wp-json\/wp\/v2\/product_tag?post=18089"}],"curies":[{"name":"wp","href":"https:\/\/api.w.org\/{rel}","templated":true}]}}