{"id":17716,"date":"2023-11-23T16:16:12","date_gmt":"2023-11-23T15:16:12","guid":{"rendered":"https:\/\/fllux.shop\/product\/chipstueten-fuer-mobil-jet-200-20-stueck\/"},"modified":"2024-05-03T15:05:39","modified_gmt":"2024-05-03T15:05:39","slug":"chipstueten-fuer-mobil-jet-200-20-stueck","status":"publish","type":"product","link":"https:\/\/fllux.shop\/de\/produkt\/chipstueten-fuer-mobil-jet-200-20-stueck\/","title":{"rendered":"Sp\u00e4nes\u00e4cke f\u00fcr MOBIL JET 200 20 St\u00fcck"},"content":{"rendered":"<div class=\"product--description\">\n<h4><span>Sp\u00e4nes\u00e4cke f\u00fcr Reinluftger\u00e4te<\/span><\/h4>\n<ul>\n<li><span>f\u00fcr MOBILE JET 200<\/span><\/li>\n<li><span>780x520x1.200<\/span><\/li>\n<li><span>20 St\u00fcck<\/span><\/li>\n<\/ul>\n<\/div>\n<div class=\"product--properties panel has--border\">\n<table class=\"product--properties-table\">\n<tbody>\n<tr class=\"product--properties-row\">\n<td class=\"product--properties-label is--bold\"><span>1:<\/span><\/td>\n<td class=\"product--properties-value\"><span>f\u00fcr Mobile Jet 200<\/span><\/td>\n<\/tr>\n<tr class=\"product--properties-row\">\n<td class=\"product--properties-label is--bold\"><span>2:<\/span><\/td>\n<td class=\"product--properties-value\"><span>780x520x1.200<\/span><\/td>\n<\/tr>\n<tr class=\"product--properties-row\">\n<td class=\"product--properties-label is--bold\"><span>3:<\/span><\/td>\n<td class=\"product--properties-value\"><span>20 St\u00fcck<\/span><\/td>\n<\/tr>\n<\/tbody>\n<\/table>\n<\/div>\n<div style='text-align:left' class='yasr-auto-insert-visitor'><\/div>","protected":false},"excerpt":{"rendered":"<p>Sp\u00e4nes\u00e4cke f\u00fcr Reinluftger\u00e4te f\u00fcr MOBILE JET 200 780x520x1.200 20 St\u00fcck 1: f\u00fcr Mobile Jet 200 2: 780x520x1.200 3: 20 St\u00fcck<\/p>\n","protected":false},"featured_media":14428,"template":"","meta":{"yasr_overall_rating":0,"yasr_post_is_review":"","yasr_auto_insert_disabled":"","yasr_review_type":""},"product_brand":[],"product_cat":[232,234],"product_tag":[],"class_list":{"0":"post-17716","1":"product","2":"type-product","3":"status-publish","4":"has-post-thumbnail","6":"product_cat-absauggeraet","7":"product_cat-zubehoer-fuer-reinluftentstauber","9":"first","10":"outofstock","11":"taxable","12":"shipping-taxable","13":"purchasable","14":"product-type-simple"},"exclude_global_add_ons":[],"addons":[],"yoast_head":"<!-- This site is optimized with the Yoast SEO plugin v27.2 - https:\/\/yoast.com\/product\/yoast-seo-wordpress\/ -->\n<title>Sp\u00e4nes\u00e4cke f\u00fcr MOBIL JET 200 20 St\u00fcck - Fllux Shop<\/title>\n<meta name=\"description\" content=\"Sp\u00e4nes\u00e4cke f\u00fcr Reinluftger\u00e4te  f\u00fcr MOBILE JET 200  780x520x1.200  20 St\u00fcck    1: f\u00fcr Mobile Jet 200  2: 780x520x1.200  3: 20 St\u00fcck\" \/>\n<meta name=\"robots\" content=\"index, follow, max-snippet:-1, max-image-preview:large, max-video-preview:-1\" \/>\n<link rel=\"canonical\" href=\"https:\/\/fllux.shop\/de\/produkt\/chipstueten-fuer-mobil-jet-200-20-stueck\/\" \/>\n<meta property=\"og:locale\" content=\"de_DE\" \/>\n<meta property=\"og:type\" content=\"article\" \/>\n<meta property=\"og:title\" content=\"Sp\u00e4nes\u00e4cke f\u00fcr MOBIL JET 200 20 St\u00fcck - Fllux Shop\" \/>\n<meta property=\"og:description\" content=\"Sp\u00e4nes\u00e4cke f\u00fcr Reinluftger\u00e4te  f\u00fcr MOBILE JET 200  780x520x1.200  20 St\u00fcck    1: f\u00fcr Mobile Jet 200  2: 780x520x1.200  3: 20 St\u00fcck\" \/>\n<meta property=\"og:url\" content=\"https:\/\/fllux.shop\/de\/produkt\/chipstueten-fuer-mobil-jet-200-20-stueck\/\" \/>\n<meta property=\"og:site_name\" content=\"Fllux Shop\" \/>\n<meta property=\"article:publisher\" content=\"https:\/\/facebook.com\/fllux.shop\" \/>\n<meta property=\"article:modified_time\" content=\"2024-05-03T15:05:39+00:00\" \/>\n<meta property=\"og:image\" content=\"https:\/\/fllux.shop\/wp-content\/uploads\/2023\/11\/868154-Spanesacke-1.jpg\" \/>\n\t<meta property=\"og:image:width\" content=\"228\" \/>\n\t<meta property=\"og:image:height\" content=\"190\" \/>\n\t<meta property=\"og:image:type\" content=\"image\/jpeg\" \/>\n<meta name=\"twitter:card\" content=\"summary_large_image\" \/>\n<meta name=\"twitter:label1\" content=\"Preis\" \/>\n\t<meta name=\"twitter:data1\" content=\"183,99&nbsp;&euro; inkl. MwSt.\" \/>\n\t<meta name=\"twitter:label2\" content=\"Verf\u00fcgbarkeit\" \/>\n\t<meta name=\"twitter:data2\" content=\"ausverkauft\" \/>\n<script type=\"application\/ld+json\" class=\"yoast-schema-graph\">{\"@context\":\"https:\/\/schema.org\",\"@graph\":[{\"@type\":\"WebPage\",\"@id\":\"https:\/\/fllux.shop\/de\/produkt\/chipstueten-fuer-mobil-jet-200-20-stueck\/\",\"url\":\"https:\/\/fllux.shop\/de\/produkt\/chipstueten-fuer-mobil-jet-200-20-stueck\/\",\"name\":\"Sp\u00e4nes\u00e4cke f\u00fcr MOBIL JET 200 20 St\u00fcck - Fllux Shop\",\"isPartOf\":{\"@id\":\"https:\/\/fllux.shop\/de\/#website\"},\"primaryImageOfPage\":{\"@id\":\"https:\/\/fllux.shop\/de\/produkt\/chipstueten-fuer-mobil-jet-200-20-stueck\/#primaryimage\"},\"image\":{\"@id\":\"https:\/\/fllux.shop\/de\/produkt\/chipstueten-fuer-mobil-jet-200-20-stueck\/#primaryimage\"},\"thumbnailUrl\":\"https:\/\/flluxcdn.b-cdn.net\/wp-content\/uploads\/2023\/11\/868154-Spanesacke-1.jpg\",\"datePublished\":\"2023-11-23T15:16:12+00:00\",\"dateModified\":\"2024-05-03T15:05:39+00:00\",\"description\":\"Sp\u00e4nes\u00e4cke f\u00fcr Reinluftger\u00e4te f\u00fcr MOBILE JET 200 780x520x1.200 20 St\u00fcck 1: f\u00fcr Mobile Jet 200 2: 780x520x1.200 3: 20 St\u00fcck\",\"breadcrumb\":{\"@id\":\"https:\/\/fllux.shop\/de\/produkt\/chipstueten-fuer-mobil-jet-200-20-stueck\/#breadcrumb\"},\"inLanguage\":\"de\",\"potentialAction\":[{\"@type\":\"ReadAction\",\"target\":[\"https:\/\/fllux.shop\/de\/produkt\/chipstueten-fuer-mobil-jet-200-20-stueck\/\"]}]},{\"@type\":\"ImageObject\",\"inLanguage\":\"de\",\"@id\":\"https:\/\/fllux.shop\/de\/produkt\/chipstueten-fuer-mobil-jet-200-20-stueck\/#primaryimage\",\"url\":\"https:\/\/flluxcdn.b-cdn.net\/wp-content\/uploads\/2023\/11\/868154-Spanesacke-1.jpg\",\"contentUrl\":\"https:\/\/flluxcdn.b-cdn.net\/wp-content\/uploads\/2023\/11\/868154-Spanesacke-1.jpg\",\"width\":228,\"height\":190,\"caption\":\"Sp\u00e4nes\u00e4cke f\u00fcr APU\"},{\"@type\":\"BreadcrumbList\",\"@id\":\"https:\/\/fllux.shop\/de\/produkt\/chipstueten-fuer-mobil-jet-200-20-stueck\/#breadcrumb\",\"itemListElement\":[{\"@type\":\"ListItem\",\"position\":1,\"name\":\"Home\",\"item\":\"https:\/\/fllux.shop\/de\/\"},{\"@type\":\"ListItem\",\"position\":2,\"name\":\"Shop\",\"item\":\"https:\/\/fllux.shop\/de\/shop-2\/\"},{\"@type\":\"ListItem\",\"position\":3,\"name\":\"Absaugger\u00e4te\",\"item\":\"https:\/\/fllux.shop\/de\/produkt-kategorie\/absauggeraet\/\"},{\"@type\":\"ListItem\",\"position\":4,\"name\":\"Zubeh\u00f6r f\u00fcr Reinluftentstauber\",\"item\":\"https:\/\/fllux.shop\/de\/produkt-kategorie\/absauggeraet\/zubehoer-fuer-reinluftentstauber\/\"},{\"@type\":\"ListItem\",\"position\":5,\"name\":\"Sp\u00e4nes\u00e4cke f\u00fcr MOBIL JET 200 20 St\u00fcck\"}]},{\"@type\":\"WebSite\",\"@id\":\"https:\/\/fllux.shop\/de\/#website\",\"url\":\"https:\/\/fllux.shop\/de\/\",\"name\":\"Fllux Shop\",\"description\":\"Your Complete Industrial Piping Partner\",\"publisher\":{\"@id\":\"https:\/\/fllux.shop\/de\/#organization\"},\"potentialAction\":[{\"@type\":\"SearchAction\",\"target\":{\"@type\":\"EntryPoint\",\"urlTemplate\":\"https:\/\/fllux.shop\/de\/?s={search_term_string}\"},\"query-input\":{\"@type\":\"PropertyValueSpecification\",\"valueRequired\":true,\"valueName\":\"search_term_string\"}}],\"inLanguage\":\"de\"},{\"@type\":\"Organization\",\"@id\":\"https:\/\/fllux.shop\/de\/#organization\",\"name\":\"Fllux Shop\",\"url\":\"https:\/\/fllux.shop\/de\/\",\"logo\":{\"@type\":\"ImageObject\",\"inLanguage\":\"de\",\"@id\":\"https:\/\/fllux.shop\/de\/#\/schema\/logo\/image\/\",\"url\":\"https:\/\/flluxcdn.b-cdn.net\/wp-content\/uploads\/2023\/11\/cropped-dark-fllux.png\",\"contentUrl\":\"https:\/\/flluxcdn.b-cdn.net\/wp-content\/uploads\/2023\/11\/cropped-dark-fllux.png\",\"width\":400,\"height\":136,\"caption\":\"Fllux Shop\"},\"image\":{\"@id\":\"https:\/\/fllux.shop\/de\/#\/schema\/logo\/image\/\"},\"sameAs\":[\"https:\/\/facebook.com\/fllux.shop\"],\"hasMerchantReturnPolicy\":{\"@type\":\"MerchantReturnPolicy\",\"merchantReturnLink\":\"https:\/\/fllux.shop\/return-policy\/\"}},false]}<\/script>\n<meta property=\"product:price:amount\" content=\"183.99\" \/>\n<meta property=\"product:price:currency\" content=\"EUR\" \/>\n<meta property=\"og:availability\" content=\"out of stock\" \/>\n<meta property=\"product:availability\" content=\"out of stock\" \/>\n<meta property=\"product:condition\" content=\"new\" \/>\n<!-- \/ Yoast SEO plugin. -->","yoast_head_json":{"title":"Sp\u00e4nes\u00e4cke f\u00fcr MOBIL JET 200 20 St\u00fcck - Fllux Shop","description":"Sp\u00e4nes\u00e4cke f\u00fcr Reinluftger\u00e4te  f\u00fcr MOBILE JET 200  780x520x1.200  20 St\u00fcck    1: f\u00fcr Mobile Jet 200  2: 780x520x1.200  3: 20 St\u00fcck","robots":{"index":"index","follow":"follow","max-snippet":"max-snippet:-1","max-image-preview":"max-image-preview:large","max-video-preview":"max-video-preview:-1"},"canonical":"https:\/\/fllux.shop\/de\/produkt\/chipstueten-fuer-mobil-jet-200-20-stueck\/","og_locale":"de_DE","og_type":"article","og_title":"Sp\u00e4nes\u00e4cke f\u00fcr MOBIL JET 200 20 St\u00fcck - Fllux Shop","og_description":"Sp\u00e4nes\u00e4cke f\u00fcr Reinluftger\u00e4te  f\u00fcr MOBILE JET 200  780x520x1.200  20 St\u00fcck    1: f\u00fcr Mobile Jet 200  2: 780x520x1.200  3: 20 St\u00fcck","og_url":"https:\/\/fllux.shop\/de\/produkt\/chipstueten-fuer-mobil-jet-200-20-stueck\/","og_site_name":"Fllux Shop","article_publisher":"https:\/\/facebook.com\/fllux.shop","article_modified_time":"2024-05-03T15:05:39+00:00","og_image":[{"width":228,"height":190,"url":"https:\/\/fllux.shop\/wp-content\/uploads\/2023\/11\/868154-Spanesacke-1.jpg","type":"image\/jpeg"}],"twitter_card":"summary_large_image","twitter_misc":{"Preis":"183,99&nbsp;&euro; inkl. MwSt.","Verf\u00fcgbarkeit":"ausverkauft"},"schema":{"@context":"https:\/\/schema.org","@graph":[{"@type":"WebPage","@id":"https:\/\/fllux.shop\/de\/produkt\/chipstueten-fuer-mobil-jet-200-20-stueck\/","url":"https:\/\/fllux.shop\/de\/produkt\/chipstueten-fuer-mobil-jet-200-20-stueck\/","name":"Sp\u00e4nes\u00e4cke f\u00fcr MOBIL JET 200 20 St\u00fcck - Fllux Shop","isPartOf":{"@id":"https:\/\/fllux.shop\/de\/#website"},"primaryImageOfPage":{"@id":"https:\/\/fllux.shop\/de\/produkt\/chipstueten-fuer-mobil-jet-200-20-stueck\/#primaryimage"},"image":{"@id":"https:\/\/fllux.shop\/de\/produkt\/chipstueten-fuer-mobil-jet-200-20-stueck\/#primaryimage"},"thumbnailUrl":"https:\/\/flluxcdn.b-cdn.net\/wp-content\/uploads\/2023\/11\/868154-Spanesacke-1.jpg","datePublished":"2023-11-23T15:16:12+00:00","dateModified":"2024-05-03T15:05:39+00:00","description":"Sp\u00e4nes\u00e4cke f\u00fcr Reinluftger\u00e4te f\u00fcr MOBILE JET 200 780x520x1.200 20 St\u00fcck 1: f\u00fcr Mobile Jet 200 2: 780x520x1.200 3: 20 St\u00fcck","breadcrumb":{"@id":"https:\/\/fllux.shop\/de\/produkt\/chipstueten-fuer-mobil-jet-200-20-stueck\/#breadcrumb"},"inLanguage":"de","potentialAction":[{"@type":"ReadAction","target":["https:\/\/fllux.shop\/de\/produkt\/chipstueten-fuer-mobil-jet-200-20-stueck\/"]}]},{"@type":"ImageObject","inLanguage":"de","@id":"https:\/\/fllux.shop\/de\/produkt\/chipstueten-fuer-mobil-jet-200-20-stueck\/#primaryimage","url":"https:\/\/flluxcdn.b-cdn.net\/wp-content\/uploads\/2023\/11\/868154-Spanesacke-1.jpg","contentUrl":"https:\/\/flluxcdn.b-cdn.net\/wp-content\/uploads\/2023\/11\/868154-Spanesacke-1.jpg","width":228,"height":190,"caption":"Sp\u00e4nes\u00e4cke f\u00fcr APU"},{"@type":"BreadcrumbList","@id":"https:\/\/fllux.shop\/de\/produkt\/chipstueten-fuer-mobil-jet-200-20-stueck\/#breadcrumb","itemListElement":[{"@type":"ListItem","position":1,"name":"Home","item":"https:\/\/fllux.shop\/de\/"},{"@type":"ListItem","position":2,"name":"Shop","item":"https:\/\/fllux.shop\/de\/shop-2\/"},{"@type":"ListItem","position":3,"name":"Absaugger\u00e4te","item":"https:\/\/fllux.shop\/de\/produkt-kategorie\/absauggeraet\/"},{"@type":"ListItem","position":4,"name":"Zubeh\u00f6r f\u00fcr Reinluftentstauber","item":"https:\/\/fllux.shop\/de\/produkt-kategorie\/absauggeraet\/zubehoer-fuer-reinluftentstauber\/"},{"@type":"ListItem","position":5,"name":"Sp\u00e4nes\u00e4cke f\u00fcr MOBIL JET 200 20 St\u00fcck"}]},{"@type":"WebSite","@id":"https:\/\/fllux.shop\/de\/#website","url":"https:\/\/fllux.shop\/de\/","name":"Fllux Shop","description":"Your Complete Industrial Piping Partner","publisher":{"@id":"https:\/\/fllux.shop\/de\/#organization"},"potentialAction":[{"@type":"SearchAction","target":{"@type":"EntryPoint","urlTemplate":"https:\/\/fllux.shop\/de\/?s={search_term_string}"},"query-input":{"@type":"PropertyValueSpecification","valueRequired":true,"valueName":"search_term_string"}}],"inLanguage":"de"},{"@type":"Organization","@id":"https:\/\/fllux.shop\/de\/#organization","name":"Fllux Shop","url":"https:\/\/fllux.shop\/de\/","logo":{"@type":"ImageObject","inLanguage":"de","@id":"https:\/\/fllux.shop\/de\/#\/schema\/logo\/image\/","url":"https:\/\/flluxcdn.b-cdn.net\/wp-content\/uploads\/2023\/11\/cropped-dark-fllux.png","contentUrl":"https:\/\/flluxcdn.b-cdn.net\/wp-content\/uploads\/2023\/11\/cropped-dark-fllux.png","width":400,"height":136,"caption":"Fllux Shop"},"image":{"@id":"https:\/\/fllux.shop\/de\/#\/schema\/logo\/image\/"},"sameAs":["https:\/\/facebook.com\/fllux.shop"],"hasMerchantReturnPolicy":{"@type":"MerchantReturnPolicy","merchantReturnLink":"https:\/\/fllux.shop\/return-policy\/"}},false]},"product_price_amount":"183.99","product_price_currency":"EUR","og_availability":"out of stock","product_availability":"out of stock","product_condition":"new"},"yasr_visitor_votes":{"stars_attributes":{"read_only":false,"span_bottom":false},"number_of_votes":0,"sum_votes":0},"_links":{"self":[{"href":"https:\/\/fllux.shop\/de\/wp-json\/wp\/v2\/product\/17716","targetHints":{"allow":["GET"]}}],"collection":[{"href":"https:\/\/fllux.shop\/de\/wp-json\/wp\/v2\/product"}],"about":[{"href":"https:\/\/fllux.shop\/de\/wp-json\/wp\/v2\/types\/product"}],"version-history":[{"count":0,"href":"https:\/\/fllux.shop\/de\/wp-json\/wp\/v2\/product\/17716\/revisions"}],"wp:featuredmedia":[{"embeddable":true,"href":"https:\/\/fllux.shop\/de\/wp-json\/wp\/v2\/media\/14428"}],"wp:attachment":[{"href":"https:\/\/fllux.shop\/de\/wp-json\/wp\/v2\/media?parent=17716"}],"wp:term":[{"taxonomy":"product_brand","embeddable":true,"href":"https:\/\/fllux.shop\/de\/wp-json\/wp\/v2\/product_brand?post=17716"},{"taxonomy":"product_cat","embeddable":true,"href":"https:\/\/fllux.shop\/de\/wp-json\/wp\/v2\/product_cat?post=17716"},{"taxonomy":"product_tag","embeddable":true,"href":"https:\/\/fllux.shop\/de\/wp-json\/wp\/v2\/product_tag?post=17716"}],"curies":[{"name":"wp","href":"https:\/\/api.w.org\/{rel}","templated":true}]}}