{"id":17713,"date":"2023-11-23T16:27:07","date_gmt":"2023-11-23T15:27:07","guid":{"rendered":"https:\/\/fllux.shop\/product\/et-filterbeutel-apu-120-h-mont\/"},"modified":"2024-05-03T15:02:39","modified_gmt":"2024-05-03T15:02:39","slug":"et-filterbeutel-apu-120-h-mont","status":"publish","type":"product","link":"https:\/\/fllux.shop\/de\/produkt\/et-filterbeutel-apu-120-h-mont\/","title":{"rendered":"ET &#8211; Filtertaschen APU 120 H mont."},"content":{"rendered":"<div class=\"product--description\">\n<h4><span>Zubeh\u00f6r f\u00fcr Reinluftentstauber<\/span><\/h4>\n<h3><span>ET-Filterbeutel<\/span><\/h3>\n<ul>\n<li><span>f\u00fcr POWER UNIT 120 H<\/span><\/li>\n<li><span>Ersatzfilter f\u00fcr AL-KO Standardger\u00e4te<\/span><\/li>\n<li><span>Staubklasse M<\/span><\/li>\n<li><span>elektrisch leitf\u00e4hig<\/span><\/li>\n<li><span>1 ST. notwendig<\/span><\/li>\n<\/ul>\n<\/div>\n<div class=\"product--properties panel has--border\">\n<table class=\"product--properties-table\">\n<tbody>\n<tr class=\"product--properties-row\">\n<td class=\"product--properties-label is--bold\"><span>1:<\/span><\/td>\n<td class=\"product--properties-value\"><span>f\u00fcr Aggregat 120 H<\/span><\/td>\n<\/tr>\n<tr class=\"product--properties-row\">\n<td class=\"product--properties-label is--bold\"><span>2:<\/span><\/td>\n<td class=\"product--properties-value\"><span>Ersatzfilter f\u00fcr AL-KO Standardger\u00e4te<\/span><\/td>\n<\/tr>\n<tr class=\"product--properties-row\">\n<td class=\"product--properties-label is--bold\"><span>3:<\/span><\/td>\n<td class=\"product--properties-value\"><span>Staubklasse M<\/span><\/td>\n<\/tr>\n<tr class=\"product--properties-row\">\n<td class=\"product--properties-label is--bold\"><span>4:<\/span><\/td>\n<td class=\"product--properties-value\"><span>elektrisch leitf\u00e4hig<\/span><\/td>\n<\/tr>\n<\/tbody>\n<\/table>\n<\/div>\n<div style='text-align:left' class='yasr-auto-insert-visitor'><\/div>","protected":false},"excerpt":{"rendered":"<p>Zubeh\u00f6r f\u00fcr Reinluftentstauber ET-Filterbeutel f\u00fcr POWER UNIT 120 H Ersatzfilter f\u00fcr AL-KO Standardger\u00e4te Staubklasse M elektrisch leitf\u00e4hig 1 ST. notwendig 1: f\u00fcr Aggregat 120 H 2: Ersatzfilter f\u00fcr AL-KO Standardger\u00e4te 3: Staubklasse M 4: elektrisch leitf\u00e4hig<\/p>\n","protected":false},"featured_media":14452,"template":"","meta":{"yasr_overall_rating":0,"yasr_post_is_review":"","yasr_auto_insert_disabled":"","yasr_review_type":""},"product_brand":[],"product_cat":[232,234],"product_tag":[],"class_list":{"0":"post-17713","1":"product","2":"type-product","3":"status-publish","4":"has-post-thumbnail","6":"product_cat-absauggeraet","7":"product_cat-zubehoer-fuer-reinluftentstauber","9":"first","10":"outofstock","11":"taxable","12":"shipping-taxable","13":"purchasable","14":"product-type-simple"},"exclude_global_add_ons":[],"addons":[],"yoast_head":"<!-- This site is optimized with the Yoast SEO plugin v27.2 - https:\/\/yoast.com\/product\/yoast-seo-wordpress\/ -->\n<title>ET - Filtertaschen APU 120 H mont. - Fllux Shop<\/title>\n<meta name=\"description\" content=\"Zubeh\u00f6r f\u00fcr Reinluftentstauber ET-Filterbeutel f\u00fcr POWER UNIT 120 H Ersatzfilter f\u00fcr AL-KO Standardger\u00e4te Staubklasse M elektrisch leitf\u00e4hig 1 ST.\" \/>\n<meta name=\"robots\" content=\"index, follow, max-snippet:-1, max-image-preview:large, max-video-preview:-1\" \/>\n<link rel=\"canonical\" href=\"https:\/\/fllux.shop\/de\/produkt\/et-filterbeutel-apu-120-h-mont\/\" \/>\n<meta property=\"og:locale\" content=\"de_DE\" \/>\n<meta property=\"og:type\" content=\"article\" \/>\n<meta property=\"og:title\" content=\"ET - Filtertaschen APU 120 H mont. - Fllux Shop\" \/>\n<meta property=\"og:description\" content=\"Zubeh\u00f6r f\u00fcr Reinluftentstauber ET-Filterbeutel f\u00fcr POWER UNIT 120 H Ersatzfilter f\u00fcr AL-KO Standardger\u00e4te Staubklasse M elektrisch leitf\u00e4hig 1 ST.\" \/>\n<meta property=\"og:url\" content=\"https:\/\/fllux.shop\/de\/produkt\/et-filterbeutel-apu-120-h-mont\/\" \/>\n<meta property=\"og:site_name\" content=\"Fllux Shop\" \/>\n<meta property=\"article:publisher\" content=\"https:\/\/facebook.com\/fllux.shop\" \/>\n<meta property=\"article:modified_time\" content=\"2024-05-03T15:02:39+00:00\" \/>\n<meta property=\"og:image\" content=\"https:\/\/fllux.shop\/wp-content\/uploads\/2023\/11\/195181.jpg\" \/>\n\t<meta property=\"og:image:width\" content=\"455\" \/>\n\t<meta property=\"og:image:height\" content=\"597\" \/>\n\t<meta property=\"og:image:type\" content=\"image\/jpeg\" \/>\n<meta name=\"twitter:card\" content=\"summary_large_image\" \/>\n<meta name=\"twitter:label1\" content=\"Preis\" \/>\n\t<meta name=\"twitter:data1\" content=\"881,99&nbsp;&euro; inkl. MwSt.\" \/>\n\t<meta name=\"twitter:label2\" content=\"Verf\u00fcgbarkeit\" \/>\n\t<meta name=\"twitter:data2\" content=\"ausverkauft\" \/>\n<script type=\"application\/ld+json\" class=\"yoast-schema-graph\">{\"@context\":\"https:\/\/schema.org\",\"@graph\":[{\"@type\":\"WebPage\",\"@id\":\"https:\/\/fllux.shop\/de\/produkt\/et-filterbeutel-apu-120-h-mont\/\",\"url\":\"https:\/\/fllux.shop\/de\/produkt\/et-filterbeutel-apu-120-h-mont\/\",\"name\":\"ET - Filtertaschen APU 120 H mont. - Fllux Shop\",\"isPartOf\":{\"@id\":\"https:\/\/fllux.shop\/de\/#website\"},\"primaryImageOfPage\":{\"@id\":\"https:\/\/fllux.shop\/de\/produkt\/et-filterbeutel-apu-120-h-mont\/#primaryimage\"},\"image\":{\"@id\":\"https:\/\/fllux.shop\/de\/produkt\/et-filterbeutel-apu-120-h-mont\/#primaryimage\"},\"thumbnailUrl\":\"https:\/\/flluxcdn.b-cdn.net\/wp-content\/uploads\/2023\/11\/195181.jpg\",\"datePublished\":\"2023-11-23T15:27:07+00:00\",\"dateModified\":\"2024-05-03T15:02:39+00:00\",\"description\":\"Zubeh\u00f6r f\u00fcr Reinluftentstauber ET-Filterbeutel f\u00fcr POWER UNIT 120 H Ersatzfilter f\u00fcr AL-KO Standardger\u00e4te Staubklasse M elektrisch leitf\u00e4hig 1 ST.\",\"breadcrumb\":{\"@id\":\"https:\/\/fllux.shop\/de\/produkt\/et-filterbeutel-apu-120-h-mont\/#breadcrumb\"},\"inLanguage\":\"de\",\"potentialAction\":[{\"@type\":\"ReadAction\",\"target\":[\"https:\/\/fllux.shop\/de\/produkt\/et-filterbeutel-apu-120-h-mont\/\"]}]},{\"@type\":\"ImageObject\",\"inLanguage\":\"de\",\"@id\":\"https:\/\/fllux.shop\/de\/produkt\/et-filterbeutel-apu-120-h-mont\/#primaryimage\",\"url\":\"https:\/\/flluxcdn.b-cdn.net\/wp-content\/uploads\/2023\/11\/195181.jpg\",\"contentUrl\":\"https:\/\/flluxcdn.b-cdn.net\/wp-content\/uploads\/2023\/11\/195181.jpg\",\"width\":455,\"height\":597},{\"@type\":\"BreadcrumbList\",\"@id\":\"https:\/\/fllux.shop\/de\/produkt\/et-filterbeutel-apu-120-h-mont\/#breadcrumb\",\"itemListElement\":[{\"@type\":\"ListItem\",\"position\":1,\"name\":\"Home\",\"item\":\"https:\/\/fllux.shop\/de\/\"},{\"@type\":\"ListItem\",\"position\":2,\"name\":\"Shop\",\"item\":\"https:\/\/fllux.shop\/de\/shop-2\/\"},{\"@type\":\"ListItem\",\"position\":3,\"name\":\"Absaugger\u00e4te\",\"item\":\"https:\/\/fllux.shop\/de\/produkt-kategorie\/absauggeraet\/\"},{\"@type\":\"ListItem\",\"position\":4,\"name\":\"ET &#8211; Filtertaschen APU 120 H mont.\"}]},{\"@type\":\"WebSite\",\"@id\":\"https:\/\/fllux.shop\/de\/#website\",\"url\":\"https:\/\/fllux.shop\/de\/\",\"name\":\"Fllux Shop\",\"description\":\"Your Complete Industrial Piping Partner\",\"publisher\":{\"@id\":\"https:\/\/fllux.shop\/de\/#organization\"},\"potentialAction\":[{\"@type\":\"SearchAction\",\"target\":{\"@type\":\"EntryPoint\",\"urlTemplate\":\"https:\/\/fllux.shop\/de\/?s={search_term_string}\"},\"query-input\":{\"@type\":\"PropertyValueSpecification\",\"valueRequired\":true,\"valueName\":\"search_term_string\"}}],\"inLanguage\":\"de\"},{\"@type\":\"Organization\",\"@id\":\"https:\/\/fllux.shop\/de\/#organization\",\"name\":\"Fllux Shop\",\"url\":\"https:\/\/fllux.shop\/de\/\",\"logo\":{\"@type\":\"ImageObject\",\"inLanguage\":\"de\",\"@id\":\"https:\/\/fllux.shop\/de\/#\/schema\/logo\/image\/\",\"url\":\"https:\/\/flluxcdn.b-cdn.net\/wp-content\/uploads\/2023\/11\/cropped-dark-fllux.png\",\"contentUrl\":\"https:\/\/flluxcdn.b-cdn.net\/wp-content\/uploads\/2023\/11\/cropped-dark-fllux.png\",\"width\":400,\"height\":136,\"caption\":\"Fllux Shop\"},\"image\":{\"@id\":\"https:\/\/fllux.shop\/de\/#\/schema\/logo\/image\/\"},\"sameAs\":[\"https:\/\/facebook.com\/fllux.shop\"],\"hasMerchantReturnPolicy\":{\"@type\":\"MerchantReturnPolicy\",\"merchantReturnLink\":\"https:\/\/fllux.shop\/return-policy\/\"}},false]}<\/script>\n<meta property=\"product:price:amount\" content=\"881.99\" \/>\n<meta property=\"product:price:currency\" content=\"EUR\" \/>\n<meta property=\"og:availability\" content=\"out of stock\" \/>\n<meta property=\"product:availability\" content=\"out of stock\" \/>\n<meta property=\"product:condition\" content=\"new\" \/>\n<!-- \/ Yoast SEO plugin. -->","yoast_head_json":{"title":"ET - Filtertaschen APU 120 H mont. - Fllux Shop","description":"Zubeh\u00f6r f\u00fcr Reinluftentstauber ET-Filterbeutel f\u00fcr POWER UNIT 120 H Ersatzfilter f\u00fcr AL-KO Standardger\u00e4te Staubklasse M elektrisch leitf\u00e4hig 1 ST.","robots":{"index":"index","follow":"follow","max-snippet":"max-snippet:-1","max-image-preview":"max-image-preview:large","max-video-preview":"max-video-preview:-1"},"canonical":"https:\/\/fllux.shop\/de\/produkt\/et-filterbeutel-apu-120-h-mont\/","og_locale":"de_DE","og_type":"article","og_title":"ET - Filtertaschen APU 120 H mont. - Fllux Shop","og_description":"Zubeh\u00f6r f\u00fcr Reinluftentstauber ET-Filterbeutel f\u00fcr POWER UNIT 120 H Ersatzfilter f\u00fcr AL-KO Standardger\u00e4te Staubklasse M elektrisch leitf\u00e4hig 1 ST.","og_url":"https:\/\/fllux.shop\/de\/produkt\/et-filterbeutel-apu-120-h-mont\/","og_site_name":"Fllux Shop","article_publisher":"https:\/\/facebook.com\/fllux.shop","article_modified_time":"2024-05-03T15:02:39+00:00","og_image":[{"width":455,"height":597,"url":"https:\/\/fllux.shop\/wp-content\/uploads\/2023\/11\/195181.jpg","type":"image\/jpeg"}],"twitter_card":"summary_large_image","twitter_misc":{"Preis":"881,99&nbsp;&euro; inkl. MwSt.","Verf\u00fcgbarkeit":"ausverkauft"},"schema":{"@context":"https:\/\/schema.org","@graph":[{"@type":"WebPage","@id":"https:\/\/fllux.shop\/de\/produkt\/et-filterbeutel-apu-120-h-mont\/","url":"https:\/\/fllux.shop\/de\/produkt\/et-filterbeutel-apu-120-h-mont\/","name":"ET - Filtertaschen APU 120 H mont. - Fllux Shop","isPartOf":{"@id":"https:\/\/fllux.shop\/de\/#website"},"primaryImageOfPage":{"@id":"https:\/\/fllux.shop\/de\/produkt\/et-filterbeutel-apu-120-h-mont\/#primaryimage"},"image":{"@id":"https:\/\/fllux.shop\/de\/produkt\/et-filterbeutel-apu-120-h-mont\/#primaryimage"},"thumbnailUrl":"https:\/\/flluxcdn.b-cdn.net\/wp-content\/uploads\/2023\/11\/195181.jpg","datePublished":"2023-11-23T15:27:07+00:00","dateModified":"2024-05-03T15:02:39+00:00","description":"Zubeh\u00f6r f\u00fcr Reinluftentstauber ET-Filterbeutel f\u00fcr POWER UNIT 120 H Ersatzfilter f\u00fcr AL-KO Standardger\u00e4te Staubklasse M elektrisch leitf\u00e4hig 1 ST.","breadcrumb":{"@id":"https:\/\/fllux.shop\/de\/produkt\/et-filterbeutel-apu-120-h-mont\/#breadcrumb"},"inLanguage":"de","potentialAction":[{"@type":"ReadAction","target":["https:\/\/fllux.shop\/de\/produkt\/et-filterbeutel-apu-120-h-mont\/"]}]},{"@type":"ImageObject","inLanguage":"de","@id":"https:\/\/fllux.shop\/de\/produkt\/et-filterbeutel-apu-120-h-mont\/#primaryimage","url":"https:\/\/flluxcdn.b-cdn.net\/wp-content\/uploads\/2023\/11\/195181.jpg","contentUrl":"https:\/\/flluxcdn.b-cdn.net\/wp-content\/uploads\/2023\/11\/195181.jpg","width":455,"height":597},{"@type":"BreadcrumbList","@id":"https:\/\/fllux.shop\/de\/produkt\/et-filterbeutel-apu-120-h-mont\/#breadcrumb","itemListElement":[{"@type":"ListItem","position":1,"name":"Home","item":"https:\/\/fllux.shop\/de\/"},{"@type":"ListItem","position":2,"name":"Shop","item":"https:\/\/fllux.shop\/de\/shop-2\/"},{"@type":"ListItem","position":3,"name":"Absaugger\u00e4te","item":"https:\/\/fllux.shop\/de\/produkt-kategorie\/absauggeraet\/"},{"@type":"ListItem","position":4,"name":"ET &#8211; Filtertaschen APU 120 H mont."}]},{"@type":"WebSite","@id":"https:\/\/fllux.shop\/de\/#website","url":"https:\/\/fllux.shop\/de\/","name":"Fllux Shop","description":"Your Complete Industrial Piping Partner","publisher":{"@id":"https:\/\/fllux.shop\/de\/#organization"},"potentialAction":[{"@type":"SearchAction","target":{"@type":"EntryPoint","urlTemplate":"https:\/\/fllux.shop\/de\/?s={search_term_string}"},"query-input":{"@type":"PropertyValueSpecification","valueRequired":true,"valueName":"search_term_string"}}],"inLanguage":"de"},{"@type":"Organization","@id":"https:\/\/fllux.shop\/de\/#organization","name":"Fllux Shop","url":"https:\/\/fllux.shop\/de\/","logo":{"@type":"ImageObject","inLanguage":"de","@id":"https:\/\/fllux.shop\/de\/#\/schema\/logo\/image\/","url":"https:\/\/flluxcdn.b-cdn.net\/wp-content\/uploads\/2023\/11\/cropped-dark-fllux.png","contentUrl":"https:\/\/flluxcdn.b-cdn.net\/wp-content\/uploads\/2023\/11\/cropped-dark-fllux.png","width":400,"height":136,"caption":"Fllux Shop"},"image":{"@id":"https:\/\/fllux.shop\/de\/#\/schema\/logo\/image\/"},"sameAs":["https:\/\/facebook.com\/fllux.shop"],"hasMerchantReturnPolicy":{"@type":"MerchantReturnPolicy","merchantReturnLink":"https:\/\/fllux.shop\/return-policy\/"}},false]},"product_price_amount":"881.99","product_price_currency":"EUR","og_availability":"out of stock","product_availability":"out of stock","product_condition":"new"},"yasr_visitor_votes":{"stars_attributes":{"read_only":false,"span_bottom":false},"number_of_votes":0,"sum_votes":0},"_links":{"self":[{"href":"https:\/\/fllux.shop\/de\/wp-json\/wp\/v2\/product\/17713","targetHints":{"allow":["GET"]}}],"collection":[{"href":"https:\/\/fllux.shop\/de\/wp-json\/wp\/v2\/product"}],"about":[{"href":"https:\/\/fllux.shop\/de\/wp-json\/wp\/v2\/types\/product"}],"version-history":[{"count":0,"href":"https:\/\/fllux.shop\/de\/wp-json\/wp\/v2\/product\/17713\/revisions"}],"wp:featuredmedia":[{"embeddable":true,"href":"https:\/\/fllux.shop\/de\/wp-json\/wp\/v2\/media\/14452"}],"wp:attachment":[{"href":"https:\/\/fllux.shop\/de\/wp-json\/wp\/v2\/media?parent=17713"}],"wp:term":[{"taxonomy":"product_brand","embeddable":true,"href":"https:\/\/fllux.shop\/de\/wp-json\/wp\/v2\/product_brand?post=17713"},{"taxonomy":"product_cat","embeddable":true,"href":"https:\/\/fllux.shop\/de\/wp-json\/wp\/v2\/product_cat?post=17713"},{"taxonomy":"product_tag","embeddable":true,"href":"https:\/\/fllux.shop\/de\/wp-json\/wp\/v2\/product_tag?post=17713"}],"curies":[{"name":"wp","href":"https:\/\/api.w.org\/{rel}","templated":true}]}}