{"id":17712,"date":"2023-11-23T16:24:08","date_gmt":"2023-11-23T15:24:08","guid":{"rendered":"https:\/\/fllux.shop\/product\/filter-1m-fuer-apu-140-h-160-h\/"},"modified":"2024-05-03T15:03:40","modified_gmt":"2024-05-03T15:03:40","slug":"filter-1m-fuer-apu-140-h-160-h","status":"publish","type":"product","link":"https:\/\/fllux.shop\/de\/produkt\/filter-1m-fuer-apu-140-h-160-h\/","title":{"rendered":"Filter 1m f\u00fcr APU 140 H, 160 H"},"content":{"rendered":"<div class=\"product--description\">\n<h4><span>Filter 1.00m<\/span><\/h4>\n<ul>\n<li><span>f\u00fcr POWER UNIT 140 H: 16 ST. notwendig<\/span><\/li>\n<li><span>f\u00fcr POWER UNIT 160 H: 23 ST. notwendig<\/span><\/li>\n<\/ul>\n<ul>\n<li><span>Ersatzfilter f\u00fcr AL-KO Standardger\u00e4te<\/span><\/li>\n<li><span>Staubklasse M<\/span><\/li>\n<li><span>elektrisch leitf\u00e4hig<\/span><\/li>\n<li><span>DN: 125mm<\/span><\/li>\n<li><span>L\u00e4nge: 1000mm<\/span><\/li>\n<\/ul>\n<\/div>\n<div class=\"product--properties panel has--border\">\n<table class=\"product--properties-table\">\n<tbody>\n<tr class=\"product--properties-row\">\n<td class=\"product--properties-label is--bold\"><span>1:<\/span><\/td>\n<td class=\"product--properties-value\"><span>Ersatzfilter f\u00fcr AL-KO Standardger\u00e4te<\/span><\/td>\n<\/tr>\n<tr class=\"product--properties-row\">\n<td class=\"product--properties-label is--bold\"><span>2:<\/span><\/td>\n<td class=\"product--properties-value\"><span>Staubklasse M<\/span><\/td>\n<\/tr>\n<tr class=\"product--properties-row\">\n<td class=\"product--properties-label is--bold\"><span>3:<\/span><\/td>\n<td class=\"product--properties-value\"><span>elektrisch leitf\u00e4hig<\/span><\/td>\n<\/tr>\n<tr class=\"product--properties-row\">\n<td class=\"product--properties-label is--bold\"><span>4:<\/span><\/td>\n<td class=\"product--properties-value\"><span>DN: 125mm<\/span><\/td>\n<\/tr>\n<\/tbody>\n<\/table>\n<\/div>\n<div style='text-align:left' class='yasr-auto-insert-visitor'><\/div>","protected":false},"excerpt":{"rendered":"<p>Filter 1.00m f\u00fcr POWER UNIT 140 H: 16 ST. notwendig f\u00fcr POWER UNIT 160 H: 23 ST. notwendig Ersatzfilter f\u00fcr AL-KO Standardger\u00e4te Staubklasse M elektrisch leitf\u00e4hig DN: 125mm L\u00e4nge: 1000mm 1: Ersatzfilter f\u00fcr AL-KO Standardger\u00e4te 2: Staubklasse M 3: elektrisch leitf\u00e4hig 4: DN: 125mm<\/p>\n","protected":false},"featured_media":14442,"template":"","meta":{"yasr_overall_rating":0,"yasr_post_is_review":"","yasr_auto_insert_disabled":"","yasr_review_type":""},"product_brand":[],"product_cat":[232,234],"product_tag":[],"class_list":{"0":"post-17712","1":"product","2":"type-product","3":"status-publish","4":"has-post-thumbnail","6":"product_cat-absauggeraet","7":"product_cat-zubehoer-fuer-reinluftentstauber","9":"first","10":"outofstock","11":"taxable","12":"shipping-taxable","13":"purchasable","14":"product-type-simple"},"exclude_global_add_ons":[],"addons":[],"yoast_head":"<!-- This site is optimized with the Yoast SEO plugin v27.2 - https:\/\/yoast.com\/product\/yoast-seo-wordpress\/ -->\n<title>Filter 1m f\u00fcr APU 140 H, 160 H - Fllux Shop<\/title>\n<meta name=\"description\" content=\"Filter 1.00m f\u00fcr POWER UNIT 140 H: 16 ST. notwendig f\u00fcr POWER UNIT 160 H: 23 ST. notwendig Ersatzfilter f\u00fcr AL-KO Standardger\u00e4te Staubklasse M elektrisch\" \/>\n<meta name=\"robots\" content=\"index, follow, max-snippet:-1, max-image-preview:large, max-video-preview:-1\" \/>\n<link rel=\"canonical\" href=\"https:\/\/fllux.shop\/de\/produkt\/filter-1m-fuer-apu-140-h-160-h\/\" \/>\n<meta property=\"og:locale\" content=\"de_DE\" \/>\n<meta property=\"og:type\" content=\"article\" \/>\n<meta property=\"og:title\" content=\"Filter 1m f\u00fcr APU 140 H, 160 H - Fllux Shop\" \/>\n<meta property=\"og:description\" content=\"Filter 1.00m f\u00fcr POWER UNIT 140 H: 16 ST. notwendig f\u00fcr POWER UNIT 160 H: 23 ST. notwendig Ersatzfilter f\u00fcr AL-KO Standardger\u00e4te Staubklasse M elektrisch\" \/>\n<meta property=\"og:url\" content=\"https:\/\/fllux.shop\/de\/produkt\/filter-1m-fuer-apu-140-h-160-h\/\" \/>\n<meta property=\"og:site_name\" content=\"Fllux Shop\" \/>\n<meta property=\"article:publisher\" content=\"https:\/\/facebook.com\/fllux.shop\" \/>\n<meta property=\"article:modified_time\" content=\"2024-05-03T15:03:40+00:00\" \/>\n<meta property=\"og:image\" content=\"https:\/\/fllux.shop\/wp-content\/uploads\/2023\/11\/85100301.jpg\" \/>\n\t<meta property=\"og:image:width\" content=\"595\" \/>\n\t<meta property=\"og:image:height\" content=\"434\" \/>\n\t<meta property=\"og:image:type\" content=\"image\/jpeg\" \/>\n<meta name=\"twitter:card\" content=\"summary_large_image\" \/>\n<meta name=\"twitter:label1\" content=\"Preis\" \/>\n\t<meta name=\"twitter:data1\" content=\"61,04&nbsp;&euro; inkl. MwSt.\" \/>\n\t<meta name=\"twitter:label2\" content=\"Verf\u00fcgbarkeit\" \/>\n\t<meta name=\"twitter:data2\" content=\"ausverkauft\" \/>\n<script type=\"application\/ld+json\" class=\"yoast-schema-graph\">{\"@context\":\"https:\/\/schema.org\",\"@graph\":[{\"@type\":\"WebPage\",\"@id\":\"https:\/\/fllux.shop\/de\/produkt\/filter-1m-fuer-apu-140-h-160-h\/\",\"url\":\"https:\/\/fllux.shop\/de\/produkt\/filter-1m-fuer-apu-140-h-160-h\/\",\"name\":\"Filter 1m f\u00fcr APU 140 H, 160 H - Fllux Shop\",\"isPartOf\":{\"@id\":\"https:\/\/fllux.shop\/de\/#website\"},\"primaryImageOfPage\":{\"@id\":\"https:\/\/fllux.shop\/de\/produkt\/filter-1m-fuer-apu-140-h-160-h\/#primaryimage\"},\"image\":{\"@id\":\"https:\/\/fllux.shop\/de\/produkt\/filter-1m-fuer-apu-140-h-160-h\/#primaryimage\"},\"thumbnailUrl\":\"https:\/\/flluxcdn.b-cdn.net\/wp-content\/uploads\/2023\/11\/85100301.jpg\",\"datePublished\":\"2023-11-23T15:24:08+00:00\",\"dateModified\":\"2024-05-03T15:03:40+00:00\",\"description\":\"Filter 1.00m f\u00fcr POWER UNIT 140 H: 16 ST. notwendig f\u00fcr POWER UNIT 160 H: 23 ST. notwendig Ersatzfilter f\u00fcr AL-KO Standardger\u00e4te Staubklasse M elektrisch\",\"breadcrumb\":{\"@id\":\"https:\/\/fllux.shop\/de\/produkt\/filter-1m-fuer-apu-140-h-160-h\/#breadcrumb\"},\"inLanguage\":\"de\",\"potentialAction\":[{\"@type\":\"ReadAction\",\"target\":[\"https:\/\/fllux.shop\/de\/produkt\/filter-1m-fuer-apu-140-h-160-h\/\"]}]},{\"@type\":\"ImageObject\",\"inLanguage\":\"de\",\"@id\":\"https:\/\/fllux.shop\/de\/produkt\/filter-1m-fuer-apu-140-h-160-h\/#primaryimage\",\"url\":\"https:\/\/flluxcdn.b-cdn.net\/wp-content\/uploads\/2023\/11\/85100301.jpg\",\"contentUrl\":\"https:\/\/flluxcdn.b-cdn.net\/wp-content\/uploads\/2023\/11\/85100301.jpg\",\"width\":595,\"height\":434},{\"@type\":\"BreadcrumbList\",\"@id\":\"https:\/\/fllux.shop\/de\/produkt\/filter-1m-fuer-apu-140-h-160-h\/#breadcrumb\",\"itemListElement\":[{\"@type\":\"ListItem\",\"position\":1,\"name\":\"Home\",\"item\":\"https:\/\/fllux.shop\/de\/\"},{\"@type\":\"ListItem\",\"position\":2,\"name\":\"Shop\",\"item\":\"https:\/\/fllux.shop\/de\/shop-2\/\"},{\"@type\":\"ListItem\",\"position\":3,\"name\":\"Absaugger\u00e4te\",\"item\":\"https:\/\/fllux.shop\/de\/produkt-kategorie\/absauggeraet\/\"},{\"@type\":\"ListItem\",\"position\":4,\"name\":\"Filter 1m f\u00fcr APU 140 H, 160 H\"}]},{\"@type\":\"WebSite\",\"@id\":\"https:\/\/fllux.shop\/de\/#website\",\"url\":\"https:\/\/fllux.shop\/de\/\",\"name\":\"Fllux Shop\",\"description\":\"Your Complete Industrial Piping Partner\",\"publisher\":{\"@id\":\"https:\/\/fllux.shop\/de\/#organization\"},\"potentialAction\":[{\"@type\":\"SearchAction\",\"target\":{\"@type\":\"EntryPoint\",\"urlTemplate\":\"https:\/\/fllux.shop\/de\/?s={search_term_string}\"},\"query-input\":{\"@type\":\"PropertyValueSpecification\",\"valueRequired\":true,\"valueName\":\"search_term_string\"}}],\"inLanguage\":\"de\"},{\"@type\":\"Organization\",\"@id\":\"https:\/\/fllux.shop\/de\/#organization\",\"name\":\"Fllux Shop\",\"url\":\"https:\/\/fllux.shop\/de\/\",\"logo\":{\"@type\":\"ImageObject\",\"inLanguage\":\"de\",\"@id\":\"https:\/\/fllux.shop\/de\/#\/schema\/logo\/image\/\",\"url\":\"https:\/\/flluxcdn.b-cdn.net\/wp-content\/uploads\/2023\/11\/cropped-dark-fllux.png\",\"contentUrl\":\"https:\/\/flluxcdn.b-cdn.net\/wp-content\/uploads\/2023\/11\/cropped-dark-fllux.png\",\"width\":400,\"height\":136,\"caption\":\"Fllux Shop\"},\"image\":{\"@id\":\"https:\/\/fllux.shop\/de\/#\/schema\/logo\/image\/\"},\"sameAs\":[\"https:\/\/facebook.com\/fllux.shop\"],\"hasMerchantReturnPolicy\":{\"@type\":\"MerchantReturnPolicy\",\"merchantReturnLink\":\"https:\/\/fllux.shop\/return-policy\/\"}},false]}<\/script>\n<meta property=\"product:price:amount\" content=\"61.04\" \/>\n<meta property=\"product:price:currency\" content=\"EUR\" \/>\n<meta property=\"og:availability\" content=\"out of stock\" \/>\n<meta property=\"product:availability\" content=\"out of stock\" \/>\n<meta property=\"product:condition\" content=\"new\" \/>\n<!-- \/ Yoast SEO plugin. -->","yoast_head_json":{"title":"Filter 1m f\u00fcr APU 140 H, 160 H - Fllux Shop","description":"Filter 1.00m f\u00fcr POWER UNIT 140 H: 16 ST. notwendig f\u00fcr POWER UNIT 160 H: 23 ST. notwendig Ersatzfilter f\u00fcr AL-KO Standardger\u00e4te Staubklasse M elektrisch","robots":{"index":"index","follow":"follow","max-snippet":"max-snippet:-1","max-image-preview":"max-image-preview:large","max-video-preview":"max-video-preview:-1"},"canonical":"https:\/\/fllux.shop\/de\/produkt\/filter-1m-fuer-apu-140-h-160-h\/","og_locale":"de_DE","og_type":"article","og_title":"Filter 1m f\u00fcr APU 140 H, 160 H - Fllux Shop","og_description":"Filter 1.00m f\u00fcr POWER UNIT 140 H: 16 ST. notwendig f\u00fcr POWER UNIT 160 H: 23 ST. notwendig Ersatzfilter f\u00fcr AL-KO Standardger\u00e4te Staubklasse M elektrisch","og_url":"https:\/\/fllux.shop\/de\/produkt\/filter-1m-fuer-apu-140-h-160-h\/","og_site_name":"Fllux Shop","article_publisher":"https:\/\/facebook.com\/fllux.shop","article_modified_time":"2024-05-03T15:03:40+00:00","og_image":[{"width":595,"height":434,"url":"https:\/\/fllux.shop\/wp-content\/uploads\/2023\/11\/85100301.jpg","type":"image\/jpeg"}],"twitter_card":"summary_large_image","twitter_misc":{"Preis":"61,04&nbsp;&euro; inkl. MwSt.","Verf\u00fcgbarkeit":"ausverkauft"},"schema":{"@context":"https:\/\/schema.org","@graph":[{"@type":"WebPage","@id":"https:\/\/fllux.shop\/de\/produkt\/filter-1m-fuer-apu-140-h-160-h\/","url":"https:\/\/fllux.shop\/de\/produkt\/filter-1m-fuer-apu-140-h-160-h\/","name":"Filter 1m f\u00fcr APU 140 H, 160 H - Fllux Shop","isPartOf":{"@id":"https:\/\/fllux.shop\/de\/#website"},"primaryImageOfPage":{"@id":"https:\/\/fllux.shop\/de\/produkt\/filter-1m-fuer-apu-140-h-160-h\/#primaryimage"},"image":{"@id":"https:\/\/fllux.shop\/de\/produkt\/filter-1m-fuer-apu-140-h-160-h\/#primaryimage"},"thumbnailUrl":"https:\/\/flluxcdn.b-cdn.net\/wp-content\/uploads\/2023\/11\/85100301.jpg","datePublished":"2023-11-23T15:24:08+00:00","dateModified":"2024-05-03T15:03:40+00:00","description":"Filter 1.00m f\u00fcr POWER UNIT 140 H: 16 ST. notwendig f\u00fcr POWER UNIT 160 H: 23 ST. notwendig Ersatzfilter f\u00fcr AL-KO Standardger\u00e4te Staubklasse M elektrisch","breadcrumb":{"@id":"https:\/\/fllux.shop\/de\/produkt\/filter-1m-fuer-apu-140-h-160-h\/#breadcrumb"},"inLanguage":"de","potentialAction":[{"@type":"ReadAction","target":["https:\/\/fllux.shop\/de\/produkt\/filter-1m-fuer-apu-140-h-160-h\/"]}]},{"@type":"ImageObject","inLanguage":"de","@id":"https:\/\/fllux.shop\/de\/produkt\/filter-1m-fuer-apu-140-h-160-h\/#primaryimage","url":"https:\/\/flluxcdn.b-cdn.net\/wp-content\/uploads\/2023\/11\/85100301.jpg","contentUrl":"https:\/\/flluxcdn.b-cdn.net\/wp-content\/uploads\/2023\/11\/85100301.jpg","width":595,"height":434},{"@type":"BreadcrumbList","@id":"https:\/\/fllux.shop\/de\/produkt\/filter-1m-fuer-apu-140-h-160-h\/#breadcrumb","itemListElement":[{"@type":"ListItem","position":1,"name":"Home","item":"https:\/\/fllux.shop\/de\/"},{"@type":"ListItem","position":2,"name":"Shop","item":"https:\/\/fllux.shop\/de\/shop-2\/"},{"@type":"ListItem","position":3,"name":"Absaugger\u00e4te","item":"https:\/\/fllux.shop\/de\/produkt-kategorie\/absauggeraet\/"},{"@type":"ListItem","position":4,"name":"Filter 1m f\u00fcr APU 140 H, 160 H"}]},{"@type":"WebSite","@id":"https:\/\/fllux.shop\/de\/#website","url":"https:\/\/fllux.shop\/de\/","name":"Fllux Shop","description":"Your Complete Industrial Piping Partner","publisher":{"@id":"https:\/\/fllux.shop\/de\/#organization"},"potentialAction":[{"@type":"SearchAction","target":{"@type":"EntryPoint","urlTemplate":"https:\/\/fllux.shop\/de\/?s={search_term_string}"},"query-input":{"@type":"PropertyValueSpecification","valueRequired":true,"valueName":"search_term_string"}}],"inLanguage":"de"},{"@type":"Organization","@id":"https:\/\/fllux.shop\/de\/#organization","name":"Fllux Shop","url":"https:\/\/fllux.shop\/de\/","logo":{"@type":"ImageObject","inLanguage":"de","@id":"https:\/\/fllux.shop\/de\/#\/schema\/logo\/image\/","url":"https:\/\/flluxcdn.b-cdn.net\/wp-content\/uploads\/2023\/11\/cropped-dark-fllux.png","contentUrl":"https:\/\/flluxcdn.b-cdn.net\/wp-content\/uploads\/2023\/11\/cropped-dark-fllux.png","width":400,"height":136,"caption":"Fllux Shop"},"image":{"@id":"https:\/\/fllux.shop\/de\/#\/schema\/logo\/image\/"},"sameAs":["https:\/\/facebook.com\/fllux.shop"],"hasMerchantReturnPolicy":{"@type":"MerchantReturnPolicy","merchantReturnLink":"https:\/\/fllux.shop\/return-policy\/"}},false]},"product_price_amount":"61.04","product_price_currency":"EUR","og_availability":"out of stock","product_availability":"out of stock","product_condition":"new"},"yasr_visitor_votes":{"stars_attributes":{"read_only":false,"span_bottom":false},"number_of_votes":0,"sum_votes":0},"_links":{"self":[{"href":"https:\/\/fllux.shop\/de\/wp-json\/wp\/v2\/product\/17712","targetHints":{"allow":["GET"]}}],"collection":[{"href":"https:\/\/fllux.shop\/de\/wp-json\/wp\/v2\/product"}],"about":[{"href":"https:\/\/fllux.shop\/de\/wp-json\/wp\/v2\/types\/product"}],"version-history":[{"count":0,"href":"https:\/\/fllux.shop\/de\/wp-json\/wp\/v2\/product\/17712\/revisions"}],"wp:featuredmedia":[{"embeddable":true,"href":"https:\/\/fllux.shop\/de\/wp-json\/wp\/v2\/media\/14442"}],"wp:attachment":[{"href":"https:\/\/fllux.shop\/de\/wp-json\/wp\/v2\/media?parent=17712"}],"wp:term":[{"taxonomy":"product_brand","embeddable":true,"href":"https:\/\/fllux.shop\/de\/wp-json\/wp\/v2\/product_brand?post=17712"},{"taxonomy":"product_cat","embeddable":true,"href":"https:\/\/fllux.shop\/de\/wp-json\/wp\/v2\/product_cat?post=17712"},{"taxonomy":"product_tag","embeddable":true,"href":"https:\/\/fllux.shop\/de\/wp-json\/wp\/v2\/product_tag?post=17712"}],"curies":[{"name":"wp","href":"https:\/\/api.w.org\/{rel}","templated":true}]}}