{"id":17641,"date":"2023-11-23T17:35:27","date_gmt":"2023-11-23T16:35:27","guid":{"rendered":"https:\/\/fllux.shop\/product\/ventilator-pfr\/"},"modified":"2024-05-03T15:13:15","modified_gmt":"2024-05-03T15:13:15","slug":"ventilator-pfr","status":"publish","type":"product","link":"https:\/\/fllux.shop\/de\/produkt\/ventilator-pfr\/","title":{"rendered":"Ventilator PFR"},"content":{"rendered":"<div class=\"product--description\">\n<h3><span>Eigenschaften<\/span><\/h3>\n<ul>\n<li><span>r\u00fcckw\u00e4rts gekr\u00fcmmte Klingen<\/span><\/li>\n<li><span>Transport von Staub und mit Luft vermischten Feststoffen<\/span><\/li>\n<li><span>nicht f\u00fcr lange Sp\u00e4ne geeignet<\/span><\/li>\n<li><span>mit Querschnitts\u00fcbergang<\/span><\/li>\n<li><span>mit Verkleinerung<\/span><\/li>\n<\/ul>\n<h3><span>Technische Daten<\/span><\/h3>\n<ul>\n<li><span>Leistung: 2,2 kW<\/span><\/li>\n<li><span>HP: 3<\/span><\/li>\n<li><span>80dB<\/span><\/li>\n<li><span>Gewicht: 69kg<\/span><\/li>\n<li><span>Durchmesser: 200<\/span><\/li>\n<li><span>Abmessungen (L x B x H): 705 x 530 x 740 mm<\/span><\/li>\n<\/ul>\n<\/div>\n<div class=\"product--properties panel has--border\">\n<table class=\"product--properties-table\">\n<tbody>\n<tr class=\"product--properties-row\">\n<td class=\"product--properties-label is--bold\"><span>1:<\/span><\/td>\n<td class=\"product--properties-value\"><span>Nicht geeignet f\u00fcr lange Sp\u00e4ne<\/span><\/td>\n<\/tr>\n<tr class=\"product--properties-row\">\n<td class=\"product--properties-label is--bold\"><span>2:<\/span><\/td>\n<td class=\"product--properties-value\"><span>R\u00fcckw\u00e4rts gebogene Klingen<\/span><\/td>\n<\/tr>\n<tr class=\"product--properties-row\">\n<td class=\"product--properties-label is--bold\"><span>3:<\/span><\/td>\n<td class=\"product--properties-value\"><span>Mit querschnittlichem \u00dcbergang<\/span><\/td>\n<\/tr>\n<tr class=\"product--properties-row\">\n<td class=\"product--properties-label is--bold\"><span>4:<\/span><\/td>\n<td class=\"product--properties-value\"><span>Transport von Staub und mit Luft vermischten Feststoffen<\/span><\/td>\n<\/tr>\n<\/tbody>\n<\/table>\n<\/div>\n<div style='text-align:left' class='yasr-auto-insert-visitor'><\/div>","protected":false},"excerpt":{"rendered":"<p>Eigenschaften r\u00fcckw\u00e4rts gekr\u00fcmmte Klingen Transport von Staub und mit Luft vermischten Feststoffen nicht f\u00fcr lange Sp\u00e4ne geeignet mit Querschnitts\u00fcbergang mit Verkleinerung Technische Daten Leistung: 2,2 kW HP: 3 80dB Gewicht: 69kg Durchmesser: 200 Abmessungen (L x B x H): 705 x 530 x 740 mm 1: Nicht geeignet f\u00fcr lange Sp\u00e4ne 2: R\u00fcckw\u00e4rts gebogene Klingen [&hellip;]<\/p>\n","protected":false},"featured_media":14653,"template":"","meta":{"yasr_overall_rating":0,"yasr_post_is_review":"","yasr_auto_insert_disabled":"","yasr_review_type":""},"product_brand":[],"product_cat":[232,237],"product_tag":[],"class_list":{"0":"post-17641","1":"product","2":"type-product","3":"status-publish","4":"has-post-thumbnail","6":"product_cat-absauggeraet","7":"product_cat-ventilatoren","9":"first","10":"outofstock","11":"taxable","12":"shipping-taxable","13":"product-type-simple"},"exclude_global_add_ons":[],"addons":[],"yoast_head":"<!-- This site is optimized with the Yoast SEO plugin v27.2 - https:\/\/yoast.com\/product\/yoast-seo-wordpress\/ -->\n<title>Ventilator PFR - Fllux Shop<\/title>\n<meta name=\"description\" content=\"Eigenschaften r\u00fcckw\u00e4rts gekr\u00fcmmte Klingen Transport von Staub und mit Luft vermischten Feststoffen nicht f\u00fcr lange Sp\u00e4ne geeignet mit Querschnitts\u00fcbergang\" \/>\n<meta name=\"robots\" content=\"index, follow, max-snippet:-1, max-image-preview:large, max-video-preview:-1\" \/>\n<link rel=\"canonical\" href=\"https:\/\/fllux.shop\/de\/produkt\/ventilator-pfr\/\" \/>\n<meta property=\"og:locale\" content=\"de_DE\" \/>\n<meta property=\"og:type\" content=\"article\" \/>\n<meta property=\"og:title\" content=\"Ventilator PFR - Fllux Shop\" \/>\n<meta property=\"og:description\" content=\"Eigenschaften r\u00fcckw\u00e4rts gekr\u00fcmmte Klingen Transport von Staub und mit Luft vermischten Feststoffen nicht f\u00fcr lange Sp\u00e4ne geeignet mit Querschnitts\u00fcbergang\" \/>\n<meta property=\"og:url\" content=\"https:\/\/fllux.shop\/de\/produkt\/ventilator-pfr\/\" \/>\n<meta property=\"og:site_name\" content=\"Fllux Shop\" \/>\n<meta property=\"article:publisher\" content=\"https:\/\/facebook.com\/fllux.shop\" \/>\n<meta property=\"article:modified_time\" content=\"2024-05-03T15:13:15+00:00\" \/>\n<meta property=\"og:image\" content=\"https:\/\/fllux.shop\/wp-content\/uploads\/2023\/11\/Ventilator.jpg\" \/>\n\t<meta property=\"og:image:width\" content=\"616\" \/>\n\t<meta property=\"og:image:height\" content=\"565\" \/>\n\t<meta property=\"og:image:type\" content=\"image\/jpeg\" \/>\n<meta name=\"twitter:card\" content=\"summary_large_image\" \/>\n<meta name=\"twitter:label1\" content=\"Preis\" \/>\n\t<meta name=\"twitter:data1\" content=\"\" \/>\n\t<meta name=\"twitter:label2\" content=\"Verf\u00fcgbarkeit\" \/>\n\t<meta name=\"twitter:data2\" content=\"ausverkauft\" \/>\n<script type=\"application\/ld+json\" class=\"yoast-schema-graph\">{\"@context\":\"https:\/\/schema.org\",\"@graph\":[{\"@type\":\"WebPage\",\"@id\":\"https:\/\/fllux.shop\/de\/produkt\/ventilator-pfr\/\",\"url\":\"https:\/\/fllux.shop\/de\/produkt\/ventilator-pfr\/\",\"name\":\"Ventilator PFR - Fllux Shop\",\"isPartOf\":{\"@id\":\"https:\/\/fllux.shop\/de\/#website\"},\"primaryImageOfPage\":{\"@id\":\"https:\/\/fllux.shop\/de\/produkt\/ventilator-pfr\/#primaryimage\"},\"image\":{\"@id\":\"https:\/\/fllux.shop\/de\/produkt\/ventilator-pfr\/#primaryimage\"},\"thumbnailUrl\":\"https:\/\/flluxcdn.b-cdn.net\/wp-content\/uploads\/2023\/11\/Ventilator.jpg\",\"datePublished\":\"2023-11-23T16:35:27+00:00\",\"dateModified\":\"2024-05-03T15:13:15+00:00\",\"description\":\"Eigenschaften r\u00fcckw\u00e4rts gekr\u00fcmmte Klingen Transport von Staub und mit Luft vermischten Feststoffen nicht f\u00fcr lange Sp\u00e4ne geeignet mit Querschnitts\u00fcbergang\",\"breadcrumb\":{\"@id\":\"https:\/\/fllux.shop\/de\/produkt\/ventilator-pfr\/#breadcrumb\"},\"inLanguage\":\"de\",\"potentialAction\":[{\"@type\":\"ReadAction\",\"target\":[\"https:\/\/fllux.shop\/de\/produkt\/ventilator-pfr\/\"]}]},{\"@type\":\"ImageObject\",\"inLanguage\":\"de\",\"@id\":\"https:\/\/fllux.shop\/de\/produkt\/ventilator-pfr\/#primaryimage\",\"url\":\"https:\/\/flluxcdn.b-cdn.net\/wp-content\/uploads\/2023\/11\/Ventilator.jpg\",\"contentUrl\":\"https:\/\/flluxcdn.b-cdn.net\/wp-content\/uploads\/2023\/11\/Ventilator.jpg\",\"width\":616,\"height\":565},{\"@type\":\"BreadcrumbList\",\"@id\":\"https:\/\/fllux.shop\/de\/produkt\/ventilator-pfr\/#breadcrumb\",\"itemListElement\":[{\"@type\":\"ListItem\",\"position\":1,\"name\":\"Home\",\"item\":\"https:\/\/fllux.shop\/de\/\"},{\"@type\":\"ListItem\",\"position\":2,\"name\":\"Shop\",\"item\":\"https:\/\/fllux.shop\/de\/shop-2\/\"},{\"@type\":\"ListItem\",\"position\":3,\"name\":\"Absaugger\u00e4te\",\"item\":\"https:\/\/fllux.shop\/de\/produkt-kategorie\/absauggeraet\/\"},{\"@type\":\"ListItem\",\"position\":4,\"name\":\"Ventilator PFR\"}]},{\"@type\":\"WebSite\",\"@id\":\"https:\/\/fllux.shop\/de\/#website\",\"url\":\"https:\/\/fllux.shop\/de\/\",\"name\":\"Fllux Shop\",\"description\":\"Your Complete Industrial Piping Partner\",\"publisher\":{\"@id\":\"https:\/\/fllux.shop\/de\/#organization\"},\"potentialAction\":[{\"@type\":\"SearchAction\",\"target\":{\"@type\":\"EntryPoint\",\"urlTemplate\":\"https:\/\/fllux.shop\/de\/?s={search_term_string}\"},\"query-input\":{\"@type\":\"PropertyValueSpecification\",\"valueRequired\":true,\"valueName\":\"search_term_string\"}}],\"inLanguage\":\"de\"},{\"@type\":\"Organization\",\"@id\":\"https:\/\/fllux.shop\/de\/#organization\",\"name\":\"Fllux Shop\",\"url\":\"https:\/\/fllux.shop\/de\/\",\"logo\":{\"@type\":\"ImageObject\",\"inLanguage\":\"de\",\"@id\":\"https:\/\/fllux.shop\/de\/#\/schema\/logo\/image\/\",\"url\":\"https:\/\/flluxcdn.b-cdn.net\/wp-content\/uploads\/2023\/11\/cropped-dark-fllux.png\",\"contentUrl\":\"https:\/\/flluxcdn.b-cdn.net\/wp-content\/uploads\/2023\/11\/cropped-dark-fllux.png\",\"width\":400,\"height\":136,\"caption\":\"Fllux Shop\"},\"image\":{\"@id\":\"https:\/\/fllux.shop\/de\/#\/schema\/logo\/image\/\"},\"sameAs\":[\"https:\/\/facebook.com\/fllux.shop\"],\"hasMerchantReturnPolicy\":{\"@type\":\"MerchantReturnPolicy\",\"merchantReturnLink\":\"https:\/\/fllux.shop\/return-policy\/\"}},false]}<\/script>\n<meta property=\"product:price:amount\" content=\"0.00\" \/>\n<meta property=\"product:price:currency\" content=\"EUR\" \/>\n<meta property=\"og:availability\" content=\"out of stock\" \/>\n<meta property=\"product:availability\" content=\"out of stock\" \/>\n<meta property=\"product:condition\" content=\"new\" \/>\n<!-- \/ Yoast SEO plugin. -->","yoast_head_json":{"title":"Ventilator PFR - Fllux Shop","description":"Eigenschaften r\u00fcckw\u00e4rts gekr\u00fcmmte Klingen Transport von Staub und mit Luft vermischten Feststoffen nicht f\u00fcr lange Sp\u00e4ne geeignet mit Querschnitts\u00fcbergang","robots":{"index":"index","follow":"follow","max-snippet":"max-snippet:-1","max-image-preview":"max-image-preview:large","max-video-preview":"max-video-preview:-1"},"canonical":"https:\/\/fllux.shop\/de\/produkt\/ventilator-pfr\/","og_locale":"de_DE","og_type":"article","og_title":"Ventilator PFR - Fllux Shop","og_description":"Eigenschaften r\u00fcckw\u00e4rts gekr\u00fcmmte Klingen Transport von Staub und mit Luft vermischten Feststoffen nicht f\u00fcr lange Sp\u00e4ne geeignet mit Querschnitts\u00fcbergang","og_url":"https:\/\/fllux.shop\/de\/produkt\/ventilator-pfr\/","og_site_name":"Fllux Shop","article_publisher":"https:\/\/facebook.com\/fllux.shop","article_modified_time":"2024-05-03T15:13:15+00:00","og_image":[{"width":616,"height":565,"url":"https:\/\/fllux.shop\/wp-content\/uploads\/2023\/11\/Ventilator.jpg","type":"image\/jpeg"}],"twitter_card":"summary_large_image","twitter_misc":{"Preis":"","Verf\u00fcgbarkeit":"ausverkauft"},"schema":{"@context":"https:\/\/schema.org","@graph":[{"@type":"WebPage","@id":"https:\/\/fllux.shop\/de\/produkt\/ventilator-pfr\/","url":"https:\/\/fllux.shop\/de\/produkt\/ventilator-pfr\/","name":"Ventilator PFR - Fllux Shop","isPartOf":{"@id":"https:\/\/fllux.shop\/de\/#website"},"primaryImageOfPage":{"@id":"https:\/\/fllux.shop\/de\/produkt\/ventilator-pfr\/#primaryimage"},"image":{"@id":"https:\/\/fllux.shop\/de\/produkt\/ventilator-pfr\/#primaryimage"},"thumbnailUrl":"https:\/\/flluxcdn.b-cdn.net\/wp-content\/uploads\/2023\/11\/Ventilator.jpg","datePublished":"2023-11-23T16:35:27+00:00","dateModified":"2024-05-03T15:13:15+00:00","description":"Eigenschaften r\u00fcckw\u00e4rts gekr\u00fcmmte Klingen Transport von Staub und mit Luft vermischten Feststoffen nicht f\u00fcr lange Sp\u00e4ne geeignet mit Querschnitts\u00fcbergang","breadcrumb":{"@id":"https:\/\/fllux.shop\/de\/produkt\/ventilator-pfr\/#breadcrumb"},"inLanguage":"de","potentialAction":[{"@type":"ReadAction","target":["https:\/\/fllux.shop\/de\/produkt\/ventilator-pfr\/"]}]},{"@type":"ImageObject","inLanguage":"de","@id":"https:\/\/fllux.shop\/de\/produkt\/ventilator-pfr\/#primaryimage","url":"https:\/\/flluxcdn.b-cdn.net\/wp-content\/uploads\/2023\/11\/Ventilator.jpg","contentUrl":"https:\/\/flluxcdn.b-cdn.net\/wp-content\/uploads\/2023\/11\/Ventilator.jpg","width":616,"height":565},{"@type":"BreadcrumbList","@id":"https:\/\/fllux.shop\/de\/produkt\/ventilator-pfr\/#breadcrumb","itemListElement":[{"@type":"ListItem","position":1,"name":"Home","item":"https:\/\/fllux.shop\/de\/"},{"@type":"ListItem","position":2,"name":"Shop","item":"https:\/\/fllux.shop\/de\/shop-2\/"},{"@type":"ListItem","position":3,"name":"Absaugger\u00e4te","item":"https:\/\/fllux.shop\/de\/produkt-kategorie\/absauggeraet\/"},{"@type":"ListItem","position":4,"name":"Ventilator PFR"}]},{"@type":"WebSite","@id":"https:\/\/fllux.shop\/de\/#website","url":"https:\/\/fllux.shop\/de\/","name":"Fllux Shop","description":"Your Complete Industrial Piping Partner","publisher":{"@id":"https:\/\/fllux.shop\/de\/#organization"},"potentialAction":[{"@type":"SearchAction","target":{"@type":"EntryPoint","urlTemplate":"https:\/\/fllux.shop\/de\/?s={search_term_string}"},"query-input":{"@type":"PropertyValueSpecification","valueRequired":true,"valueName":"search_term_string"}}],"inLanguage":"de"},{"@type":"Organization","@id":"https:\/\/fllux.shop\/de\/#organization","name":"Fllux Shop","url":"https:\/\/fllux.shop\/de\/","logo":{"@type":"ImageObject","inLanguage":"de","@id":"https:\/\/fllux.shop\/de\/#\/schema\/logo\/image\/","url":"https:\/\/flluxcdn.b-cdn.net\/wp-content\/uploads\/2023\/11\/cropped-dark-fllux.png","contentUrl":"https:\/\/flluxcdn.b-cdn.net\/wp-content\/uploads\/2023\/11\/cropped-dark-fllux.png","width":400,"height":136,"caption":"Fllux Shop"},"image":{"@id":"https:\/\/fllux.shop\/de\/#\/schema\/logo\/image\/"},"sameAs":["https:\/\/facebook.com\/fllux.shop"],"hasMerchantReturnPolicy":{"@type":"MerchantReturnPolicy","merchantReturnLink":"https:\/\/fllux.shop\/return-policy\/"}},false]},"product_price_amount":"0.00","product_price_currency":"EUR","og_availability":"out of stock","product_availability":"out of stock","product_condition":"new"},"yasr_visitor_votes":{"stars_attributes":{"read_only":false,"span_bottom":false},"number_of_votes":0,"sum_votes":0},"_links":{"self":[{"href":"https:\/\/fllux.shop\/de\/wp-json\/wp\/v2\/product\/17641","targetHints":{"allow":["GET"]}}],"collection":[{"href":"https:\/\/fllux.shop\/de\/wp-json\/wp\/v2\/product"}],"about":[{"href":"https:\/\/fllux.shop\/de\/wp-json\/wp\/v2\/types\/product"}],"version-history":[{"count":0,"href":"https:\/\/fllux.shop\/de\/wp-json\/wp\/v2\/product\/17641\/revisions"}],"wp:featuredmedia":[{"embeddable":true,"href":"https:\/\/fllux.shop\/de\/wp-json\/wp\/v2\/media\/14653"}],"wp:attachment":[{"href":"https:\/\/fllux.shop\/de\/wp-json\/wp\/v2\/media?parent=17641"}],"wp:term":[{"taxonomy":"product_brand","embeddable":true,"href":"https:\/\/fllux.shop\/de\/wp-json\/wp\/v2\/product_brand?post=17641"},{"taxonomy":"product_cat","embeddable":true,"href":"https:\/\/fllux.shop\/de\/wp-json\/wp\/v2\/product_cat?post=17641"},{"taxonomy":"product_tag","embeddable":true,"href":"https:\/\/fllux.shop\/de\/wp-json\/wp\/v2\/product_tag?post=17641"}],"curies":[{"name":"wp","href":"https:\/\/api.w.org\/{rel}","templated":true}]}}