{"id":28269,"date":"2024-10-31T11:36:27","date_gmt":"2024-10-31T10:36:27","guid":{"rendered":"https:\/\/fllux.shop\/rueckgaberecht\/"},"modified":"2026-03-28T15:04:09","modified_gmt":"2026-03-28T14:04:09","slug":"rueckgaberecht","status":"publish","type":"page","link":"https:\/\/fllux.shop\/de\/rueckgaberecht\/","title":{"rendered":"R\u00fcckgaberecht"},"content":{"rendered":"\t\t<div data-elementor-type=\"wp-page\" data-elementor-id=\"28269\" class=\"elementor elementor-28269 elementor-28256\" data-elementor-post-type=\"page\">\n\t\t\t\t<div class=\"elementor-element elementor-element-96f55f5 e-flex e-con-boxed e-con e-parent\" data-id=\"96f55f5\" data-element_type=\"container\" data-e-type=\"container\">\n\t\t\t\t\t<div class=\"e-con-inner\">\n\t\t\t\t<div class=\"elementor-element elementor-element-492eca5 elementor-widget elementor-widget-text-editor\" data-id=\"492eca5\" data-element_type=\"widget\" data-e-type=\"widget\" data-widget_type=\"text-editor.default\">\n\t\t\t\t\t\t\t\t\t<h1>R\u00fcckgabe- und Erstattungsrichtlinie<\/h1><br><br><p>Diese R\u00fcckgabe- und Erstattungsrichtlinie erl\u00e4utert Ihr gesetzliches Widerrufsrecht, unser freiwilliges R\u00fcckgaberecht sowie den Ablauf von R\u00fccksendungen und Erstattungen f\u00fcr Eink\u00e4ufe \u00fcber fllux.shop.<\/p><br><br><p>Diese Website wird betrieben von:<\/p><br><p>\r\n  <strong>Absaugrohre GmbH<\/strong><br>\r\n  Kirchstrasse 30<br>\r\n  87789 Woringen<br>\r\n  Deutschland<br>\r\n  Handelsregister: Amtsgericht Memmingen<br>\r\n  HRB 21749<br>\r\n  Gesch\u00e4ftsf\u00fchrer: Jeroen Zweegers<br>\r\n  USt-IdNr.: DE455554933<br>\r\n  E-Mail: <a href=\"mailto:info@fllux.shop\">info@fllux.shop<\/a>\r\n<\/p><br><br><h2>1. Gesetzliches Widerrufsrecht<\/h2><br><p>Wenn Sie Verbraucher sind, haben Sie grunds\u00e4tzlich das gesetzliche Recht, binnen vierzehn Tagen ohne Angabe von Gr\u00fcnden diesen Vertrag zu widerrufen.<\/p><br><p>Die Widerrufsfrist betr\u00e4gt vierzehn Tage ab dem Tag, an dem Sie oder ein von Ihnen benannter Dritter, der nicht der Bef\u00f6rderer ist, die Waren in Besitz genommen haben bzw. hat.<\/p><br><p>Um Ihr Widerrufsrecht auszu\u00fcben, m\u00fcssen Sie uns mittels einer eindeutigen Erkl\u00e4rung, zum Beispiel per Post oder per E-Mail, \u00fcber Ihren Entschluss, diesen Vertrag zu widerrufen, informieren.<\/p><br><p>Sie k\u00f6nnen daf\u00fcr das unten stehende Muster-Widerrufsformular verwenden, das jedoch nicht vorgeschrieben ist.<\/p><br><br><p>Der Widerruf ist zu richten an:<\/p><br><p>\r\n  <strong>Absaugrohre GmbH<\/strong><br>\r\n  Kirchstrasse 30<br>\r\n  87789 Woringen<br>\r\n  Deutschland<br>\r\n  E-Mail: <a href=\"mailto:info@fllux.shop\">info@fllux.shop<\/a>\r\n<\/p><br><br><p>Zur Wahrung der Widerrufsfrist reicht es aus, dass Sie die Mitteilung \u00fcber die Aus\u00fcbung des Widerrufsrechts vor Ablauf der Widerrufsfrist absenden.<\/p><br><br><h2>2. Folgen des Widerrufs<\/h2><br><p>Wenn Sie diesen Vertrag widerrufen, haben wir Ihnen alle Zahlungen, die wir von Ihnen erhalten haben, einschlie\u00dflich der Lieferkosten f\u00fcr die Standardlieferung, unverz\u00fcglich und sp\u00e4testens binnen vierzehn Tagen ab dem Tag zur\u00fcckzuzahlen, an dem die Mitteilung \u00fcber Ihren Widerruf dieses Vertrags bei uns eingegangen ist.<\/p><br><p>F\u00fcr diese R\u00fcckzahlung verwenden wir dasselbe Zahlungsmittel, das Sie bei der urspr\u00fcnglichen Transaktion eingesetzt haben, es sei denn, mit Ihnen wurde ausdr\u00fccklich etwas anderes vereinbart. In keinem Fall werden Ihnen wegen dieser R\u00fcckzahlung Entgelte berechnet.<\/p><br><p>Wir k\u00f6nnen die R\u00fcckzahlung verweigern, bis wir die Waren wieder zur\u00fcckerhalten haben oder bis Sie den Nachweis erbracht haben, dass Sie die Waren zur\u00fcckgesandt haben, je nachdem, welches der fr\u00fchere Zeitpunkt ist.<\/p><br><p>Sie haben die Waren unverz\u00fcglich und in jedem Fall sp\u00e4testens binnen vierzehn Tagen ab dem Tag, an dem Sie uns \u00fcber den Widerruf dieses Vertrags unterrichten, an uns zur\u00fcckzusenden oder zu \u00fcbergeben. Die Frist ist gewahrt, wenn Sie die Waren vor Ablauf der Frist von vierzehn Tagen absenden.<\/p><br><p>Soweit wir nicht ausdr\u00fccklich etwas anderes vereinbaren, tragen Sie die unmittelbaren Kosten der R\u00fccksendung der Waren bei Aus\u00fcbung des gesetzlichen Widerrufsrechts.<\/p><br><p>Sie m\u00fcssen f\u00fcr einen etwaigen Wertverlust der Waren nur aufkommen, wenn dieser Wertverlust auf einen zur Pr\u00fcfung der Beschaffenheit, Eigenschaften und Funktionsweise der Waren nicht notwendigen Umgang mit ihnen zur\u00fcckzuf\u00fchren ist.<\/p><br><br><h2>3. Muster-Widerrufsformular<\/h2>z<br><p>Wenn Sie den Vertrag widerrufen wollen, dann f\u00fcllen Sie bitte dieses Formular aus und senden Sie es zur\u00fcck.<\/p><br><p>\r\n  An:<br>\r\n  Absaugrohre GmbH<br>\r\n  Kirchstrasse 30<br>\r\n  87789 Woringen<br>\r\n  Deutschland<br>\r\n  E-Mail: <a href=\"mailto:info@fllux.shop\">info@fllux.shop<\/a>\r\n<\/p><br><p>\r\n  Hiermit widerrufe(n) ich\/wir (*) den von mir\/uns (*) abgeschlossenen Vertrag \u00fcber den Kauf der folgenden Waren (*)\/die Erbringung der folgenden Dienstleistung (*)<br>\r\n  Bestellt am (*)\/erhalten am (*)<br>\r\n  Name des\/der Verbraucher(s)<br>\r\n  Anschrift des\/der Verbraucher(s)<br>\r\n  Unterschrift des\/der Verbraucher(s) (nur bei Mitteilung auf Papier)<br>\r\n  Datum<br>\r\n  (*) Unzutreffendes streichen.\r\n<\/p><br><br><h2>4. Freiwilliges 30-Tage-R\u00fcckgaberecht<\/h2><br><p>Zus\u00e4tzlich zu Ihren gesetzlichen Rechten bieten wir f\u00fcr viele Produkte ein freiwilliges R\u00fcckgaberecht von 30 Tagen ab dem Lieferdatum an. Dieses freiwillige R\u00fcckgaberecht beschr\u00e4nkt oder ersetzt keine gesetzlichen Verbraucherrechte, insbesondere nicht das gesetzliche Widerrufsrecht oder Gew\u00e4hrleistungsrechte.<\/p><br><p>Damit eine R\u00fcckgabe unter das freiwillige R\u00fcckgaberecht f\u00e4llt, sollten Produkte vollst\u00e4ndig und nach M\u00f6glichkeit in neuem oder unbenutztem Zustand sowie mit Originalverpackung und Zubeh\u00f6r zur\u00fcckgesendet werden.<\/p><br><p>Wenn eine R\u00fccksendung nicht unter das freiwillige R\u00fcckgaberecht f\u00e4llt, bleiben Ihre gesetzlichen Rechte, soweit anwendbar, unber\u00fchrt.<\/p><br><br><h2>5. Vom gesetzlichen Widerrufsrecht ausgeschlossene Waren<\/h2><br><p>Das gesetzliche Widerrufsrecht besteht in den gesetzlich vorgesehenen F\u00e4llen nicht, insbesondere bei:<\/p><br><ul>\r\n  <li>Waren, die nicht vorgefertigt sind und f\u00fcr deren Herstellung eine individuelle Auswahl oder Bestimmung durch den Verbraucher ma\u00dfgeblich ist oder die eindeutig auf die pers\u00f6nlichen Bed\u00fcrfnisse des Verbrauchers zugeschnitten sind;<\/li>\r\n  <li>versiegelten Waren, die aus Gr\u00fcnden des Gesundheitsschutzes oder der Hygiene nicht zur R\u00fcckgabe geeignet sind, wenn ihre Versiegelung nach der Lieferung entfernt wurde; und<\/li>\r\n  <li>sonstigen F\u00e4llen, in denen das gesetzliche Widerrufsrecht nach anwendbarem Recht ausgeschlossen ist.<\/li>\r\n<\/ul><br><p>Eine Nutzung der Ware \u00fcber die Pr\u00fcfung von Beschaffenheit, Eigenschaften und Funktionsweise hinaus l\u00e4sst das Widerrufsrecht nicht automatisch entfallen, kann jedoch zu einem Wertersatz wegen Wertverlustes f\u00fchren.<\/p><br><br><h2>6. R\u00fccksendekosten im Rahmen des freiwilligen R\u00fcckgaberechts<\/h2><br><p><strong>Deutschland:<\/strong> F\u00fcr berechtigte R\u00fcckgaben innerhalb des freiwilligen 30-Tage-R\u00fcckgabezeitraums bieten wir kostenlose R\u00fccksendungen an. Wenn Ihre R\u00fccksendung qualifiziert ist, stellen wir Ihnen ein vorausbezahltes R\u00fccksendeetikett sowie R\u00fccksendehinweise zur Verf\u00fcgung.<\/p><br><p><strong>\u00d6sterreich, Schweiz, Italien und andere L\u00e4nder:<\/strong> Sofern der Artikel nicht mangelhaft oder fehlerhaft ist, tr\u00e4gt der Kunde die R\u00fccksendekosten im Rahmen des freiwilligen R\u00fcckgaberechts. Bitte kontaktieren Sie unser Support-Team, bevor Sie die Waren zur\u00fccksenden, damit wir Ihnen die R\u00fccksendehinweise mitteilen k\u00f6nnen.<\/p><br><br><h2>7. Sperrige Artikel<\/h2><br><p>F\u00fcr Artikel, die als sperrig eingestuft werden, k\u00f6nnen besondere Bedingungen gelten.<\/p><br><ul>\r\n  <li>Bei R\u00fcckgaben im Rahmen des freiwilligen R\u00fcckgaberechts kann f\u00fcr sperrige Artikel eine Wiedereinlagerungsgeb\u00fchr in H\u00f6he von 10 % des Kaufpreises erhoben werden, um erh\u00f6hte Versand- und Bearbeitungskosten abzudecken.<\/li>\r\n  <li>Die R\u00fccksendekosten f\u00fcr sperrige Artikel im Rahmen des freiwilligen R\u00fcckgaberechts tr\u00e4gt der Kunde; diese k\u00f6nnen vom Erstattungsbetrag abgezogen werden.<\/li>\r\n  <li>Diese besonderen Bedingungen gelten nicht, wenn der Artikel mangelhaft ist oder zwingende gesetzliche Rechte etwas anderes vorsehen.<\/li>\r\n<\/ul><br><br><h2>8. Besch\u00e4digte oder fehlerhafte Artikel<\/h2><br><p>Wenn Sie einen besch\u00e4digten, fehlerhaften oder falschen Artikel erhalten, kontaktieren Sie uns bitte so schnell wie m\u00f6glich, damit wir den Fall pr\u00fcfen und eine geeignete L\u00f6sung anbieten k\u00f6nnen.<\/p><br><p>Eine zeitnahe Mitteilung hilft uns, Ihr Anliegen schneller zu bearbeiten, beschr\u00e4nkt jedoch keine zwingenden gesetzlichen Rechte, die Ihnen zustehen.<\/p><br><br><h2>9. Erstattungsmethode und Erstattungsdauer<\/h2><br><p>Erstattungen erfolgen auf das urspr\u00fcnglich verwendete Zahlungsmittel, sofern nicht ausdr\u00fccklich etwas anderes vereinbart wurde.<\/p><br><p>F\u00fcr gesetzliche Widerrufe richtet sich der Zeitpunkt der R\u00fcckzahlung nach den in Abschnitt 2 beschriebenen Regeln.<\/p><br><p>F\u00fcr R\u00fcckgaben im Rahmen des freiwilligen R\u00fcckgaberechts werden Erstattungen in der Regel bearbeitet, nachdem die zur\u00fcckgesandten Waren eingegangen und gepr\u00fcft worden sind. Bitte rechnen Sie ab Eingang der R\u00fccksendung mit bis zu 14 Tagen Bearbeitungszeit.<\/p><br><br><h2>10. Kontakt<\/h2><br><p>Wenn Sie Fragen zu R\u00fccksendungen, Erstattungen oder Ihrem Widerrufsrecht haben, kontaktieren Sie bitte:<\/p><br><p>\r\n  Absaugrohre GmbH<br>\r\n  Kirchstrasse 30<br>\r\n  87789 Woringen<br>\r\n  Deutschland<br>\r\n  E-Mail: <a href=\"mailto:info@fllux.shop\">info@fllux.shop<\/a>\r\n<\/p><br>\t\t\t\t\t\t\t\t<\/div>\n\t\t\t\t\t<\/div>\n\t\t\t\t<\/div>\n\t\t\t\t<\/div>\n\t\t<div style='text-align:left' class='yasr-auto-insert-visitor'><\/div>","protected":false},"excerpt":{"rendered":"<p>R\u00fcckgabe- und Erstattungsrichtlinie Diese R\u00fcckgabe- und Erstattungsrichtlinie erl\u00e4utert Ihr gesetzliches Widerrufsrecht, unser freiwilliges R\u00fcckgaberecht sowie den Ablauf von R\u00fccksendungen und Erstattungen f\u00fcr Eink\u00e4ufe \u00fcber fllux.shop. Diese Website wird betrieben von: Absaugrohre GmbH Kirchstrasse 30 87789 Woringen Deutschland Handelsregister: Amtsgericht Memmingen HRB 21749 Gesch\u00e4ftsf\u00fchrer: Jeroen Zweegers USt-IdNr.: DE455554933 E-Mail: info@fllux.shop 1. Gesetzliches Widerrufsrecht Wenn Sie Verbraucher [&hellip;]<\/p>\n","protected":false},"author":1,"featured_media":0,"parent":0,"menu_order":0,"comment_status":"closed","ping_status":"closed","template":"elementor_header_footer","meta":{"yasr_overall_rating":0,"yasr_post_is_review":"","yasr_auto_insert_disabled":"","yasr_review_type":"","footnotes":""},"class_list":["post-28269","page","type-page","status-publish","hentry"],"yoast_head":"<!-- This site is optimized with the Yoast SEO plugin v27.2 - https:\/\/yoast.com\/product\/yoast-seo-wordpress\/ -->\n<title>R\u00fcckgaberecht - Fllux Shop<\/title>\n<meta name=\"description\" content=\"Einfache R\u00fccksendungen mit unserem flexiblen R\u00fcckgaberecht \u2013 30 Tage garantiert. Kostenlose R\u00fccksendung, unkomplizierter Ablauf und voller Erstattungsschutz.\" \/>\n<meta name=\"robots\" content=\"index, follow, max-snippet:-1, max-image-preview:large, max-video-preview:-1\" \/>\n<link rel=\"canonical\" href=\"https:\/\/fllux.shop\/de\/rueckgaberecht\/\" \/>\n<meta property=\"og:locale\" content=\"de_DE\" \/>\n<meta property=\"og:type\" content=\"article\" \/>\n<meta property=\"og:title\" content=\"R\u00fcckgaberecht - Fllux Shop\" \/>\n<meta property=\"og:description\" content=\"Einfache R\u00fccksendungen mit unserem flexiblen R\u00fcckgaberecht \u2013 30 Tage garantiert. Kostenlose R\u00fccksendung, unkomplizierter Ablauf und voller Erstattungsschutz.\" \/>\n<meta property=\"og:url\" content=\"https:\/\/fllux.shop\/de\/rueckgaberecht\/\" \/>\n<meta property=\"og:site_name\" content=\"Fllux Shop\" \/>\n<meta property=\"article:publisher\" content=\"https:\/\/facebook.com\/fllux.shop\" \/>\n<meta property=\"article:modified_time\" content=\"2026-03-28T14:04:09+00:00\" \/>\n<meta property=\"og:image\" content=\"https:\/\/flluxcdn.b-cdn.net\/wp-content\/uploads\/2024\/11\/fllux-cover-1.jpg\" \/>\n\t<meta property=\"og:image:width\" content=\"1200\" \/>\n\t<meta property=\"og:image:height\" content=\"675\" \/>\n\t<meta property=\"og:image:type\" content=\"image\/jpeg\" \/>\n<meta name=\"twitter:card\" content=\"summary_large_image\" \/>\n<meta name=\"twitter:label1\" content=\"Gesch\u00e4tzte Lesezeit\" \/>\n\t<meta name=\"twitter:data1\" content=\"3\u00a0Minuten\" \/>\n<script type=\"application\/ld+json\" class=\"yoast-schema-graph\">{\"@context\":\"https:\/\/schema.org\",\"@graph\":[{\"@type\":\"WebPage\",\"@id\":\"https:\/\/fllux.shop\/de\/rueckgaberecht\/\",\"url\":\"https:\/\/fllux.shop\/de\/rueckgaberecht\/\",\"name\":\"R\u00fcckgaberecht - Fllux Shop\",\"isPartOf\":{\"@id\":\"https:\/\/fllux.shop\/de\/#website\"},\"datePublished\":\"2024-10-31T10:36:27+00:00\",\"dateModified\":\"2026-03-28T14:04:09+00:00\",\"description\":\"Einfache R\u00fccksendungen mit unserem flexiblen R\u00fcckgaberecht \u2013 30 Tage garantiert. Kostenlose R\u00fccksendung, unkomplizierter Ablauf und voller Erstattungsschutz.\",\"breadcrumb\":{\"@id\":\"https:\/\/fllux.shop\/de\/rueckgaberecht\/#breadcrumb\"},\"inLanguage\":\"de\",\"potentialAction\":[{\"@type\":\"ReadAction\",\"target\":[\"https:\/\/fllux.shop\/de\/rueckgaberecht\/\"]}]},{\"@type\":\"BreadcrumbList\",\"@id\":\"https:\/\/fllux.shop\/de\/rueckgaberecht\/#breadcrumb\",\"itemListElement\":[{\"@type\":\"ListItem\",\"position\":1,\"name\":\"Home\",\"item\":\"https:\/\/fllux.shop\/de\/\"},{\"@type\":\"ListItem\",\"position\":2,\"name\":\"R\u00fcckgaberecht\"}]},{\"@type\":\"WebSite\",\"@id\":\"https:\/\/fllux.shop\/de\/#website\",\"url\":\"https:\/\/fllux.shop\/de\/\",\"name\":\"Fllux Shop\",\"description\":\"Your Complete Industrial Piping Partner\",\"publisher\":{\"@id\":\"https:\/\/fllux.shop\/de\/#organization\"},\"potentialAction\":[{\"@type\":\"SearchAction\",\"target\":{\"@type\":\"EntryPoint\",\"urlTemplate\":\"https:\/\/fllux.shop\/de\/?s={search_term_string}\"},\"query-input\":{\"@type\":\"PropertyValueSpecification\",\"valueRequired\":true,\"valueName\":\"search_term_string\"}}],\"inLanguage\":\"de\"},{\"@type\":\"Organization\",\"@id\":\"https:\/\/fllux.shop\/de\/#organization\",\"name\":\"Fllux Shop\",\"url\":\"https:\/\/fllux.shop\/de\/\",\"logo\":{\"@type\":\"ImageObject\",\"inLanguage\":\"de\",\"@id\":\"https:\/\/fllux.shop\/de\/#\/schema\/logo\/image\/\",\"url\":\"https:\/\/flluxcdn.b-cdn.net\/wp-content\/uploads\/2023\/11\/cropped-dark-fllux.png\",\"contentUrl\":\"https:\/\/flluxcdn.b-cdn.net\/wp-content\/uploads\/2023\/11\/cropped-dark-fllux.png\",\"width\":400,\"height\":136,\"caption\":\"Fllux Shop\"},\"image\":{\"@id\":\"https:\/\/fllux.shop\/de\/#\/schema\/logo\/image\/\"},\"sameAs\":[\"https:\/\/facebook.com\/fllux.shop\"],\"hasMerchantReturnPolicy\":{\"@type\":\"MerchantReturnPolicy\",\"merchantReturnLink\":\"https:\/\/fllux.shop\/return-policy\/\"}},false]}<\/script>\n<!-- \/ Yoast SEO plugin. -->","yoast_head_json":{"title":"R\u00fcckgaberecht - Fllux Shop","description":"Einfache R\u00fccksendungen mit unserem flexiblen R\u00fcckgaberecht \u2013 30 Tage garantiert. Kostenlose R\u00fccksendung, unkomplizierter Ablauf und voller Erstattungsschutz.","robots":{"index":"index","follow":"follow","max-snippet":"max-snippet:-1","max-image-preview":"max-image-preview:large","max-video-preview":"max-video-preview:-1"},"canonical":"https:\/\/fllux.shop\/de\/rueckgaberecht\/","og_locale":"de_DE","og_type":"article","og_title":"R\u00fcckgaberecht - Fllux Shop","og_description":"Einfache R\u00fccksendungen mit unserem flexiblen R\u00fcckgaberecht \u2013 30 Tage garantiert. Kostenlose R\u00fccksendung, unkomplizierter Ablauf und voller Erstattungsschutz.","og_url":"https:\/\/fllux.shop\/de\/rueckgaberecht\/","og_site_name":"Fllux Shop","article_publisher":"https:\/\/facebook.com\/fllux.shop","article_modified_time":"2026-03-28T14:04:09+00:00","og_image":[{"width":1200,"height":675,"url":"https:\/\/flluxcdn.b-cdn.net\/wp-content\/uploads\/2024\/11\/fllux-cover-1.jpg","type":"image\/jpeg"}],"twitter_card":"summary_large_image","twitter_misc":{"Gesch\u00e4tzte Lesezeit":"3\u00a0Minuten"},"schema":{"@context":"https:\/\/schema.org","@graph":[{"@type":"WebPage","@id":"https:\/\/fllux.shop\/de\/rueckgaberecht\/","url":"https:\/\/fllux.shop\/de\/rueckgaberecht\/","name":"R\u00fcckgaberecht - Fllux Shop","isPartOf":{"@id":"https:\/\/fllux.shop\/de\/#website"},"datePublished":"2024-10-31T10:36:27+00:00","dateModified":"2026-03-28T14:04:09+00:00","description":"Einfache R\u00fccksendungen mit unserem flexiblen R\u00fcckgaberecht \u2013 30 Tage garantiert. Kostenlose R\u00fccksendung, unkomplizierter Ablauf und voller Erstattungsschutz.","breadcrumb":{"@id":"https:\/\/fllux.shop\/de\/rueckgaberecht\/#breadcrumb"},"inLanguage":"de","potentialAction":[{"@type":"ReadAction","target":["https:\/\/fllux.shop\/de\/rueckgaberecht\/"]}]},{"@type":"BreadcrumbList","@id":"https:\/\/fllux.shop\/de\/rueckgaberecht\/#breadcrumb","itemListElement":[{"@type":"ListItem","position":1,"name":"Home","item":"https:\/\/fllux.shop\/de\/"},{"@type":"ListItem","position":2,"name":"R\u00fcckgaberecht"}]},{"@type":"WebSite","@id":"https:\/\/fllux.shop\/de\/#website","url":"https:\/\/fllux.shop\/de\/","name":"Fllux Shop","description":"Your Complete Industrial Piping Partner","publisher":{"@id":"https:\/\/fllux.shop\/de\/#organization"},"potentialAction":[{"@type":"SearchAction","target":{"@type":"EntryPoint","urlTemplate":"https:\/\/fllux.shop\/de\/?s={search_term_string}"},"query-input":{"@type":"PropertyValueSpecification","valueRequired":true,"valueName":"search_term_string"}}],"inLanguage":"de"},{"@type":"Organization","@id":"https:\/\/fllux.shop\/de\/#organization","name":"Fllux Shop","url":"https:\/\/fllux.shop\/de\/","logo":{"@type":"ImageObject","inLanguage":"de","@id":"https:\/\/fllux.shop\/de\/#\/schema\/logo\/image\/","url":"https:\/\/flluxcdn.b-cdn.net\/wp-content\/uploads\/2023\/11\/cropped-dark-fllux.png","contentUrl":"https:\/\/flluxcdn.b-cdn.net\/wp-content\/uploads\/2023\/11\/cropped-dark-fllux.png","width":400,"height":136,"caption":"Fllux Shop"},"image":{"@id":"https:\/\/fllux.shop\/de\/#\/schema\/logo\/image\/"},"sameAs":["https:\/\/facebook.com\/fllux.shop"],"hasMerchantReturnPolicy":{"@type":"MerchantReturnPolicy","merchantReturnLink":"https:\/\/fllux.shop\/return-policy\/"}},false]}},"yasr_visitor_votes":{"stars_attributes":{"read_only":false,"span_bottom":false},"number_of_votes":0,"sum_votes":0},"_links":{"self":[{"href":"https:\/\/fllux.shop\/de\/wp-json\/wp\/v2\/pages\/28269","targetHints":{"allow":["GET"]}}],"collection":[{"href":"https:\/\/fllux.shop\/de\/wp-json\/wp\/v2\/pages"}],"about":[{"href":"https:\/\/fllux.shop\/de\/wp-json\/wp\/v2\/types\/page"}],"author":[{"embeddable":true,"href":"https:\/\/fllux.shop\/de\/wp-json\/wp\/v2\/users\/1"}],"replies":[{"embeddable":true,"href":"https:\/\/fllux.shop\/de\/wp-json\/wp\/v2\/comments?post=28269"}],"version-history":[{"count":4,"href":"https:\/\/fllux.shop\/de\/wp-json\/wp\/v2\/pages\/28269\/revisions"}],"predecessor-version":[{"id":39686,"href":"https:\/\/fllux.shop\/de\/wp-json\/wp\/v2\/pages\/28269\/revisions\/39686"}],"wp:attachment":[{"href":"https:\/\/fllux.shop\/de\/wp-json\/wp\/v2\/media?parent=28269"}],"curies":[{"name":"wp","href":"https:\/\/api.w.org\/{rel}","templated":true}]}}