{"id":23807,"date":"2024-09-20T11:23:53","date_gmt":"2024-09-20T11:23:53","guid":{"rendered":"https:\/\/fllux.shop\/?page_id=23807"},"modified":"2026-03-28T16:12:22","modified_gmt":"2026-03-28T15:12:22","slug":"impressum","status":"publish","type":"page","link":"https:\/\/fllux.shop\/de\/impressum\/","title":{"rendered":"Impressum"},"content":{"rendered":"\t\t<div data-elementor-type=\"wp-page\" data-elementor-id=\"23807\" class=\"elementor elementor-23807\" data-elementor-post-type=\"page\">\n\t\t\t\t<div class=\"elementor-element elementor-element-f835d93 e-flex e-con-boxed e-con e-parent\" data-id=\"f835d93\" data-element_type=\"container\" data-e-type=\"container\">\n\t\t\t\t\t<div class=\"e-con-inner\">\n\t\t\t\t<div class=\"elementor-element elementor-element-bf2167c elementor-widget elementor-widget-text-editor\" data-id=\"bf2167c\" data-element_type=\"widget\" data-e-type=\"widget\" data-widget_type=\"text-editor.default\">\n\t\t\t\t\t\t\t\t\t<h1>Impressum<\/h1>\n\n<p><strong>Fllux.shop wird betrieben von der Absaugrohre GmbH.<\/strong><\/p>\n\n<p>\n  Absaugrohre GmbH<br>\n  Kirchstrasse 30<br>\n  87789 Woringen<br>\n  Deutschland\n<\/p>\n\n<p>\n  Handelsregister: Amtsgericht Memmingen<br>\n  HRB 21749<br>\n  Gesch\u00e4ftsf\u00fchrer: Jeroen Zweegers<br>\n  USt-IdNr.: DE455554933\n<\/p>\n\n<p>\n  Kontaktinformationen:<br>\n  E-Mail: <a href=\"mailto:info@fllux.shop\">info@fllux.shop<\/a><br>\n  Telefon: <a href=\"tel:+491713188815\">+49 (0)171 3188815<\/a><br>\n  Website: <a href=\"https:\/\/fllux.shop\" target=\"_blank\" rel=\"noopener noreferrer\">fllux.shop<\/a>\n<\/p>\n\t\t\t\t\t\t\t\t<\/div>\n\t\t\t\t\t<\/div>\n\t\t\t\t<\/div>\n\t\t\t\t<\/div>\n\t\t<div style='text-align:left' class='yasr-auto-insert-visitor'><\/div>","protected":false},"excerpt":{"rendered":"<p>Impressum Fllux.shop wird betrieben von der Absaugrohre GmbH. Absaugrohre GmbH Kirchstrasse 30 87789 Woringen Deutschland Handelsregister: Amtsgericht Memmingen HRB 21749 Gesch\u00e4ftsf\u00fchrer: Jeroen Zweegers USt-IdNr.: DE455554933 Kontaktinformationen: E-Mail: info@fllux.shop Telefon: +49 (0)171 3188815 Website: fllux.shop<\/p>\n","protected":false},"author":1,"featured_media":0,"parent":0,"menu_order":0,"comment_status":"closed","ping_status":"closed","template":"elementor_header_footer","meta":{"yasr_overall_rating":0,"yasr_post_is_review":"","yasr_auto_insert_disabled":"","yasr_review_type":"","footnotes":""},"class_list":["post-23807","page","type-page","status-publish","hentry"],"yoast_head":"<!-- This site is optimized with the Yoast SEO plugin v27.2 - https:\/\/yoast.com\/product\/yoast-seo-wordpress\/ -->\n<title>Impressum - Fllux Shop<\/title>\n<meta name=\"description\" content=\"Wichtiges Impressum mit Nutzungsbedingungen und Firmendetails. Vollst\u00e4ndige Transparenz \u00fcber unsere Gesch\u00e4ftst\u00e4tigkeiten und Compliance.\" \/>\n<meta name=\"robots\" content=\"index, follow, max-snippet:-1, max-image-preview:large, max-video-preview:-1\" \/>\n<link rel=\"canonical\" href=\"https:\/\/fllux.shop\/de\/impressum\/\" \/>\n<meta property=\"og:locale\" content=\"de_DE\" \/>\n<meta property=\"og:type\" content=\"article\" \/>\n<meta property=\"og:title\" content=\"Impressum - Fllux Shop\" \/>\n<meta property=\"og:description\" content=\"Wichtiges Impressum mit Nutzungsbedingungen und Firmendetails. Vollst\u00e4ndige Transparenz \u00fcber unsere Gesch\u00e4ftst\u00e4tigkeiten und Compliance.\" \/>\n<meta property=\"og:url\" content=\"https:\/\/fllux.shop\/de\/impressum\/\" \/>\n<meta property=\"og:site_name\" content=\"Fllux Shop\" \/>\n<meta property=\"article:publisher\" content=\"https:\/\/facebook.com\/fllux.shop\" \/>\n<meta property=\"article:modified_time\" content=\"2026-03-28T15:12:22+00:00\" \/>\n<meta property=\"og:image\" content=\"https:\/\/flluxcdn.b-cdn.net\/wp-content\/uploads\/2024\/11\/fllux-cover-1.jpg\" \/>\n\t<meta property=\"og:image:width\" content=\"1200\" \/>\n\t<meta property=\"og:image:height\" content=\"675\" \/>\n\t<meta property=\"og:image:type\" content=\"image\/jpeg\" \/>\n<meta name=\"twitter:card\" content=\"summary_large_image\" \/>\n<meta name=\"twitter:label1\" content=\"Gesch\u00e4tzte Lesezeit\" \/>\n\t<meta name=\"twitter:data1\" content=\"1\u00a0Minute\" \/>\n<script type=\"application\/ld+json\" class=\"yoast-schema-graph\">{\"@context\":\"https:\/\/schema.org\",\"@graph\":[{\"@type\":\"WebPage\",\"@id\":\"https:\/\/fllux.shop\/de\/impressum\/\",\"url\":\"https:\/\/fllux.shop\/de\/impressum\/\",\"name\":\"Impressum - Fllux Shop\",\"isPartOf\":{\"@id\":\"https:\/\/fllux.shop\/de\/#website\"},\"datePublished\":\"2024-09-20T11:23:53+00:00\",\"dateModified\":\"2026-03-28T15:12:22+00:00\",\"description\":\"Wichtiges Impressum mit Nutzungsbedingungen und Firmendetails. Vollst\u00e4ndige Transparenz \u00fcber unsere Gesch\u00e4ftst\u00e4tigkeiten und Compliance.\",\"breadcrumb\":{\"@id\":\"https:\/\/fllux.shop\/de\/impressum\/#breadcrumb\"},\"inLanguage\":\"de\",\"potentialAction\":[{\"@type\":\"ReadAction\",\"target\":[\"https:\/\/fllux.shop\/de\/impressum\/\"]}]},{\"@type\":\"BreadcrumbList\",\"@id\":\"https:\/\/fllux.shop\/de\/impressum\/#breadcrumb\",\"itemListElement\":[{\"@type\":\"ListItem\",\"position\":1,\"name\":\"Home\",\"item\":\"https:\/\/fllux.shop\/de\/\"},{\"@type\":\"ListItem\",\"position\":2,\"name\":\"Impressum\"}]},{\"@type\":\"WebSite\",\"@id\":\"https:\/\/fllux.shop\/de\/#website\",\"url\":\"https:\/\/fllux.shop\/de\/\",\"name\":\"Fllux Shop\",\"description\":\"Your Complete Industrial Piping Partner\",\"publisher\":{\"@id\":\"https:\/\/fllux.shop\/de\/#organization\"},\"potentialAction\":[{\"@type\":\"SearchAction\",\"target\":{\"@type\":\"EntryPoint\",\"urlTemplate\":\"https:\/\/fllux.shop\/de\/?s={search_term_string}\"},\"query-input\":{\"@type\":\"PropertyValueSpecification\",\"valueRequired\":true,\"valueName\":\"search_term_string\"}}],\"inLanguage\":\"de\"},{\"@type\":\"Organization\",\"@id\":\"https:\/\/fllux.shop\/de\/#organization\",\"name\":\"Fllux Shop\",\"url\":\"https:\/\/fllux.shop\/de\/\",\"logo\":{\"@type\":\"ImageObject\",\"inLanguage\":\"de\",\"@id\":\"https:\/\/fllux.shop\/de\/#\/schema\/logo\/image\/\",\"url\":\"https:\/\/flluxcdn.b-cdn.net\/wp-content\/uploads\/2023\/11\/cropped-dark-fllux.png\",\"contentUrl\":\"https:\/\/flluxcdn.b-cdn.net\/wp-content\/uploads\/2023\/11\/cropped-dark-fllux.png\",\"width\":400,\"height\":136,\"caption\":\"Fllux Shop\"},\"image\":{\"@id\":\"https:\/\/fllux.shop\/de\/#\/schema\/logo\/image\/\"},\"sameAs\":[\"https:\/\/facebook.com\/fllux.shop\"],\"hasMerchantReturnPolicy\":{\"@type\":\"MerchantReturnPolicy\",\"merchantReturnLink\":\"https:\/\/fllux.shop\/return-policy\/\"}},false]}<\/script>\n<!-- \/ Yoast SEO plugin. -->","yoast_head_json":{"title":"Impressum - Fllux Shop","description":"Wichtiges Impressum mit Nutzungsbedingungen und Firmendetails. Vollst\u00e4ndige Transparenz \u00fcber unsere Gesch\u00e4ftst\u00e4tigkeiten und Compliance.","robots":{"index":"index","follow":"follow","max-snippet":"max-snippet:-1","max-image-preview":"max-image-preview:large","max-video-preview":"max-video-preview:-1"},"canonical":"https:\/\/fllux.shop\/de\/impressum\/","og_locale":"de_DE","og_type":"article","og_title":"Impressum - Fllux Shop","og_description":"Wichtiges Impressum mit Nutzungsbedingungen und Firmendetails. Vollst\u00e4ndige Transparenz \u00fcber unsere Gesch\u00e4ftst\u00e4tigkeiten und Compliance.","og_url":"https:\/\/fllux.shop\/de\/impressum\/","og_site_name":"Fllux Shop","article_publisher":"https:\/\/facebook.com\/fllux.shop","article_modified_time":"2026-03-28T15:12:22+00:00","og_image":[{"width":1200,"height":675,"url":"https:\/\/flluxcdn.b-cdn.net\/wp-content\/uploads\/2024\/11\/fllux-cover-1.jpg","type":"image\/jpeg"}],"twitter_card":"summary_large_image","twitter_misc":{"Gesch\u00e4tzte Lesezeit":"1\u00a0Minute"},"schema":{"@context":"https:\/\/schema.org","@graph":[{"@type":"WebPage","@id":"https:\/\/fllux.shop\/de\/impressum\/","url":"https:\/\/fllux.shop\/de\/impressum\/","name":"Impressum - Fllux Shop","isPartOf":{"@id":"https:\/\/fllux.shop\/de\/#website"},"datePublished":"2024-09-20T11:23:53+00:00","dateModified":"2026-03-28T15:12:22+00:00","description":"Wichtiges Impressum mit Nutzungsbedingungen und Firmendetails. Vollst\u00e4ndige Transparenz \u00fcber unsere Gesch\u00e4ftst\u00e4tigkeiten und Compliance.","breadcrumb":{"@id":"https:\/\/fllux.shop\/de\/impressum\/#breadcrumb"},"inLanguage":"de","potentialAction":[{"@type":"ReadAction","target":["https:\/\/fllux.shop\/de\/impressum\/"]}]},{"@type":"BreadcrumbList","@id":"https:\/\/fllux.shop\/de\/impressum\/#breadcrumb","itemListElement":[{"@type":"ListItem","position":1,"name":"Home","item":"https:\/\/fllux.shop\/de\/"},{"@type":"ListItem","position":2,"name":"Impressum"}]},{"@type":"WebSite","@id":"https:\/\/fllux.shop\/de\/#website","url":"https:\/\/fllux.shop\/de\/","name":"Fllux Shop","description":"Your Complete Industrial Piping Partner","publisher":{"@id":"https:\/\/fllux.shop\/de\/#organization"},"potentialAction":[{"@type":"SearchAction","target":{"@type":"EntryPoint","urlTemplate":"https:\/\/fllux.shop\/de\/?s={search_term_string}"},"query-input":{"@type":"PropertyValueSpecification","valueRequired":true,"valueName":"search_term_string"}}],"inLanguage":"de"},{"@type":"Organization","@id":"https:\/\/fllux.shop\/de\/#organization","name":"Fllux Shop","url":"https:\/\/fllux.shop\/de\/","logo":{"@type":"ImageObject","inLanguage":"de","@id":"https:\/\/fllux.shop\/de\/#\/schema\/logo\/image\/","url":"https:\/\/flluxcdn.b-cdn.net\/wp-content\/uploads\/2023\/11\/cropped-dark-fllux.png","contentUrl":"https:\/\/flluxcdn.b-cdn.net\/wp-content\/uploads\/2023\/11\/cropped-dark-fllux.png","width":400,"height":136,"caption":"Fllux Shop"},"image":{"@id":"https:\/\/fllux.shop\/de\/#\/schema\/logo\/image\/"},"sameAs":["https:\/\/facebook.com\/fllux.shop"],"hasMerchantReturnPolicy":{"@type":"MerchantReturnPolicy","merchantReturnLink":"https:\/\/fllux.shop\/return-policy\/"}},false]}},"yasr_visitor_votes":{"stars_attributes":{"read_only":false,"span_bottom":false},"number_of_votes":0,"sum_votes":0},"_links":{"self":[{"href":"https:\/\/fllux.shop\/de\/wp-json\/wp\/v2\/pages\/23807","targetHints":{"allow":["GET"]}}],"collection":[{"href":"https:\/\/fllux.shop\/de\/wp-json\/wp\/v2\/pages"}],"about":[{"href":"https:\/\/fllux.shop\/de\/wp-json\/wp\/v2\/types\/page"}],"author":[{"embeddable":true,"href":"https:\/\/fllux.shop\/de\/wp-json\/wp\/v2\/users\/1"}],"replies":[{"embeddable":true,"href":"https:\/\/fllux.shop\/de\/wp-json\/wp\/v2\/comments?post=23807"}],"version-history":[{"count":3,"href":"https:\/\/fllux.shop\/de\/wp-json\/wp\/v2\/pages\/23807\/revisions"}],"predecessor-version":[{"id":39707,"href":"https:\/\/fllux.shop\/de\/wp-json\/wp\/v2\/pages\/23807\/revisions\/39707"}],"wp:attachment":[{"href":"https:\/\/fllux.shop\/de\/wp-json\/wp\/v2\/media?parent=23807"}],"curies":[{"name":"wp","href":"https:\/\/api.w.org\/{rel}","templated":true}]}}